{"id":82,"date":"2021-11-01T11:00:15","date_gmt":"2021-11-01T10:00:15","guid":{"rendered":"https:\/\/bundesarchiv.wa-dev.de\/?page_id=82"},"modified":"2021-11-01T11:00:27","modified_gmt":"2021-11-01T10:00:27","slug":"impressum","status":"publish","type":"page","link":"https:\/\/recherche-bundesarchiv.de\/pl\/odcisk\/","title":{"rendered":"Nadruk"},"content":{"rendered":"<h1>Nadruk<\/h1>\nThomas Pruschwitz<br>\nad acta<br>\nNad jeziorem Petzin 37<br>\n14548 Schwielowsee (OT Geltow)\n\n<p>&nbsp;<\/p>\n<p>&nbsp;<\/p>\n<h2>ZAWIADOMIENIE ZGODNIE Z ROZPORZ\u0104DZENIEM W SPRAWIE INTERNETOWEGO SYSTEMU ROZSTRZYGANIA SPOR\u00d3W<\/h2>\n\n<p>Chcieliby\u015bmy jednak zaznaczy\u0107, \u017ce nie jeste\u015bmy przygotowani do udzia\u0142u w procedurze rozstrzygania spor\u00f3w w ramach europejskiej platformy internetowego rozstrzygania spor\u00f3w. W celu skontaktowania si\u0119 z nami prosimy o skorzystanie z naszego e-maila i numeru telefonu podanego powy\u017cej.<\/p>\n<p>&nbsp;<\/p>\n<h2>ZRZECZENIE SI\u0118 ODPOWIEDZIALNO\u015aCI - INFORMACJE PRAWNE<\/h2>\n\u00a7 1 Ostrze\u017cenie dotycz\u0105ce tre\u015bci<br>\nBezp\u0142atne i og\u00f3lnodost\u0119pne tre\u015bci zawarte na tej stronie zosta\u0142y stworzone z najwi\u0119ksz\u0105 staranno\u015bci\u0105. Dostawca tej strony nie gwarantuje jednak dok\u0142adno\u015bci i aktualno\u015bci udost\u0119pnianych bezp\u0142atnych i og\u00f3lnodost\u0119pnych poradnik\u00f3w dziennikarskich i wiadomo\u015bci. Wk\u0142ady oznaczone nazwiskiem odzwierciedlaj\u0105 opini\u0119 danego autora i nie zawsze s\u0105 zgodne z opini\u0105 dostawcy. Sam fakt wywo\u0142ania bezp\u0142atnych i swobodnie dost\u0119pnych tre\u015bci nie tworzy \u017cadnego stosunku umownego mi\u0119dzy u\u017cytkownikiem a dostawc\u0105; w tym wzgl\u0119dzie brak jest zamiaru prawnego dostawcy.\n\u00a7 2 Linki zewn\u0119trzne<br>\nNiniejsza witryna zawiera linki do stron internetowych os\u00f3b trzecich (\"linki zewn\u0119trzne\"). Odpowiedzialno\u015b\u0107 za te strony ponosz\u0105 ich operatorzy. Przy pierwszym tworzeniu link\u00f3w zewn\u0119trznych dostawca sprawdzi\u0142, czy tre\u015bci zewn\u0119trzne nie naruszaj\u0105 prawa. W tym czasie nie stwierdzono \u017cadnych narusze\u0144 prawa. Dostawca nie ma wp\u0142ywu na aktualny i przysz\u0142y wygl\u0105d oraz zawarto\u015b\u0107 stron, do kt\u00f3rych prowadz\u0105 odno\u015bniki. Zamieszczenie link\u00f3w zewn\u0119trznych nie oznacza, \u017ce dostawca przyjmuje tre\u015bci znajduj\u0105ce si\u0119 za danym odno\u015bnikiem lub linkiem za w\u0142asne. Nie jest uzasadnione, aby dostawca stale monitorowa\u0142 linki zewn\u0119trzne bez konkretnych wskaz\u00f3wek dotycz\u0105cych narusze\u0144 prawa. Takie linki zewn\u0119trzne b\u0119d\u0105 jednak niezw\u0142ocznie usuwane w przypadku ujawnienia narusze\u0144 prawa.\n\u00a7 3 Prawa autorskie i prawa pokrewne<br>\nTre\u015bci opublikowane na tej stronie podlegaj\u0105 niemieckiemu prawu autorskiemu i innym prawom autorskim. Ka\u017cde u\u017cycie, kt\u00f3re nie jest dozwolone przez niemieckie prawo autorskie i inne prawa autorskie, wymaga uprzedniej pisemnej zgody oferenta lub odpowiedniego w\u0142a\u015bciciela praw. Dotyczy to w szczeg\u00f3lno\u015bci kopiowania, edytowania, t\u0142umaczenia, przechowywania, przetwarzania lub powielania tre\u015bci w bazach danych lub innych elektronicznych mediach i systemach. Tre\u015bci i prawa os\u00f3b trzecich s\u0105 oznaczone jako takie. Niedozwolone powielanie lub przekazywanie poszczeg\u00f3lnych tre\u015bci lub ca\u0142ych stron jest niedozwolone i podlega karze prawnej. Dozwolone jest jedynie tworzenie kopii i pobieranie do u\u017cytku osobistego, prywatnego i niekomercyjnego.\n<p>Wy\u015bwietlanie tej strony w zewn\u0119trznych ramkach jest dozwolone tylko za pisemn\u0105 zgod\u0105.<\/p>\n\u00a7 4 Szczeg\u00f3lne warunki u\u017cytkowania<br>\nO ile specjalne warunki dotycz\u0105ce indywidualnego korzystania z tej strony internetowej odbiegaj\u0105 od wy\u017cej wymienionych punkt\u00f3w, zostanie to wyra\u017anie zaznaczone w odpowiednim miejscu. W takim przypadku obowi\u0105zuj\u0105 specjalne warunki u\u017cytkowania w danym indywidualnym przypadku.","protected":false},"excerpt":{"rendered":"<p>Impressum Thomas Pruschwitz ad acta Am Petzinsee 37 14548 Schwielowsee (OT Geltow) &nbsp; &nbsp; HINWEIS GEM\u00c4SS ONLINE-STREITBEILEGUNGS-VERORDNUN Wir weisen aber darauf hin, dass wir nicht bereit sind, uns am Streitbeilegungsverfahren im Rahmen der Europ\u00e4ischen Online-Streitbeilegungs-Plattform zu beteiligen. Nutzen Sie zur Kontaktaufnahme bitte unsere obige E-Mail und Telefonnummer. &nbsp; DISCLAIMER &#8211; RECHTLICHE HINWEISE \u00a7 1 Warnhinweis [&hellip;]<\/p>\n","protected":false},"author":1,"featured_media":0,"parent":0,"menu_order":0,"comment_status":"closed","ping_status":"closed","template":"","meta":{"ocean_post_layout":"full-width","ocean_both_sidebars_style":"","ocean_both_sidebars_content_width":0,"ocean_both_sidebars_sidebars_width":0,"ocean_sidebar":"0","ocean_second_sidebar":"0","ocean_disable_margins":"enable","ocean_add_body_class":"","ocean_shortcode_before_top_bar":"","ocean_shortcode_after_top_bar":"","ocean_shortcode_before_header":"","ocean_shortcode_after_header":"","ocean_has_shortcode":"","ocean_shortcode_after_title":"","ocean_shortcode_before_footer_widgets":"","ocean_shortcode_after_footer_widgets":"","ocean_shortcode_before_footer_bottom":"","ocean_shortcode_after_footer_bottom":"","ocean_display_top_bar":"default","ocean_display_header":"default","ocean_header_style":"","ocean_center_header_left_menu":"0","ocean_custom_header_template":"0","ocean_custom_logo":0,"ocean_custom_retina_logo":0,"ocean_custom_logo_max_width":0,"ocean_custom_logo_tablet_max_width":0,"ocean_custom_logo_mobile_max_width":0,"ocean_custom_logo_max_height":0,"ocean_custom_logo_tablet_max_height":0,"ocean_custom_logo_mobile_max_height":0,"ocean_header_custom_menu":"0","ocean_menu_typo_font_family":"0","ocean_menu_typo_font_subset":"","ocean_menu_typo_font_size":0,"ocean_menu_typo_font_size_tablet":0,"ocean_menu_typo_font_size_mobile":0,"ocean_menu_typo_font_size_unit":"px","ocean_menu_typo_font_weight":"","ocean_menu_typo_font_weight_tablet":"","ocean_menu_typo_font_weight_mobile":"","ocean_menu_typo_transform":"","ocean_menu_typo_transform_tablet":"","ocean_menu_typo_transform_mobile":"","ocean_menu_typo_line_height":0,"ocean_menu_typo_line_height_tablet":0,"ocean_menu_typo_line_height_mobile":0,"ocean_menu_typo_line_height_unit":"","ocean_menu_typo_spacing":0,"ocean_menu_typo_spacing_tablet":0,"ocean_menu_typo_spacing_mobile":0,"ocean_menu_typo_spacing_unit":"","ocean_menu_link_color":"","ocean_menu_link_color_hover":"","ocean_menu_link_color_active":"","ocean_menu_link_background":"","ocean_menu_link_hover_background":"","ocean_menu_link_active_background":"","ocean_menu_social_links_bg":"","ocean_menu_social_hover_links_bg":"","ocean_menu_social_links_color":"","ocean_menu_social_hover_links_color":"","ocean_disable_title":"on","ocean_disable_heading":"default","ocean_post_title":"","ocean_post_subheading":"","ocean_post_title_style":"","ocean_post_title_background_color":"","ocean_post_title_background":0,"ocean_post_title_bg_image_position":"","ocean_post_title_bg_image_attachment":"","ocean_post_title_bg_image_repeat":"","ocean_post_title_bg_image_size":"","ocean_post_title_height":0,"ocean_post_title_bg_overlay":0.5,"ocean_post_title_bg_overlay_color":"","ocean_disable_breadcrumbs":"default","ocean_breadcrumbs_color":"","ocean_breadcrumbs_separator_color":"","ocean_breadcrumbs_links_color":"","ocean_breadcrumbs_links_hover_color":"","ocean_display_footer_widgets":"default","ocean_display_footer_bottom":"default","ocean_custom_footer_template":"0","footnotes":""},"class_list":["post-82","page","type-page","status-publish","hentry","entry"],"yoast_head":"<!-- This site is optimized with the Yoast SEO plugin v27.4 - https:\/\/yoast.com\/product\/yoast-seo-wordpress\/ -->\n<title>Impressum - Recherchedienst Bundesarchiv Berlin<\/title>\n<meta name=\"robots\" content=\"index, follow, max-snippet:-1, max-image-preview:large, max-video-preview:-1\" \/>\n<link rel=\"canonical\" href=\"https:\/\/recherche-bundesarchiv.de\/pl\/odcisk\/\" \/>\n<meta property=\"og:locale\" content=\"pl_PL\" \/>\n<meta property=\"og:type\" content=\"article\" \/>\n<meta property=\"og:title\" content=\"Impressum - Recherchedienst Bundesarchiv Berlin\" \/>\n<meta property=\"og:description\" content=\"Impressum Thomas Pruschwitz ad acta Am Petzinsee 37 14548 Schwielowsee (OT Geltow) &nbsp; &nbsp; HINWEIS GEM\u00c4SS ONLINE-STREITBEILEGUNGS-VERORDNUN Wir weisen aber darauf hin, dass wir nicht bereit sind, uns am Streitbeilegungsverfahren im Rahmen der Europ\u00e4ischen Online-Streitbeilegungs-Plattform zu beteiligen. Nutzen Sie zur Kontaktaufnahme bitte unsere obige E-Mail und Telefonnummer. &nbsp; DISCLAIMER &#8211; RECHTLICHE HINWEISE \u00a7 1 Warnhinweis [&hellip;]\" \/>\n<meta property=\"og:url\" content=\"https:\/\/recherche-bundesarchiv.de\/pl\/odcisk\/\" \/>\n<meta property=\"og:site_name\" content=\"Recherchedienst Bundesarchiv Berlin\" \/>\n<meta property=\"article:modified_time\" content=\"2021-11-01T10:00:27+00:00\" \/>\n<meta name=\"twitter:card\" content=\"summary_large_image\" \/>\n<meta name=\"twitter:label1\" content=\"Szacowany czas czytania\" \/>\n\t<meta name=\"twitter:data1\" content=\"2 minuty\" \/>\n<script type=\"application\/ld+json\" class=\"yoast-schema-graph\">{\"@context\":\"https:\\\/\\\/schema.org\",\"@graph\":[{\"@type\":\"WebPage\",\"@id\":\"https:\\\/\\\/recherche-bundesarchiv.de\\\/impressum\\\/\",\"url\":\"https:\\\/\\\/recherche-bundesarchiv.de\\\/impressum\\\/\",\"name\":\"Impressum - Recherchedienst Bundesarchiv Berlin\",\"isPartOf\":{\"@id\":\"https:\\\/\\\/recherche-bundesarchiv.de\\\/#website\"},\"datePublished\":\"2021-11-01T10:00:15+00:00\",\"dateModified\":\"2021-11-01T10:00:27+00:00\",\"breadcrumb\":{\"@id\":\"https:\\\/\\\/recherche-bundesarchiv.de\\\/impressum\\\/#breadcrumb\"},\"inLanguage\":\"pl-PL\",\"potentialAction\":[{\"@type\":\"ReadAction\",\"target\":[\"https:\\\/\\\/recherche-bundesarchiv.de\\\/impressum\\\/\"]}]},{\"@type\":\"BreadcrumbList\",\"@id\":\"https:\\\/\\\/recherche-bundesarchiv.de\\\/impressum\\\/#breadcrumb\",\"itemListElement\":[{\"@type\":\"ListItem\",\"position\":1,\"name\":\"Home\",\"item\":\"https:\\\/\\\/recherche-bundesarchiv.de\\\/\"},{\"@type\":\"ListItem\",\"position\":2,\"name\":\"Impressum\"}]},{\"@type\":\"WebSite\",\"@id\":\"https:\\\/\\\/recherche-bundesarchiv.de\\\/#website\",\"url\":\"https:\\\/\\\/recherche-bundesarchiv.de\\\/\",\"name\":\"Recherchedienst Bundesarchiv Berlin\",\"description\":\"Recherche Bundesarchiv Berlin\",\"publisher\":{\"@id\":\"https:\\\/\\\/recherche-bundesarchiv.de\\\/#organization\"},\"potentialAction\":[{\"@type\":\"SearchAction\",\"target\":{\"@type\":\"EntryPoint\",\"urlTemplate\":\"https:\\\/\\\/recherche-bundesarchiv.de\\\/?s={search_term_string}\"},\"query-input\":{\"@type\":\"PropertyValueSpecification\",\"valueRequired\":true,\"valueName\":\"search_term_string\"}}],\"inLanguage\":\"pl-PL\"},{\"@type\":\"Organization\",\"@id\":\"https:\\\/\\\/recherche-bundesarchiv.de\\\/#organization\",\"name\":\"Recherchedienst Bundesarchiv Berlin\",\"url\":\"https:\\\/\\\/recherche-bundesarchiv.de\\\/\",\"logo\":{\"@type\":\"ImageObject\",\"inLanguage\":\"pl-PL\",\"@id\":\"https:\\\/\\\/recherche-bundesarchiv.de\\\/#\\\/schema\\\/logo\\\/image\\\/\",\"url\":\"https:\\\/\\\/recherche-bundesarchiv.de\\\/wp-content\\\/uploads\\\/2021\\\/11\\\/cropped-ad-acta-recherchen-bundesarchiv-logo@2x.png\",\"contentUrl\":\"https:\\\/\\\/recherche-bundesarchiv.de\\\/wp-content\\\/uploads\\\/2021\\\/11\\\/cropped-ad-acta-recherchen-bundesarchiv-logo@2x.png\",\"width\":374,\"height\":102,\"caption\":\"Recherchedienst Bundesarchiv Berlin\"},\"image\":{\"@id\":\"https:\\\/\\\/recherche-bundesarchiv.de\\\/#\\\/schema\\\/logo\\\/image\\\/\"}}]}<\/script>\n<!-- \/ Yoast SEO plugin. -->","yoast_head_json":{"title":"Stopka redakcyjna - Serwis Badawczy Archiwum Federalne w Berlinie","robots":{"index":"index","follow":"follow","max-snippet":"max-snippet:-1","max-image-preview":"max-image-preview:large","max-video-preview":"max-video-preview:-1"},"canonical":"https:\/\/recherche-bundesarchiv.de\/pl\/odcisk\/","og_locale":"pl_PL","og_type":"article","og_title":"Impressum - Recherchedienst Bundesarchiv Berlin","og_description":"Impressum Thomas Pruschwitz ad acta Am Petzinsee 37 14548 Schwielowsee (OT Geltow) &nbsp; &nbsp; HINWEIS GEM\u00c4SS ONLINE-STREITBEILEGUNGS-VERORDNUN Wir weisen aber darauf hin, dass wir nicht bereit sind, uns am Streitbeilegungsverfahren im Rahmen der Europ\u00e4ischen Online-Streitbeilegungs-Plattform zu beteiligen. Nutzen Sie zur Kontaktaufnahme bitte unsere obige E-Mail und Telefonnummer. &nbsp; DISCLAIMER &#8211; RECHTLICHE HINWEISE \u00a7 1 Warnhinweis [&hellip;]","og_url":"https:\/\/recherche-bundesarchiv.de\/pl\/odcisk\/","og_site_name":"Recherchedienst Bundesarchiv Berlin","article_modified_time":"2021-11-01T10:00:27+00:00","twitter_card":"summary_large_image","twitter_misc":{"Szacowany czas czytania":"2 minuty"},"schema":{"@context":"https:\/\/schema.org","@graph":[{"@type":"WebPage","@id":"https:\/\/recherche-bundesarchiv.de\/impressum\/","url":"https:\/\/recherche-bundesarchiv.de\/impressum\/","name":"Stopka redakcyjna - Serwis Badawczy Archiwum Federalne w Berlinie","isPartOf":{"@id":"https:\/\/recherche-bundesarchiv.de\/#website"},"datePublished":"2021-11-01T10:00:15+00:00","dateModified":"2021-11-01T10:00:27+00:00","breadcrumb":{"@id":"https:\/\/recherche-bundesarchiv.de\/impressum\/#breadcrumb"},"inLanguage":"pl-PL","potentialAction":[{"@type":"ReadAction","target":["https:\/\/recherche-bundesarchiv.de\/impressum\/"]}]},{"@type":"BreadcrumbList","@id":"https:\/\/recherche-bundesarchiv.de\/impressum\/#breadcrumb","itemListElement":[{"@type":"ListItem","position":1,"name":"Home","item":"https:\/\/recherche-bundesarchiv.de\/"},{"@type":"ListItem","position":2,"name":"Impressum"}]},{"@type":"WebSite","@id":"https:\/\/recherche-bundesarchiv.de\/#website","url":"https:\/\/recherche-bundesarchiv.de\/","name":"S\u0142u\u017cba Badawcza Archiwum Federalne Berlin","description":"Badania Archiwum Federalnego w Berlinie","publisher":{"@id":"https:\/\/recherche-bundesarchiv.de\/#organization"},"potentialAction":[{"@type":"SearchAction","target":{"@type":"EntryPoint","urlTemplate":"https:\/\/recherche-bundesarchiv.de\/?s={search_term_string}"},"query-input":{"@type":"PropertyValueSpecification","valueRequired":true,"valueName":"search_term_string"}}],"inLanguage":"pl-PL"},{"@type":"Organization","@id":"https:\/\/recherche-bundesarchiv.de\/#organization","name":"S\u0142u\u017cba Badawcza Archiwum Federalne Berlin","url":"https:\/\/recherche-bundesarchiv.de\/","logo":{"@type":"ImageObject","inLanguage":"pl-PL","@id":"https:\/\/recherche-bundesarchiv.de\/#\/schema\/logo\/image\/","url":"https:\/\/recherche-bundesarchiv.de\/wp-content\/uploads\/2021\/11\/cropped-ad-acta-recherchen-bundesarchiv-logo@2x.png","contentUrl":"https:\/\/recherche-bundesarchiv.de\/wp-content\/uploads\/2021\/11\/cropped-ad-acta-recherchen-bundesarchiv-logo@2x.png","width":374,"height":102,"caption":"Recherchedienst Bundesarchiv Berlin"},"image":{"@id":"https:\/\/recherche-bundesarchiv.de\/#\/schema\/logo\/image\/"}}]}},"_links":{"self":[{"href":"https:\/\/recherche-bundesarchiv.de\/pl\/wp-json\/wp\/v2\/pages\/82","targetHints":{"allow":["GET"]}}],"collection":[{"href":"https:\/\/recherche-bundesarchiv.de\/pl\/wp-json\/wp\/v2\/pages"}],"about":[{"href":"https:\/\/recherche-bundesarchiv.de\/pl\/wp-json\/wp\/v2\/types\/page"}],"author":[{"embeddable":true,"href":"https:\/\/recherche-bundesarchiv.de\/pl\/wp-json\/wp\/v2\/users\/1"}],"replies":[{"embeddable":true,"href":"https:\/\/recherche-bundesarchiv.de\/pl\/wp-json\/wp\/v2\/comments?post=82"}],"version-history":[{"count":3,"href":"https:\/\/recherche-bundesarchiv.de\/pl\/wp-json\/wp\/v2\/pages\/82\/revisions"}],"predecessor-version":[{"id":85,"href":"https:\/\/recherche-bundesarchiv.de\/pl\/wp-json\/wp\/v2\/pages\/82\/revisions\/85"}],"wp:attachment":[{"href":"https:\/\/recherche-bundesarchiv.de\/pl\/wp-json\/wp\/v2\/media?parent=82"}],"curies":[{"name":"wp","href":"https:\/\/api.w.org\/{rel}","templated":true}]}}