{"id":77,"date":"2021-11-01T10:57:18","date_gmt":"2021-11-01T09:57:18","guid":{"rendered":"https:\/\/bundesarchiv.wa-dev.de\/?page_id=77"},"modified":"2021-11-01T10:59:11","modified_gmt":"2021-11-01T09:59:11","slug":"datenschutz","status":"publish","type":"page","link":"https:\/\/recherche-bundesarchiv.de\/pl\/ochrona-danych\/","title":{"rendered":"Polityka prywatno\u015bci"},"content":{"rendered":"<h1>Polityka prywatno\u015bci<\/h1>\n\n\n<p>Administratorem danych dla tej strony jest:<\/p>\nThomas Pruschwitz<br \/>\nad acta<br \/>\nNad jeziorem Petzin 37<br \/>\n14548 Schwielowsee (OT Geltow)\n<p>&nbsp;<\/p>\n<p>Administrator samodzielnie lub wsp\u00f3lnie z innymi decyduje o celach i \u015brodkach przetwarzania danych osobowych (np. nazwiska, dane kontaktowe lub podobne).<\/p>\n\n<p>Niekt\u00f3re operacje przetwarzania danych s\u0105 mo\u017cliwe tylko za Pa\u0144stwa wyra\u017an\u0105 zgod\u0105. W ka\u017cdej chwili mo\u017cesz cofn\u0105\u0107 swoj\u0105 zgod\u0119. Do odwo\u0142ania wystarczy nieformalna komunikacja za po\u015brednictwem poczty elektronicznej. Odwo\u0142anie nie wp\u0142ywa na zgodno\u015b\u0107 z prawem przetwarzania danych, kt\u00f3re mia\u0142o miejsce do momentu odwo\u0142ania.<\/p>\n\n<p>Jako osoba, kt\u00f3rej dotycz\u0105 dane, maj\u0105 Pa\u0144stwo prawo do z\u0142o\u017cenia skargi do w\u0142a\u015bciwego organu nadzorczego w przypadku naruszenia ochrony danych. W\u0142a\u015bciwym organem nadzorczym w sprawach ochrony danych jest krajowy pe\u0142nomocnik ds. ochrony danych kraju zwi\u0105zkowego, w kt\u00f3rym znajduje si\u0119 siedziba naszej firmy. Poni\u017cszy link zawiera list\u0119 inspektor\u00f3w ochrony danych i ich dane kontaktowe:\u00a0<a href=\"https:\/\/www.bfdi.bund.de\/DE\/Infothek\/Anschriften_Links\/anschriften_links-node.html\" target=\"_blank\" rel=\"noopener\">https:\/\/www.bfdi.bund.de\/DE\/Infothek\/Anschriften_Links\/anschriften_links-node.html<\/a>.<\/p>\n\n<p>Maj\u0105 Pa\u0144stwo prawo do tego, aby dane, kt\u00f3re przetwarzamy automatycznie na podstawie Pa\u0144stwa zgody lub w ramach realizacji umowy, zosta\u0142y przekazane Pa\u0144stwu lub osobom trzecim. Dane b\u0119d\u0105 dostarczane w formacie nadaj\u0105cym si\u0119 do odczytu maszynowego. Je\u017celi za\u017c\u0105daj\u0105 Pa\u0144stwo bezpo\u015bredniego przekazania danych do innej osoby odpowiedzialnej, nast\u0105pi to tylko w takim zakresie, w jakim jest to technicznie mo\u017cliwe.<\/p>\n\n<p>W ramach obowi\u0105zuj\u0105cych przepis\u00f3w prawnych maj\u0105 Pa\u0144stwo w ka\u017cdej chwili prawo do bezp\u0142atnej informacji o swoich zapisanych danych osobowych, pochodzeniu danych, ich odbiorcach i celu przetwarzania danych oraz, w razie potrzeby, prawo do korekty, zablokowania lub usuni\u0119cia tych danych. W zwi\u0105zku z tym, a tak\u017ce w przypadku dalszych pyta\u0144 dotycz\u0105cych danych osobowych, mog\u0105 Pa\u0144stwo w ka\u017cdej chwili skontaktowa\u0107 si\u0119 z nami za po\u015brednictwem opcji kontaktowych wymienionych w stopce redakcyjnej.<\/p>\n\n<p>Ze wzgl\u0119d\u00f3w bezpiecze\u0144stwa oraz w celu ochrony transmisji poufnych tre\u015bci przesy\u0142anych przez u\u017cytkownik\u00f3w do nas jako operatora witryny, nasza witryna wykorzystuje szyfrowanie SSL lub TLS. Oznacza to, \u017ce dane przekazywane przez u\u017cytkownika za po\u015brednictwem tej witryny nie mog\u0105 by\u0107 odczytywane przez osoby trzecie. Po\u0142\u0105czenie szyfrowane mo\u017cna rozpozna\u0107 po wierszu adresu \"https:\/\/\" w przegl\u0105darce oraz symbolu k\u0142\u00f3dki w wierszu przegl\u0105darki.<\/p>\n\n<p>W plikach dziennika serwera dostawca strony internetowej automatycznie gromadzi i zapisuje informacje, kt\u00f3re Pa\u0144stwa przegl\u0105darka automatycznie przekazuje do nas. S\u0105 to:<\/p>\n<ul>\n<li>Odwiedzana strona na naszej domenie<\/li>\n<li>Data i czas \u017c\u0105dania serwera<\/li>\n<li>Typ i wersja przegl\u0105darki<\/li>\n<li>Zastosowany system operacyjny<\/li>\n<li>URL odsy\u0142aj\u0105cego<\/li>\n<li>Nazwa hosta komputera dost\u0119powego<\/li>\n<li>Adres IP<\/li>\n<\/ul>\n<p>Dane te nie s\u0105 \u0142\u0105czone z innymi \u017ar\u00f3d\u0142ami danych. Przetwarzanie danych odbywa si\u0119 na podstawie art. 6 ust. 1 lit. b DSGVO, kt\u00f3ry zezwala na przetwarzanie danych w celu realizacji umowy lub dzia\u0142a\u0144 przedumownych.<\/p>\n\n<p>Dane przekazane za po\u015brednictwem formularza kontaktowego, w tym Pa\u0144stwa dane kontaktowe, s\u0105 przechowywane w celu umo\u017cliwienia przetworzenia Pa\u0144stwa zapytania lub udost\u0119pnienia ich w przypadku dalszych pyta\u0144. Dane te nie b\u0119d\u0105 przekazywane dalej bez Pa\u0144stwa zgody.<\/p>\n<p>Dane wpisane w formularzu kontaktowym s\u0105 przetwarzane wy\u0142\u0105cznie na podstawie Pa\u0144stwa zgody (art. 6 ust. 1 lit. a DSGVO). U\u017cytkownik mo\u017ce w ka\u017cdej chwili odwo\u0142a\u0107 swoj\u0105 zgod\u0119. Do odwo\u0142ania wystarczy nieformalna komunikacja za po\u015brednictwem poczty elektronicznej. Odwo\u0142anie nie wp\u0142ywa na zgodno\u015b\u0107 z prawem operacji przetwarzania danych, kt\u00f3re zosta\u0142y przeprowadzone do momentu odwo\u0142ania.<\/p>\n<p>Dane przes\u0142ane za po\u015brednictwem formularza kontaktowego pozostaj\u0105 u nas do czasu, gdy u\u017cytkownik za\u017c\u0105da ich usuni\u0119cia, cofnie zgod\u0119 na ich przechowywanie lub gdy nie b\u0119dzie ju\u017c potrzeby ich przechowywania. Obowi\u0105zkowe przepisy prawne - w szczeg\u00f3lno\u015bci dotycz\u0105ce okres\u00f3w zatrzymywania danych - pozostaj\u0105 bez zmian.<\/p>\n\n<p>Nasza strona u\u017cywa plik\u00f3w cookie. S\u0105 to ma\u0142e pliki tekstowe, kt\u00f3re przegl\u0105darka internetowa przechowuje na urz\u0105dzeniu ko\u0144cowym. Pliki cookie pomagaj\u0105 nam uczyni\u0107 nasz\u0105 stron\u0119 bardziej przyjazn\u0105 dla u\u017cytkownika, skuteczn\u0105 i bezpieczn\u0105.<\/p>\n<p>Niekt\u00f3re pliki cookie to \"pliki cookie sesji\". Takie pliki cookie s\u0105 automatycznie usuwane po zako\u0144czeniu sesji przegl\u0105darki. Z drugiej strony, inne pliki cookie pozostaj\u0105 na urz\u0105dzeniu ko\u0144cowym u\u017cytkownika do momentu ich samodzielnego usuni\u0119cia. Takie pliki cookie pomagaj\u0105 nam rozpozna\u0107 u\u017cytkownika, gdy ponownie odwiedzi nasz\u0105 witryn\u0119.<\/p>\n<p>Za pomoc\u0105 nowoczesnej przegl\u0105darki internetowej mo\u017cna monitorowa\u0107, ogranicza\u0107 lub zapobiega\u0107 ustawianiu plik\u00f3w cookie. Wiele przegl\u0105darek internetowych mo\u017cna skonfigurowa\u0107 tak, aby pliki cookie by\u0142y usuwane automatycznie po zamkni\u0119ciu programu. Dezaktywacja plik\u00f3w cookies mo\u017ce spowodowa\u0107 ograniczenie funkcjonalno\u015bci naszej strony internetowej.<\/p>\n<p>Ustawienie plik\u00f3w cookie, kt\u00f3re s\u0105 niezb\u0119dne do realizacji proces\u00f3w komunikacji elektronicznej lub udost\u0119pnienia okre\u015blonych funkcji po\u017c\u0105danych przez u\u017cytkownika (np. koszyka zakup\u00f3w), opiera si\u0119 na art. 6 ust. 1 lit. f DSGVO. Jako operator tej strony internetowej mamy uzasadniony interes w zapisywaniu plik\u00f3w cookie w celu zapewnienia bezb\u0142\u0119dnego i sprawnego \u015bwiadczenia naszych us\u0142ug. Je\u017celi ustawiane s\u0105 inne pliki cookie (np. do funkcji analitycznych), to s\u0105 one om\u00f3wione oddzielnie w niniejszym o\u015bwiadczeniu o ochronie danych.<\/p>\n\n<p>Nasza strona internetowa korzysta z funkcji us\u0142ugi analizy sieciowej Google Analytics. Dostawc\u0105 us\u0142ugi analizy ogl\u0105dalno\u015bci stron internetowych jest Google Inc, 1600 Amphitheatre Parkway, Mountain View, CA 94043, USA.<\/p>\n<p>Google Analytics u\u017cywa plik\u00f3w \"cookie\". S\u0105 to niewielkie pliki tekstowe, kt\u00f3re przegl\u0105darka internetowa przechowuje na urz\u0105dzeniu ko\u0144cowym u\u017cytkownika i kt\u00f3re umo\u017cliwiaj\u0105 analiz\u0119 korzystania z witryny. Informacje generowane przez pliki cookie na temat korzystania z naszej witryny s\u0105 przesy\u0142ane na serwer Google i tam przechowywane. Serwer jest zwykle zlokalizowany w USA.<\/p>\n<p>Ustawienie plik\u00f3w cookie Google Analytics jest oparte na art. 6 ust. 1 lit. f DSGVO. Jako operator tej strony internetowej, mamy uzasadniony interes w analizowaniu zachowa\u0144 u\u017cytkownik\u00f3w w celu optymalizacji naszej strony internetowej i, je\u015bli to konieczne, naszych reklam.<\/p>\n<p>anonimizacja IP<\/p>\n<p>Korzystamy z Google Analytics w po\u0142\u0105czeniu z funkcj\u0105 anonimizacji IP. Dzi\u0119ki temu Google skraca adres IP u\u017cytkownika w krajach cz\u0142onkowskich Unii Europejskiej lub w innych krajach b\u0119d\u0105cych stronami Porozumienia o Europejskim Obszarze Gospodarczym, zanim przeka\u017ce go do USA. W wyj\u0105tkowych przypadkach Google mo\u017ce przes\u0142a\u0107 pe\u0142ny adres IP na serwer w USA i tam go skr\u00f3ci\u0107. Google b\u0119dzie korzysta\u0142 z tych informacji w naszym imieniu w celu oceny korzystania z witryny przez u\u017cytkownika, tworzenia raport\u00f3w dotycz\u0105cych aktywno\u015bci na stronie internetowej oraz \u015bwiadczenia nam innych us\u0142ug zwi\u0105zanych z aktywno\u015bci\u0105 na stronie internetowej i korzystaniem z Internetu. Adres IP przekazywany przez Google Analytics nie jest \u0142\u0105czony z innymi danymi Google.<\/p>\n<p>Wtyczka do przegl\u0105darki<\/p>\n<p>Mo\u017cna zapobiec ustawieniu plik\u00f3w cookie przez przegl\u0105dark\u0119 internetow\u0105. Jednak\u017ce, niekt\u00f3re funkcje naszej strony internetowej mog\u0105 by\u0107 w zwi\u0105zku z tym ograniczone. Mo\u017cna r\u00f3wnie\u017c zapobiec gromadzeniu danych zwi\u0105zanych z korzystaniem z witryny, w tym adresu IP, a nast\u0119pnie przetwarzaniu ich przez Google. Jest to mo\u017cliwe poprzez pobranie i zainstalowanie wtyczki do przegl\u0105darki dost\u0119pnej pod nast\u0119puj\u0105cym linkiem:\u00a0<a href=\"https:\/\/tools.google.com\/dlpage\/gaoptout?hl=de\">https:\/\/tools.google.com\/dlpage\/gaoptout?hl=de<\/a>.<\/p>\n<p>Sprzeciw wobec gromadzenia danych<\/p>\n<p>Mog\u0105 Pa\u0144stwo zapobiec gromadzeniu Pa\u0144stwa danych przez Google Analytics klikaj\u0105c na poni\u017cszy link. Zostanie ustawiony plik cookie opt-out, kt\u00f3ry uniemo\u017cliwi gromadzenie Pa\u0144stwa danych podczas kolejnych wizyt na naszej stronie internetowej: Dezaktywuj Google Analytics.<\/p>\n<p>Szczeg\u00f3\u0142owe informacje o tym, jak Google Analytics obchodzi si\u0119 z danymi u\u017cytkownika, mo\u017cna znale\u017a\u0107 w polityce prywatno\u015bci Google:\u00a0<a href=\"https:\/\/support.google.com\/analytics\/answer\/6004245?hl=de\">https:\/\/support.google.com\/analytics\/answer\/6004245?hl=de<\/a>.<\/p>\n<p>Przetwarzanie pracy<\/p>\n<p>Aby w pe\u0142ni spe\u0142ni\u0107 wymogi prawne dotycz\u0105ce ochrony danych, zawarli\u015bmy z firm\u0105 Google umow\u0119 dotycz\u0105c\u0105 przetwarzania zlece\u0144.<\/p>\n<p>Cechy demograficzne w Google Analytics<\/p>\n<p>Nasza witryna korzysta z funkcji \"charakterystyki demograficznej\" w Google Analytics. Mo\u017cna go u\u017cywa\u0107 do tworzenia raport\u00f3w zawieraj\u0105cych informacje o wieku, p\u0142ci i zainteresowaniach os\u00f3b odwiedzaj\u0105cych witryn\u0119. Dane te pochodz\u0105 z reklam opartych na zainteresowaniach firmy Google oraz z danych dotycz\u0105cych odwiedzaj\u0105cych, pochodz\u0105cych od innych dostawc\u00f3w. Nie ma mo\u017cliwo\u015bci przypisania danych do konkretnej osoby. Funkcj\u0119 t\u0119 mo\u017cna wy\u0142\u0105czy\u0107 w dowolnym momencie. Jest to mo\u017cliwe za po\u015brednictwem ustawie\u0144 reklam na koncie Google lub poprzez og\u00f3lne zakazanie gromadzenia danych u\u017cytkownika przez Google Analytics, jak wyja\u015bniono w punkcie \"Sprzeciw wobec gromadzenia danych\".<\/p>","protected":false},"excerpt":{"rendered":"<p>Datenschutzerkl\u00e4rung Die verantwortliche Stelle f\u00fcr die Datenverarbeitung auf dieser Website ist: Thomas Pruschwitz ad acta Am Petzinsee 37 14548 Schwielowsee (OT Geltow) &nbsp; Die verantwortliche Stelle entscheidet allein oder gemeinsam mit anderen \u00fcber die Zwecke und Mittel der Verarbeitung von personenbezogenen Daten (z.B. Namen, Kontaktdaten o. \u00c4.). Nur mit Ihrer ausdr\u00fccklichen Einwilligung sind einige Vorg\u00e4nge [&hellip;]<\/p>\n","protected":false},"author":1,"featured_media":0,"parent":0,"menu_order":0,"comment_status":"closed","ping_status":"closed","template":"","meta":{"ocean_post_layout":"full-width","ocean_both_sidebars_style":"","ocean_both_sidebars_content_width":0,"ocean_both_sidebars_sidebars_width":0,"ocean_sidebar":"0","ocean_second_sidebar":"0","ocean_disable_margins":"enable","ocean_add_body_class":"","ocean_shortcode_before_top_bar":"","ocean_shortcode_after_top_bar":"","ocean_shortcode_before_header":"","ocean_shortcode_after_header":"","ocean_has_shortcode":"","ocean_shortcode_after_title":"","ocean_shortcode_before_footer_widgets":"","ocean_shortcode_after_footer_widgets":"","ocean_shortcode_before_footer_bottom":"","ocean_shortcode_after_footer_bottom":"","ocean_display_top_bar":"default","ocean_display_header":"default","ocean_header_style":"","ocean_center_header_left_menu":"0","ocean_custom_header_template":"0","ocean_custom_logo":0,"ocean_custom_retina_logo":0,"ocean_custom_logo_max_width":0,"ocean_custom_logo_tablet_max_width":0,"ocean_custom_logo_mobile_max_width":0,"ocean_custom_logo_max_height":0,"ocean_custom_logo_tablet_max_height":0,"ocean_custom_logo_mobile_max_height":0,"ocean_header_custom_menu":"0","ocean_menu_typo_font_family":"0","ocean_menu_typo_font_subset":"","ocean_menu_typo_font_size":0,"ocean_menu_typo_font_size_tablet":0,"ocean_menu_typo_font_size_mobile":0,"ocean_menu_typo_font_size_unit":"px","ocean_menu_typo_font_weight":"","ocean_menu_typo_font_weight_tablet":"","ocean_menu_typo_font_weight_mobile":"","ocean_menu_typo_transform":"","ocean_menu_typo_transform_tablet":"","ocean_menu_typo_transform_mobile":"","ocean_menu_typo_line_height":0,"ocean_menu_typo_line_height_tablet":0,"ocean_menu_typo_line_height_mobile":0,"ocean_menu_typo_line_height_unit":"","ocean_menu_typo_spacing":0,"ocean_menu_typo_spacing_tablet":0,"ocean_menu_typo_spacing_mobile":0,"ocean_menu_typo_spacing_unit":"","ocean_menu_link_color":"","ocean_menu_link_color_hover":"","ocean_menu_link_color_active":"","ocean_menu_link_background":"","ocean_menu_link_hover_background":"","ocean_menu_link_active_background":"","ocean_menu_social_links_bg":"","ocean_menu_social_hover_links_bg":"","ocean_menu_social_links_color":"","ocean_menu_social_hover_links_color":"","ocean_disable_title":"on","ocean_disable_heading":"default","ocean_post_title":"","ocean_post_subheading":"","ocean_post_title_style":"","ocean_post_title_background_color":"","ocean_post_title_background":0,"ocean_post_title_bg_image_position":"","ocean_post_title_bg_image_attachment":"","ocean_post_title_bg_image_repeat":"","ocean_post_title_bg_image_size":"","ocean_post_title_height":0,"ocean_post_title_bg_overlay":0.5,"ocean_post_title_bg_overlay_color":"","ocean_disable_breadcrumbs":"default","ocean_breadcrumbs_color":"","ocean_breadcrumbs_separator_color":"","ocean_breadcrumbs_links_color":"","ocean_breadcrumbs_links_hover_color":"","ocean_display_footer_widgets":"default","ocean_display_footer_bottom":"default","ocean_custom_footer_template":"0","footnotes":""},"class_list":["post-77","page","type-page","status-publish","hentry","entry"],"yoast_head":"<!-- This site is optimized with the Yoast SEO plugin v27.3 - https:\/\/yoast.com\/product\/yoast-seo-wordpress\/ -->\n<title>Datenschutzerkl\u00e4rung - Recherchedienst Bundesarchiv Berlin<\/title>\n<meta name=\"robots\" content=\"index, follow, max-snippet:-1, max-image-preview:large, max-video-preview:-1\" \/>\n<link rel=\"canonical\" href=\"https:\/\/recherche-bundesarchiv.de\/pl\/ochrona-danych\/\" \/>\n<meta property=\"og:locale\" content=\"pl_PL\" \/>\n<meta property=\"og:type\" content=\"article\" \/>\n<meta property=\"og:title\" content=\"Datenschutzerkl\u00e4rung - Recherchedienst Bundesarchiv Berlin\" \/>\n<meta property=\"og:description\" content=\"Datenschutzerkl\u00e4rung Die verantwortliche Stelle f\u00fcr die Datenverarbeitung auf dieser Website ist: Thomas Pruschwitz ad acta Am Petzinsee 37 14548 Schwielowsee (OT Geltow) &nbsp; Die verantwortliche Stelle entscheidet allein oder gemeinsam mit anderen \u00fcber die Zwecke und Mittel der Verarbeitung von personenbezogenen Daten (z.B. Namen, Kontaktdaten o. \u00c4.). Nur mit Ihrer ausdr\u00fccklichen Einwilligung sind einige Vorg\u00e4nge [&hellip;]\" \/>\n<meta property=\"og:url\" content=\"https:\/\/recherche-bundesarchiv.de\/pl\/ochrona-danych\/\" \/>\n<meta property=\"og:site_name\" content=\"Recherchedienst Bundesarchiv Berlin\" \/>\n<meta property=\"article:modified_time\" content=\"2021-11-01T09:59:11+00:00\" \/>\n<meta name=\"twitter:card\" content=\"summary_large_image\" \/>\n<meta name=\"twitter:label1\" content=\"Szacowany czas czytania\" \/>\n\t<meta name=\"twitter:data1\" content=\"5 minut\" \/>\n<script type=\"application\/ld+json\" class=\"yoast-schema-graph\">{\"@context\":\"https:\\\/\\\/schema.org\",\"@graph\":[{\"@type\":\"WebPage\",\"@id\":\"https:\\\/\\\/recherche-bundesarchiv.de\\\/datenschutz\\\/\",\"url\":\"https:\\\/\\\/recherche-bundesarchiv.de\\\/datenschutz\\\/\",\"name\":\"Datenschutzerkl\u00e4rung - Recherchedienst Bundesarchiv Berlin\",\"isPartOf\":{\"@id\":\"https:\\\/\\\/recherche-bundesarchiv.de\\\/#website\"},\"datePublished\":\"2021-11-01T09:57:18+00:00\",\"dateModified\":\"2021-11-01T09:59:11+00:00\",\"breadcrumb\":{\"@id\":\"https:\\\/\\\/recherche-bundesarchiv.de\\\/datenschutz\\\/#breadcrumb\"},\"inLanguage\":\"pl-PL\",\"potentialAction\":[{\"@type\":\"ReadAction\",\"target\":[\"https:\\\/\\\/recherche-bundesarchiv.de\\\/datenschutz\\\/\"]}]},{\"@type\":\"BreadcrumbList\",\"@id\":\"https:\\\/\\\/recherche-bundesarchiv.de\\\/datenschutz\\\/#breadcrumb\",\"itemListElement\":[{\"@type\":\"ListItem\",\"position\":1,\"name\":\"Home\",\"item\":\"https:\\\/\\\/recherche-bundesarchiv.de\\\/\"},{\"@type\":\"ListItem\",\"position\":2,\"name\":\"Datenschutzerkl\u00e4rung\"}]},{\"@type\":\"WebSite\",\"@id\":\"https:\\\/\\\/recherche-bundesarchiv.de\\\/#website\",\"url\":\"https:\\\/\\\/recherche-bundesarchiv.de\\\/\",\"name\":\"Recherchedienst Bundesarchiv Berlin\",\"description\":\"Recherche Bundesarchiv Berlin\",\"publisher\":{\"@id\":\"https:\\\/\\\/recherche-bundesarchiv.de\\\/#organization\"},\"potentialAction\":[{\"@type\":\"SearchAction\",\"target\":{\"@type\":\"EntryPoint\",\"urlTemplate\":\"https:\\\/\\\/recherche-bundesarchiv.de\\\/?s={search_term_string}\"},\"query-input\":{\"@type\":\"PropertyValueSpecification\",\"valueRequired\":true,\"valueName\":\"search_term_string\"}}],\"inLanguage\":\"pl-PL\"},{\"@type\":\"Organization\",\"@id\":\"https:\\\/\\\/recherche-bundesarchiv.de\\\/#organization\",\"name\":\"Recherchedienst Bundesarchiv Berlin\",\"url\":\"https:\\\/\\\/recherche-bundesarchiv.de\\\/\",\"logo\":{\"@type\":\"ImageObject\",\"inLanguage\":\"pl-PL\",\"@id\":\"https:\\\/\\\/recherche-bundesarchiv.de\\\/#\\\/schema\\\/logo\\\/image\\\/\",\"url\":\"https:\\\/\\\/recherche-bundesarchiv.de\\\/wp-content\\\/uploads\\\/2021\\\/11\\\/cropped-ad-acta-recherchen-bundesarchiv-logo@2x.png\",\"contentUrl\":\"https:\\\/\\\/recherche-bundesarchiv.de\\\/wp-content\\\/uploads\\\/2021\\\/11\\\/cropped-ad-acta-recherchen-bundesarchiv-logo@2x.png\",\"width\":374,\"height\":102,\"caption\":\"Recherchedienst Bundesarchiv Berlin\"},\"image\":{\"@id\":\"https:\\\/\\\/recherche-bundesarchiv.de\\\/#\\\/schema\\\/logo\\\/image\\\/\"}}]}<\/script>\n<!-- \/ Yoast SEO plugin. -->","yoast_head_json":{"title":"Polityka prywatno\u015bci - Serwis Badawczy Archiwum Federalne w Berlinie","robots":{"index":"index","follow":"follow","max-snippet":"max-snippet:-1","max-image-preview":"max-image-preview:large","max-video-preview":"max-video-preview:-1"},"canonical":"https:\/\/recherche-bundesarchiv.de\/pl\/ochrona-danych\/","og_locale":"pl_PL","og_type":"article","og_title":"Datenschutzerkl\u00e4rung - Recherchedienst Bundesarchiv Berlin","og_description":"Datenschutzerkl\u00e4rung Die verantwortliche Stelle f\u00fcr die Datenverarbeitung auf dieser Website ist: Thomas Pruschwitz ad acta Am Petzinsee 37 14548 Schwielowsee (OT Geltow) &nbsp; Die verantwortliche Stelle entscheidet allein oder gemeinsam mit anderen \u00fcber die Zwecke und Mittel der Verarbeitung von personenbezogenen Daten (z.B. Namen, Kontaktdaten o. \u00c4.). Nur mit Ihrer ausdr\u00fccklichen Einwilligung sind einige Vorg\u00e4nge [&hellip;]","og_url":"https:\/\/recherche-bundesarchiv.de\/pl\/ochrona-danych\/","og_site_name":"Recherchedienst Bundesarchiv Berlin","article_modified_time":"2021-11-01T09:59:11+00:00","twitter_card":"summary_large_image","twitter_misc":{"Szacowany czas czytania":"5 minut"},"schema":{"@context":"https:\/\/schema.org","@graph":[{"@type":"WebPage","@id":"https:\/\/recherche-bundesarchiv.de\/datenschutz\/","url":"https:\/\/recherche-bundesarchiv.de\/datenschutz\/","name":"Polityka prywatno\u015bci - Serwis Badawczy Archiwum Federalne w Berlinie","isPartOf":{"@id":"https:\/\/recherche-bundesarchiv.de\/#website"},"datePublished":"2021-11-01T09:57:18+00:00","dateModified":"2021-11-01T09:59:11+00:00","breadcrumb":{"@id":"https:\/\/recherche-bundesarchiv.de\/datenschutz\/#breadcrumb"},"inLanguage":"pl-PL","potentialAction":[{"@type":"ReadAction","target":["https:\/\/recherche-bundesarchiv.de\/datenschutz\/"]}]},{"@type":"BreadcrumbList","@id":"https:\/\/recherche-bundesarchiv.de\/datenschutz\/#breadcrumb","itemListElement":[{"@type":"ListItem","position":1,"name":"Home","item":"https:\/\/recherche-bundesarchiv.de\/"},{"@type":"ListItem","position":2,"name":"Datenschutzerkl\u00e4rung"}]},{"@type":"WebSite","@id":"https:\/\/recherche-bundesarchiv.de\/#website","url":"https:\/\/recherche-bundesarchiv.de\/","name":"S\u0142u\u017cba Badawcza Archiwum Federalne Berlin","description":"Badania Archiwum Federalnego w Berlinie","publisher":{"@id":"https:\/\/recherche-bundesarchiv.de\/#organization"},"potentialAction":[{"@type":"SearchAction","target":{"@type":"EntryPoint","urlTemplate":"https:\/\/recherche-bundesarchiv.de\/?s={search_term_string}"},"query-input":{"@type":"PropertyValueSpecification","valueRequired":true,"valueName":"search_term_string"}}],"inLanguage":"pl-PL"},{"@type":"Organization","@id":"https:\/\/recherche-bundesarchiv.de\/#organization","name":"S\u0142u\u017cba Badawcza Archiwum Federalne Berlin","url":"https:\/\/recherche-bundesarchiv.de\/","logo":{"@type":"ImageObject","inLanguage":"pl-PL","@id":"https:\/\/recherche-bundesarchiv.de\/#\/schema\/logo\/image\/","url":"https:\/\/recherche-bundesarchiv.de\/wp-content\/uploads\/2021\/11\/cropped-ad-acta-recherchen-bundesarchiv-logo@2x.png","contentUrl":"https:\/\/recherche-bundesarchiv.de\/wp-content\/uploads\/2021\/11\/cropped-ad-acta-recherchen-bundesarchiv-logo@2x.png","width":374,"height":102,"caption":"Recherchedienst Bundesarchiv Berlin"},"image":{"@id":"https:\/\/recherche-bundesarchiv.de\/#\/schema\/logo\/image\/"}}]}},"_links":{"self":[{"href":"https:\/\/recherche-bundesarchiv.de\/pl\/wp-json\/wp\/v2\/pages\/77","targetHints":{"allow":["GET"]}}],"collection":[{"href":"https:\/\/recherche-bundesarchiv.de\/pl\/wp-json\/wp\/v2\/pages"}],"about":[{"href":"https:\/\/recherche-bundesarchiv.de\/pl\/wp-json\/wp\/v2\/types\/page"}],"author":[{"embeddable":true,"href":"https:\/\/recherche-bundesarchiv.de\/pl\/wp-json\/wp\/v2\/users\/1"}],"replies":[{"embeddable":true,"href":"https:\/\/recherche-bundesarchiv.de\/pl\/wp-json\/wp\/v2\/comments?post=77"}],"version-history":[{"count":4,"href":"https:\/\/recherche-bundesarchiv.de\/pl\/wp-json\/wp\/v2\/pages\/77\/revisions"}],"predecessor-version":[{"id":81,"href":"https:\/\/recherche-bundesarchiv.de\/pl\/wp-json\/wp\/v2\/pages\/77\/revisions\/81"}],"wp:attachment":[{"href":"https:\/\/recherche-bundesarchiv.de\/pl\/wp-json\/wp\/v2\/media?parent=77"}],"curies":[{"name":"wp","href":"https:\/\/api.w.org\/{rel}","templated":true}]}}