{"id":101,"date":"2021-11-01T13:45:46","date_gmt":"2021-11-01T12:45:46","guid":{"rendered":"https:\/\/bundesarchiv.wa-dev.de\/?page_id=101"},"modified":"2026-02-08T20:51:26","modified_gmt":"2026-02-08T19:51:26","slug":"bundesarchiv-familienforschung","status":"publish","type":"page","link":"https:\/\/recherche-bundesarchiv.de\/pl\/genealogia\/","title":{"rendered":"Genealogia"},"content":{"rendered":"<h1>\n\t\tBadania genealogiczne w Archiwum Federalnym \n\t<\/h1>\n\tBadania rodzinne to kompleksowy proces dopasowywania danych.<br \/>\nW procesie tym ka\u017cde wyszukiwanie mo\u017ce potwierdzi\u0107, zaktualizowa\u0107 lub rozszerzy\u0107 ju\u017c dost\u0119pne informacje.<br \/>\nAd Acta Recherchen nie tylko wspiera Pa\u0144stwa w poszukiwaniach dokument\u00f3w osobistych w Archiwum Federalnym. Ponadto szukamy \u015blad\u00f3w tradycji w teczkach tematycznych.\n\t<h3>Czym s\u0105 dokumenty osobiste?<\/h3>\n\t<p>S\u0105 to dokumenty zawieraj\u0105ce dane co najmniej jednej osoby fizycznej. Podlegaj\u0105 one specjalnemu okresowi ochrony, kt\u00f3ry wynosi 100 lat. Okres ten rozpoczyna si\u0119 od roku urodzenia danej osoby (os\u00f3b), je\u015bli nie mo\u017cna ustali\u0107 daty \u015bmierci. Okres ochrony mo\u017ce jednak zosta\u0107 skr\u00f3cony na wniosek, np. je\u015bli - jak w przypadku bada\u0144 nad rodzin\u0105 - mo\u017cna udowodni\u0107 uzasadniony interes. Podstaw\u0105 okresu ochronnego jest. <a href=\"https:\/\/www.gesetze-im-internet.de\/barchg_2017\/__11.html\">\u00a7 11 ustawy o archiwach federalnych<\/a>.<\/p>\n\t<h3>Co to s\u0105 teczki tematyczne?<\/h3>\n\t<p>Teczki tematyczne to dokumenty, kt\u00f3re s\u0105 przypisane do danego tematu. W zale\u017cno\u015bci od tradycji, akta te posiadaj\u0105 w\u0142asne zbiory lub s\u0105 w\u0142\u0105czone do podobnych tematycznie zbior\u00f3w. Je\u015bli nie ma innej regulacji, np. przepis\u00f3w o tajemnicy, okres ochrony akt podmiotowych ko\u0144czy si\u0119 po 30 latach. R\u00f3wnie\u017c w tym przypadku podstaw\u0105 jest \u00a7 11 ustawy o archiwach federalnych. Przyk\u0142ady plik\u00f3w tematycznych, kt\u00f3re mog\u0105 by\u0107 pomocne w badaniach rodziny w Archiwum Federalnym mo\u017cna znale\u017a\u0107 tutaj (<a href=\"https:\/\/recherche-bundesarchiv.de\/pl\/strona-glowna\/\">Przyk\u0142ad przesiedlenia<\/a>).<\/p>\n\t<iframe loading=\"lazy\" width=\"560\" height=\"315\" src=\"https:\/\/www.youtube.com\/embed\/oEFBYj5lwrU\" title=\"Odtwarzacz wideo YouTube\" frameborder=\"0\" allow=\"accelerometer; autoplay; clipboard-write; encrypted-media; gyroscope; picture-in-picture\" allowfullscreen><\/iframe>\n<h2>\n\t\tPomoce naukowe do bada\u0144 rodzinnych w archiwach federalnych\n\t<\/h2>\n\t<p>W celu znalezienia danych dost\u0119pne s\u0105 r\u00f3\u017cne \u015brodki do bada\u0144 genealogicznych w Berlinie-Lichterfelde.<\/p>\n\t\n\t<p>Informacje o materia\u0142ach archiwalnych<\/p>\n\t<p>Cz\u0119\u015bciowo nieaktualne informacje<\/p>\n\t\n\t<p>Informacje do bada\u0144 nad rodzin\u0105<\/p>\n\t<p>Cz\u0119sto musz\u0105 by\u0107 wyszukiwane r\u0119cznie<\/p>\n\t\n\t<p>Informacje cyfrowe o materia\u0142ach archiwalnych<\/p>\n\t<p>Dost\u0119p tylko w Archiwum Federalnym za wszystkimi zezwoleniami<\/p>","protected":false},"excerpt":{"rendered":"<p>Familienforschung im Bundesarchiv Familienforschung ist ein umfassender Datenabgleich. Dabei kann jede Recherche die bereits vorhandenen Informationen best\u00e4tigen, aktualisieren oder erweitern. Ad Acta Recherchen unterst\u00fctzt Sie nicht nur bei Ihrer Suche nach personenbezogenen Dokumenten im Bundesarchiv. Dar\u00fcber hinaus recherchieren wir in Sachakten nach Spuren der \u00dcberlieferung. Was sind personenbezogene Dokumente? Es handelt sich um Dokumente, die [&hellip;]<\/p>\n","protected":false},"author":1,"featured_media":0,"parent":0,"menu_order":0,"comment_status":"closed","ping_status":"closed","template":"","meta":{"ocean_post_layout":"full-screen","ocean_both_sidebars_style":"","ocean_both_sidebars_content_width":0,"ocean_both_sidebars_sidebars_width":0,"ocean_sidebar":"0","ocean_second_sidebar":"0","ocean_disable_margins":"enable","ocean_add_body_class":"","ocean_shortcode_before_top_bar":"","ocean_shortcode_after_top_bar":"","ocean_shortcode_before_header":"","ocean_shortcode_after_header":"","ocean_has_shortcode":"","ocean_shortcode_after_title":"","ocean_shortcode_before_footer_widgets":"","ocean_shortcode_after_footer_widgets":"","ocean_shortcode_before_footer_bottom":"","ocean_shortcode_after_footer_bottom":"","ocean_display_top_bar":"default","ocean_display_header":"default","ocean_header_style":"","ocean_center_header_left_menu":"0","ocean_custom_header_template":"0","ocean_custom_logo":0,"ocean_custom_retina_logo":0,"ocean_custom_logo_max_width":0,"ocean_custom_logo_tablet_max_width":0,"ocean_custom_logo_mobile_max_width":0,"ocean_custom_logo_max_height":0,"ocean_custom_logo_tablet_max_height":0,"ocean_custom_logo_mobile_max_height":0,"ocean_header_custom_menu":"0","ocean_menu_typo_font_family":"0","ocean_menu_typo_font_subset":"","ocean_menu_typo_font_size":0,"ocean_menu_typo_font_size_tablet":0,"ocean_menu_typo_font_size_mobile":0,"ocean_menu_typo_font_size_unit":"px","ocean_menu_typo_font_weight":"","ocean_menu_typo_font_weight_tablet":"","ocean_menu_typo_font_weight_mobile":"","ocean_menu_typo_transform":"","ocean_menu_typo_transform_tablet":"","ocean_menu_typo_transform_mobile":"","ocean_menu_typo_line_height":0,"ocean_menu_typo_line_height_tablet":0,"ocean_menu_typo_line_height_mobile":0,"ocean_menu_typo_line_height_unit":"","ocean_menu_typo_spacing":0,"ocean_menu_typo_spacing_tablet":0,"ocean_menu_typo_spacing_mobile":0,"ocean_menu_typo_spacing_unit":"","ocean_menu_link_color":"","ocean_menu_link_color_hover":"","ocean_menu_link_color_active":"","ocean_menu_link_background":"","ocean_menu_link_hover_background":"","ocean_menu_link_active_background":"","ocean_menu_social_links_bg":"","ocean_menu_social_hover_links_bg":"","ocean_menu_social_links_color":"","ocean_menu_social_hover_links_color":"","ocean_disable_title":"on","ocean_disable_heading":"default","ocean_post_title":"","ocean_post_subheading":"","ocean_post_title_style":"","ocean_post_title_background_color":"","ocean_post_title_background":0,"ocean_post_title_bg_image_position":"","ocean_post_title_bg_image_attachment":"","ocean_post_title_bg_image_repeat":"","ocean_post_title_bg_image_size":"","ocean_post_title_height":0,"ocean_post_title_bg_overlay":0.5,"ocean_post_title_bg_overlay_color":"","ocean_disable_breadcrumbs":"default","ocean_breadcrumbs_color":"","ocean_breadcrumbs_separator_color":"","ocean_breadcrumbs_links_color":"","ocean_breadcrumbs_links_hover_color":"","ocean_display_footer_widgets":"default","ocean_display_footer_bottom":"default","ocean_custom_footer_template":"0","footnotes":""},"class_list":["post-101","page","type-page","status-publish","hentry","entry"],"yoast_head":"<!-- This site is optimized with the Yoast SEO plugin v27.3 - https:\/\/yoast.com\/product\/yoast-seo-wordpress\/ -->\n<title>Familienforschung im Bundesarchiv<\/title>\n<meta name=\"description\" content=\"Familienforschung im Bundesarchiv - Recherche nach personenbezogenen Dokumenten | Weimarer Republik, NS-Zeit, DDR | Akten, Bilder, Filme\" \/>\n<meta name=\"robots\" content=\"index, follow, max-snippet:-1, max-image-preview:large, max-video-preview:-1\" \/>\n<link rel=\"canonical\" href=\"https:\/\/recherche-bundesarchiv.de\/pl\/genealogia\/\" \/>\n<meta property=\"og:locale\" content=\"pl_PL\" \/>\n<meta property=\"og:type\" content=\"article\" \/>\n<meta property=\"og:title\" content=\"Familienforschung im Bundesarchiv\" \/>\n<meta property=\"og:description\" content=\"Familienforschung im Bundesarchiv - Recherche nach personenbezogenen Dokumenten | Weimarer Republik, NS-Zeit, DDR | Akten, Bilder, Filme\" \/>\n<meta property=\"og:url\" content=\"https:\/\/recherche-bundesarchiv.de\/pl\/genealogia\/\" \/>\n<meta property=\"og:site_name\" content=\"Recherchedienst Bundesarchiv Berlin\" \/>\n<meta property=\"article:modified_time\" content=\"2026-02-08T19:51:26+00:00\" \/>\n<meta name=\"twitter:card\" content=\"summary_large_image\" \/>\n<meta name=\"twitter:label1\" content=\"Szacowany czas czytania\" \/>\n\t<meta name=\"twitter:data1\" content=\"2 minuty\" \/>\n<script type=\"application\/ld+json\" class=\"yoast-schema-graph\">{\"@context\":\"https:\\\/\\\/schema.org\",\"@graph\":[{\"@type\":\"WebPage\",\"@id\":\"https:\\\/\\\/recherche-bundesarchiv.de\\\/bundesarchiv-familienforschung\\\/\",\"url\":\"https:\\\/\\\/recherche-bundesarchiv.de\\\/bundesarchiv-familienforschung\\\/\",\"name\":\"Familienforschung im Bundesarchiv\",\"isPartOf\":{\"@id\":\"https:\\\/\\\/recherche-bundesarchiv.de\\\/#website\"},\"datePublished\":\"2021-11-01T12:45:46+00:00\",\"dateModified\":\"2026-02-08T19:51:26+00:00\",\"description\":\"Familienforschung im Bundesarchiv - Recherche nach personenbezogenen Dokumenten | Weimarer Republik, NS-Zeit, DDR | Akten, Bilder, Filme\",\"breadcrumb\":{\"@id\":\"https:\\\/\\\/recherche-bundesarchiv.de\\\/bundesarchiv-familienforschung\\\/#breadcrumb\"},\"inLanguage\":\"pl-PL\",\"potentialAction\":[{\"@type\":\"ReadAction\",\"target\":[\"https:\\\/\\\/recherche-bundesarchiv.de\\\/bundesarchiv-familienforschung\\\/\"]}]},{\"@type\":\"BreadcrumbList\",\"@id\":\"https:\\\/\\\/recherche-bundesarchiv.de\\\/bundesarchiv-familienforschung\\\/#breadcrumb\",\"itemListElement\":[{\"@type\":\"ListItem\",\"position\":1,\"name\":\"Home\",\"item\":\"https:\\\/\\\/recherche-bundesarchiv.de\\\/\"},{\"@type\":\"ListItem\",\"position\":2,\"name\":\"Familienforschung\"}]},{\"@type\":\"WebSite\",\"@id\":\"https:\\\/\\\/recherche-bundesarchiv.de\\\/#website\",\"url\":\"https:\\\/\\\/recherche-bundesarchiv.de\\\/\",\"name\":\"Recherchedienst Bundesarchiv Berlin\",\"description\":\"Recherche Bundesarchiv Berlin\",\"publisher\":{\"@id\":\"https:\\\/\\\/recherche-bundesarchiv.de\\\/#organization\"},\"potentialAction\":[{\"@type\":\"SearchAction\",\"target\":{\"@type\":\"EntryPoint\",\"urlTemplate\":\"https:\\\/\\\/recherche-bundesarchiv.de\\\/?s={search_term_string}\"},\"query-input\":{\"@type\":\"PropertyValueSpecification\",\"valueRequired\":true,\"valueName\":\"search_term_string\"}}],\"inLanguage\":\"pl-PL\"},{\"@type\":\"Organization\",\"@id\":\"https:\\\/\\\/recherche-bundesarchiv.de\\\/#organization\",\"name\":\"Recherchedienst Bundesarchiv Berlin\",\"url\":\"https:\\\/\\\/recherche-bundesarchiv.de\\\/\",\"logo\":{\"@type\":\"ImageObject\",\"inLanguage\":\"pl-PL\",\"@id\":\"https:\\\/\\\/recherche-bundesarchiv.de\\\/#\\\/schema\\\/logo\\\/image\\\/\",\"url\":\"https:\\\/\\\/recherche-bundesarchiv.de\\\/wp-content\\\/uploads\\\/2021\\\/11\\\/cropped-ad-acta-recherchen-bundesarchiv-logo@2x.png\",\"contentUrl\":\"https:\\\/\\\/recherche-bundesarchiv.de\\\/wp-content\\\/uploads\\\/2021\\\/11\\\/cropped-ad-acta-recherchen-bundesarchiv-logo@2x.png\",\"width\":374,\"height\":102,\"caption\":\"Recherchedienst Bundesarchiv Berlin\"},\"image\":{\"@id\":\"https:\\\/\\\/recherche-bundesarchiv.de\\\/#\\\/schema\\\/logo\\\/image\\\/\"}}]}<\/script>\n<!-- \/ Yoast SEO plugin. -->","yoast_head_json":{"title":"Badania genealogiczne w Archiwum Federalnym","description":"Badania genealogiczne w Archiwum Federalnym - Badanie dokument\u00f3w osobistych | Republika Weimarska, epoka narodowego socjalizmu, NRD | Akta, zdj\u0119cia, filmy","robots":{"index":"index","follow":"follow","max-snippet":"max-snippet:-1","max-image-preview":"max-image-preview:large","max-video-preview":"max-video-preview:-1"},"canonical":"https:\/\/recherche-bundesarchiv.de\/pl\/genealogia\/","og_locale":"pl_PL","og_type":"article","og_title":"Familienforschung im Bundesarchiv","og_description":"Familienforschung im Bundesarchiv - Recherche nach personenbezogenen Dokumenten | Weimarer Republik, NS-Zeit, DDR | Akten, Bilder, Filme","og_url":"https:\/\/recherche-bundesarchiv.de\/pl\/genealogia\/","og_site_name":"Recherchedienst Bundesarchiv Berlin","article_modified_time":"2026-02-08T19:51:26+00:00","twitter_card":"summary_large_image","twitter_misc":{"Szacowany czas czytania":"2 minuty"},"schema":{"@context":"https:\/\/schema.org","@graph":[{"@type":"WebPage","@id":"https:\/\/recherche-bundesarchiv.de\/bundesarchiv-familienforschung\/","url":"https:\/\/recherche-bundesarchiv.de\/bundesarchiv-familienforschung\/","name":"Badania genealogiczne w Archiwum Federalnym","isPartOf":{"@id":"https:\/\/recherche-bundesarchiv.de\/#website"},"datePublished":"2021-11-01T12:45:46+00:00","dateModified":"2026-02-08T19:51:26+00:00","description":"Badania genealogiczne w Archiwum Federalnym - Badanie dokument\u00f3w osobistych | Republika Weimarska, epoka narodowego socjalizmu, NRD | Akta, zdj\u0119cia, filmy","breadcrumb":{"@id":"https:\/\/recherche-bundesarchiv.de\/bundesarchiv-familienforschung\/#breadcrumb"},"inLanguage":"pl-PL","potentialAction":[{"@type":"ReadAction","target":["https:\/\/recherche-bundesarchiv.de\/bundesarchiv-familienforschung\/"]}]},{"@type":"BreadcrumbList","@id":"https:\/\/recherche-bundesarchiv.de\/bundesarchiv-familienforschung\/#breadcrumb","itemListElement":[{"@type":"ListItem","position":1,"name":"Home","item":"https:\/\/recherche-bundesarchiv.de\/"},{"@type":"ListItem","position":2,"name":"Familienforschung"}]},{"@type":"WebSite","@id":"https:\/\/recherche-bundesarchiv.de\/#website","url":"https:\/\/recherche-bundesarchiv.de\/","name":"S\u0142u\u017cba Badawcza Archiwum Federalne Berlin","description":"Badania Archiwum Federalnego w Berlinie","publisher":{"@id":"https:\/\/recherche-bundesarchiv.de\/#organization"},"potentialAction":[{"@type":"SearchAction","target":{"@type":"EntryPoint","urlTemplate":"https:\/\/recherche-bundesarchiv.de\/?s={search_term_string}"},"query-input":{"@type":"PropertyValueSpecification","valueRequired":true,"valueName":"search_term_string"}}],"inLanguage":"pl-PL"},{"@type":"Organization","@id":"https:\/\/recherche-bundesarchiv.de\/#organization","name":"S\u0142u\u017cba Badawcza Archiwum Federalne Berlin","url":"https:\/\/recherche-bundesarchiv.de\/","logo":{"@type":"ImageObject","inLanguage":"pl-PL","@id":"https:\/\/recherche-bundesarchiv.de\/#\/schema\/logo\/image\/","url":"https:\/\/recherche-bundesarchiv.de\/wp-content\/uploads\/2021\/11\/cropped-ad-acta-recherchen-bundesarchiv-logo@2x.png","contentUrl":"https:\/\/recherche-bundesarchiv.de\/wp-content\/uploads\/2021\/11\/cropped-ad-acta-recherchen-bundesarchiv-logo@2x.png","width":374,"height":102,"caption":"Recherchedienst Bundesarchiv Berlin"},"image":{"@id":"https:\/\/recherche-bundesarchiv.de\/#\/schema\/logo\/image\/"}}]}},"_links":{"self":[{"href":"https:\/\/recherche-bundesarchiv.de\/pl\/wp-json\/wp\/v2\/pages\/101","targetHints":{"allow":["GET"]}}],"collection":[{"href":"https:\/\/recherche-bundesarchiv.de\/pl\/wp-json\/wp\/v2\/pages"}],"about":[{"href":"https:\/\/recherche-bundesarchiv.de\/pl\/wp-json\/wp\/v2\/types\/page"}],"author":[{"embeddable":true,"href":"https:\/\/recherche-bundesarchiv.de\/pl\/wp-json\/wp\/v2\/users\/1"}],"replies":[{"embeddable":true,"href":"https:\/\/recherche-bundesarchiv.de\/pl\/wp-json\/wp\/v2\/comments?post=101"}],"version-history":[{"count":27,"href":"https:\/\/recherche-bundesarchiv.de\/pl\/wp-json\/wp\/v2\/pages\/101\/revisions"}],"predecessor-version":[{"id":1014,"href":"https:\/\/recherche-bundesarchiv.de\/pl\/wp-json\/wp\/v2\/pages\/101\/revisions\/1014"}],"wp:attachment":[{"href":"https:\/\/recherche-bundesarchiv.de\/pl\/wp-json\/wp\/v2\/media?parent=101"}],"curies":[{"name":"wp","href":"https:\/\/api.w.org\/{rel}","templated":true}]}}