{"id":87,"date":"2021-11-01T11:03:01","date_gmt":"2021-11-01T10:03:01","guid":{"rendered":"https:\/\/bundesarchiv.wa-dev.de\/?page_id=87"},"modified":"2021-11-01T11:11:51","modified_gmt":"2021-11-01T10:11:51","slug":"preise","status":"publish","type":"page","link":"https:\/\/recherche-bundesarchiv.de\/fr\/prix\/","title":{"rendered":"Prix"},"content":{"rendered":"<h1>\n\t\tPRIX AD ACTA RECHERCHES\n\t<\/h1>\n\t<p>Votre demande est gratuite. Elle ne peut \u00eatre trait\u00e9e que via le formulaire de demande !<\/p>\n<h2>\n\t\tQUELLES SONT LES OPTIONS DE COLLABORATION OFFERTES PAR AD ACTA RECHERCHES ?\n\t<\/h2>\n\t<b>Prix \/ heure<\/b><br \/>\n59,50 \u20ac (TVA incluse)\n\t<b>Service mensuel<\/b><br \/>\nSur rendez-vous\n\t<b>Prix fixe<\/b><br \/>\nSur rendez-vous\n\t<p>Le temps et le co\u00fbt de la recherche ne peuvent pas \u00eatre calcul\u00e9s \u00e0 l'avance, car ils d\u00e9pendent de l'ampleur et du contenu de votre demande. Le volume, le contenu et la forme des documents d'archives d\u00e9terminent le temps et le co\u00fbt du processus de recherche et de transmission des r\u00e9sultats.<\/p>","protected":false},"excerpt":{"rendered":"<p>PREISE AD ACTA RECHERCHEN Ihre Anfrage ist kostenfrei. Sie kann nur \u00fcber das Anfrageformular bearbeitet werden! WELCHE OPTIONEN DER ZUSAMMENARBEIT BIETET AD ACTA RECHERCHEN? Preis \/ Stunde 59,50 \u20ac (inkl. MwSt.) Monatlicher Service Nach Vereinbarung Festpreis Nach Vereinbarung Der zeitliche und preisliche Aufwand f\u00fcr die Recherchen kann vorher nicht kalkuliert werden, weil er von Umfang [&hellip;]<\/p>\n","protected":false},"author":1,"featured_media":0,"parent":0,"menu_order":0,"comment_status":"closed","ping_status":"closed","template":"","meta":{"ocean_post_layout":"full-screen","ocean_both_sidebars_style":"","ocean_both_sidebars_content_width":0,"ocean_both_sidebars_sidebars_width":0,"ocean_sidebar":"0","ocean_second_sidebar":"0","ocean_disable_margins":"enable","ocean_add_body_class":"","ocean_shortcode_before_top_bar":"","ocean_shortcode_after_top_bar":"","ocean_shortcode_before_header":"","ocean_shortcode_after_header":"","ocean_has_shortcode":"","ocean_shortcode_after_title":"","ocean_shortcode_before_footer_widgets":"","ocean_shortcode_after_footer_widgets":"","ocean_shortcode_before_footer_bottom":"","ocean_shortcode_after_footer_bottom":"","ocean_display_top_bar":"default","ocean_display_header":"default","ocean_header_style":"","ocean_center_header_left_menu":"0","ocean_custom_header_template":"0","ocean_custom_logo":0,"ocean_custom_retina_logo":0,"ocean_custom_logo_max_width":0,"ocean_custom_logo_tablet_max_width":0,"ocean_custom_logo_mobile_max_width":0,"ocean_custom_logo_max_height":0,"ocean_custom_logo_tablet_max_height":0,"ocean_custom_logo_mobile_max_height":0,"ocean_header_custom_menu":"0","ocean_menu_typo_font_family":"0","ocean_menu_typo_font_subset":"","ocean_menu_typo_font_size":0,"ocean_menu_typo_font_size_tablet":0,"ocean_menu_typo_font_size_mobile":0,"ocean_menu_typo_font_size_unit":"px","ocean_menu_typo_font_weight":"","ocean_menu_typo_font_weight_tablet":"","ocean_menu_typo_font_weight_mobile":"","ocean_menu_typo_transform":"","ocean_menu_typo_transform_tablet":"","ocean_menu_typo_transform_mobile":"","ocean_menu_typo_line_height":0,"ocean_menu_typo_line_height_tablet":0,"ocean_menu_typo_line_height_mobile":0,"ocean_menu_typo_line_height_unit":"","ocean_menu_typo_spacing":0,"ocean_menu_typo_spacing_tablet":0,"ocean_menu_typo_spacing_mobile":0,"ocean_menu_typo_spacing_unit":"","ocean_menu_link_color":"","ocean_menu_link_color_hover":"","ocean_menu_link_color_active":"","ocean_menu_link_background":"","ocean_menu_link_hover_background":"","ocean_menu_link_active_background":"","ocean_menu_social_links_bg":"","ocean_menu_social_hover_links_bg":"","ocean_menu_social_links_color":"","ocean_menu_social_hover_links_color":"","ocean_disable_title":"on","ocean_disable_heading":"default","ocean_post_title":"","ocean_post_subheading":"","ocean_post_title_style":"","ocean_post_title_background_color":"","ocean_post_title_background":0,"ocean_post_title_bg_image_position":"","ocean_post_title_bg_image_attachment":"","ocean_post_title_bg_image_repeat":"","ocean_post_title_bg_image_size":"","ocean_post_title_height":0,"ocean_post_title_bg_overlay":0.5,"ocean_post_title_bg_overlay_color":"","ocean_disable_breadcrumbs":"default","ocean_breadcrumbs_color":"","ocean_breadcrumbs_separator_color":"","ocean_breadcrumbs_links_color":"","ocean_breadcrumbs_links_hover_color":"","ocean_display_footer_widgets":"default","ocean_display_footer_bottom":"default","ocean_custom_footer_template":"0","footnotes":""},"class_list":["post-87","page","type-page","status-publish","hentry","entry"],"yoast_head":"<!-- This site is optimized with the Yoast SEO plugin v27.4 - https:\/\/yoast.com\/product\/yoast-seo-wordpress\/ -->\n<title>Preise - Recherchedienst Bundesarchiv Berlin<\/title>\n<meta name=\"robots\" content=\"index, follow, max-snippet:-1, max-image-preview:large, max-video-preview:-1\" \/>\n<link rel=\"canonical\" href=\"https:\/\/recherche-bundesarchiv.de\/fr\/prix\/\" \/>\n<meta property=\"og:locale\" content=\"fr_FR\" \/>\n<meta property=\"og:type\" content=\"article\" \/>\n<meta property=\"og:title\" content=\"Preise - Recherchedienst Bundesarchiv Berlin\" \/>\n<meta property=\"og:description\" content=\"PREISE AD ACTA RECHERCHEN Ihre Anfrage ist kostenfrei. Sie kann nur \u00fcber das Anfrageformular bearbeitet werden! WELCHE OPTIONEN DER ZUSAMMENARBEIT BIETET AD ACTA RECHERCHEN? Preis \/ Stunde 59,50 \u20ac (inkl. MwSt.) Monatlicher Service Nach Vereinbarung Festpreis Nach Vereinbarung Der zeitliche und preisliche Aufwand f\u00fcr die Recherchen kann vorher nicht kalkuliert werden, weil er von Umfang [&hellip;]\" \/>\n<meta property=\"og:url\" content=\"https:\/\/recherche-bundesarchiv.de\/fr\/prix\/\" \/>\n<meta property=\"og:site_name\" content=\"Recherchedienst Bundesarchiv Berlin\" \/>\n<meta property=\"article:modified_time\" content=\"2021-11-01T10:11:51+00:00\" \/>\n<meta name=\"twitter:card\" content=\"summary_large_image\" \/>\n<meta name=\"twitter:label1\" content=\"Dur\u00e9e de lecture estim\u00e9e\" \/>\n\t<meta name=\"twitter:data1\" content=\"2 minutes\" \/>\n<script type=\"application\/ld+json\" class=\"yoast-schema-graph\">{\"@context\":\"https:\\\/\\\/schema.org\",\"@graph\":[{\"@type\":\"WebPage\",\"@id\":\"https:\\\/\\\/recherche-bundesarchiv.de\\\/preise\\\/\",\"url\":\"https:\\\/\\\/recherche-bundesarchiv.de\\\/preise\\\/\",\"name\":\"Preise - Recherchedienst Bundesarchiv Berlin\",\"isPartOf\":{\"@id\":\"https:\\\/\\\/recherche-bundesarchiv.de\\\/#website\"},\"datePublished\":\"2021-11-01T10:03:01+00:00\",\"dateModified\":\"2021-11-01T10:11:51+00:00\",\"breadcrumb\":{\"@id\":\"https:\\\/\\\/recherche-bundesarchiv.de\\\/preise\\\/#breadcrumb\"},\"inLanguage\":\"fr-FR\",\"potentialAction\":[{\"@type\":\"ReadAction\",\"target\":[\"https:\\\/\\\/recherche-bundesarchiv.de\\\/preise\\\/\"]}]},{\"@type\":\"BreadcrumbList\",\"@id\":\"https:\\\/\\\/recherche-bundesarchiv.de\\\/preise\\\/#breadcrumb\",\"itemListElement\":[{\"@type\":\"ListItem\",\"position\":1,\"name\":\"Home\",\"item\":\"https:\\\/\\\/recherche-bundesarchiv.de\\\/\"},{\"@type\":\"ListItem\",\"position\":2,\"name\":\"Preise\"}]},{\"@type\":\"WebSite\",\"@id\":\"https:\\\/\\\/recherche-bundesarchiv.de\\\/#website\",\"url\":\"https:\\\/\\\/recherche-bundesarchiv.de\\\/\",\"name\":\"Recherchedienst Bundesarchiv Berlin\",\"description\":\"Recherche Bundesarchiv Berlin\",\"publisher\":{\"@id\":\"https:\\\/\\\/recherche-bundesarchiv.de\\\/#organization\"},\"potentialAction\":[{\"@type\":\"SearchAction\",\"target\":{\"@type\":\"EntryPoint\",\"urlTemplate\":\"https:\\\/\\\/recherche-bundesarchiv.de\\\/?s={search_term_string}\"},\"query-input\":{\"@type\":\"PropertyValueSpecification\",\"valueRequired\":true,\"valueName\":\"search_term_string\"}}],\"inLanguage\":\"fr-FR\"},{\"@type\":\"Organization\",\"@id\":\"https:\\\/\\\/recherche-bundesarchiv.de\\\/#organization\",\"name\":\"Recherchedienst Bundesarchiv Berlin\",\"url\":\"https:\\\/\\\/recherche-bundesarchiv.de\\\/\",\"logo\":{\"@type\":\"ImageObject\",\"inLanguage\":\"fr-FR\",\"@id\":\"https:\\\/\\\/recherche-bundesarchiv.de\\\/#\\\/schema\\\/logo\\\/image\\\/\",\"url\":\"https:\\\/\\\/recherche-bundesarchiv.de\\\/wp-content\\\/uploads\\\/2021\\\/11\\\/cropped-ad-acta-recherchen-bundesarchiv-logo@2x.png\",\"contentUrl\":\"https:\\\/\\\/recherche-bundesarchiv.de\\\/wp-content\\\/uploads\\\/2021\\\/11\\\/cropped-ad-acta-recherchen-bundesarchiv-logo@2x.png\",\"width\":374,\"height\":102,\"caption\":\"Recherchedienst Bundesarchiv Berlin\"},\"image\":{\"@id\":\"https:\\\/\\\/recherche-bundesarchiv.de\\\/#\\\/schema\\\/logo\\\/image\\\/\"}}]}<\/script>\n<!-- \/ Yoast SEO plugin. -->","yoast_head_json":{"title":"Prix - Service de recherche Bundesarchiv Berlin","robots":{"index":"index","follow":"follow","max-snippet":"max-snippet:-1","max-image-preview":"max-image-preview:large","max-video-preview":"max-video-preview:-1"},"canonical":"https:\/\/recherche-bundesarchiv.de\/fr\/prix\/","og_locale":"fr_FR","og_type":"article","og_title":"Preise - Recherchedienst Bundesarchiv Berlin","og_description":"PREISE AD ACTA RECHERCHEN Ihre Anfrage ist kostenfrei. Sie kann nur \u00fcber das Anfrageformular bearbeitet werden! WELCHE OPTIONEN DER ZUSAMMENARBEIT BIETET AD ACTA RECHERCHEN? Preis \/ Stunde 59,50 \u20ac (inkl. MwSt.) Monatlicher Service Nach Vereinbarung Festpreis Nach Vereinbarung Der zeitliche und preisliche Aufwand f\u00fcr die Recherchen kann vorher nicht kalkuliert werden, weil er von Umfang [&hellip;]","og_url":"https:\/\/recherche-bundesarchiv.de\/fr\/prix\/","og_site_name":"Recherchedienst Bundesarchiv Berlin","article_modified_time":"2021-11-01T10:11:51+00:00","twitter_card":"summary_large_image","twitter_misc":{"Dur\u00e9e de lecture estim\u00e9e":"2 minutes"},"schema":{"@context":"https:\/\/schema.org","@graph":[{"@type":"WebPage","@id":"https:\/\/recherche-bundesarchiv.de\/preise\/","url":"https:\/\/recherche-bundesarchiv.de\/preise\/","name":"Prix - Service de recherche Bundesarchiv Berlin","isPartOf":{"@id":"https:\/\/recherche-bundesarchiv.de\/#website"},"datePublished":"2021-11-01T10:03:01+00:00","dateModified":"2021-11-01T10:11:51+00:00","breadcrumb":{"@id":"https:\/\/recherche-bundesarchiv.de\/preise\/#breadcrumb"},"inLanguage":"fr-FR","potentialAction":[{"@type":"ReadAction","target":["https:\/\/recherche-bundesarchiv.de\/preise\/"]}]},{"@type":"BreadcrumbList","@id":"https:\/\/recherche-bundesarchiv.de\/preise\/#breadcrumb","itemListElement":[{"@type":"ListItem","position":1,"name":"Home","item":"https:\/\/recherche-bundesarchiv.de\/"},{"@type":"ListItem","position":2,"name":"Preise"}]},{"@type":"WebSite","@id":"https:\/\/recherche-bundesarchiv.de\/#website","url":"https:\/\/recherche-bundesarchiv.de\/","name":"Service de recherche Bundesarchiv Berlin","description":"Recherche Bundesarchiv Berlin","publisher":{"@id":"https:\/\/recherche-bundesarchiv.de\/#organization"},"potentialAction":[{"@type":"SearchAction","target":{"@type":"EntryPoint","urlTemplate":"https:\/\/recherche-bundesarchiv.de\/?s={search_term_string}"},"query-input":{"@type":"PropertyValueSpecification","valueRequired":true,"valueName":"search_term_string"}}],"inLanguage":"fr-FR"},{"@type":"Organization","@id":"https:\/\/recherche-bundesarchiv.de\/#organization","name":"Service de recherche Bundesarchiv Berlin","url":"https:\/\/recherche-bundesarchiv.de\/","logo":{"@type":"ImageObject","inLanguage":"fr-FR","@id":"https:\/\/recherche-bundesarchiv.de\/#\/schema\/logo\/image\/","url":"https:\/\/recherche-bundesarchiv.de\/wp-content\/uploads\/2021\/11\/cropped-ad-acta-recherchen-bundesarchiv-logo@2x.png","contentUrl":"https:\/\/recherche-bundesarchiv.de\/wp-content\/uploads\/2021\/11\/cropped-ad-acta-recherchen-bundesarchiv-logo@2x.png","width":374,"height":102,"caption":"Recherchedienst Bundesarchiv Berlin"},"image":{"@id":"https:\/\/recherche-bundesarchiv.de\/#\/schema\/logo\/image\/"}}]}},"_links":{"self":[{"href":"https:\/\/recherche-bundesarchiv.de\/fr\/wp-json\/wp\/v2\/pages\/87","targetHints":{"allow":["GET"]}}],"collection":[{"href":"https:\/\/recherche-bundesarchiv.de\/fr\/wp-json\/wp\/v2\/pages"}],"about":[{"href":"https:\/\/recherche-bundesarchiv.de\/fr\/wp-json\/wp\/v2\/types\/page"}],"author":[{"embeddable":true,"href":"https:\/\/recherche-bundesarchiv.de\/fr\/wp-json\/wp\/v2\/users\/1"}],"replies":[{"embeddable":true,"href":"https:\/\/recherche-bundesarchiv.de\/fr\/wp-json\/wp\/v2\/comments?post=87"}],"version-history":[{"count":5,"href":"https:\/\/recherche-bundesarchiv.de\/fr\/wp-json\/wp\/v2\/pages\/87\/revisions"}],"predecessor-version":[{"id":92,"href":"https:\/\/recherche-bundesarchiv.de\/fr\/wp-json\/wp\/v2\/pages\/87\/revisions\/92"}],"wp:attachment":[{"href":"https:\/\/recherche-bundesarchiv.de\/fr\/wp-json\/wp\/v2\/media?parent=87"}],"curies":[{"name":"wp","href":"https:\/\/api.w.org\/{rel}","templated":true}]}}