{"id":77,"date":"2021-11-01T10:57:18","date_gmt":"2021-11-01T09:57:18","guid":{"rendered":"https:\/\/bundesarchiv.wa-dev.de\/?page_id=77"},"modified":"2021-11-01T10:59:11","modified_gmt":"2021-11-01T09:59:11","slug":"datenschutz","status":"publish","type":"page","link":"https:\/\/recherche-bundesarchiv.de\/fr\/protection-des-donnees\/","title":{"rendered":"D\u00e9claration de confidentialit\u00e9"},"content":{"rendered":"<h1>D\u00e9claration de confidentialit\u00e9<\/h1>\n\n\n<p>Le responsable du traitement des donn\u00e9es sur ce site est :<\/p>\nThomas Pruschwitz<br \/>\nad acta<br \/>\nAm Petzinsee 37<br \/>\n14548 Schwielowsee (OT Geltow)\n<p>&nbsp;<\/p>\n<p>Le responsable d\u00e9cide, seul ou conjointement avec d'autres, des finalit\u00e9s et des moyens du traitement des donn\u00e9es \u00e0 caract\u00e8re personnel (p. ex. noms, coordonn\u00e9es ou autres).<\/p>\n\n<p>Certaines op\u00e9rations de traitement des donn\u00e9es ne sont possibles qu'avec votre consentement explicite. Il est possible de r\u00e9voquer \u00e0 tout moment le consentement que vous avez d\u00e9j\u00e0 donn\u00e9. Pour la r\u00e9vocation, il suffit d'envoyer un message informel par e-mail. La l\u00e9galit\u00e9 du traitement des donn\u00e9es effectu\u00e9 jusqu'\u00e0 la r\u00e9vocation n'est pas affect\u00e9e par la r\u00e9vocation.<\/p>\n\n<p>En tant que personne concern\u00e9e, vous disposez d'un droit de recours aupr\u00e8s de l'autorit\u00e9 de surveillance comp\u00e9tente en cas d'infraction au droit de la protection des donn\u00e9es. L'autorit\u00e9 de surveillance comp\u00e9tente pour les questions relatives \u00e0 la protection des donn\u00e9es est le d\u00e9l\u00e9gu\u00e9 \u00e0 la protection des donn\u00e9es du Land dans lequel se trouve le si\u00e8ge de notre entreprise. Le lien suivant fournit une liste des responsables de la protection des donn\u00e9es ainsi que leurs coordonn\u00e9es :\u00a0<a href=\"https:\/\/www.bfdi.bund.de\/DE\/Infothek\/Anschriften_Links\/anschriften_links-node.html\" target=\"_blank\" rel=\"noopener\">https:\/\/www.bfdi.bund.de\/DE\/Infothek\/Anschriften_Links\/anschriften_links-node.html<\/a>.<\/p>\n\n<p>Vous avez le droit de vous faire remettre ou de faire remettre \u00e0 un tiers les donn\u00e9es que nous traitons de mani\u00e8re automatis\u00e9e sur la base de votre consentement ou en ex\u00e9cution d'un contrat. La mise \u00e0 disposition se fait dans un format lisible par machine. Si vous demandez la transmission directe des donn\u00e9es \u00e0 un autre responsable, cela ne se fera que dans la mesure o\u00f9 cela est techniquement faisable.<\/p>\n\n<p>Dans le cadre des dispositions l\u00e9gales en vigueur, vous avez \u00e0 tout moment le droit d'obtenir gratuitement des informations sur vos donn\u00e9es personnelles enregistr\u00e9es, l'origine des donn\u00e9es, leurs destinataires et la finalit\u00e9 du traitement des donn\u00e9es et, le cas \u00e9ch\u00e9ant, un droit de rectification, de blocage ou de suppression de ces donn\u00e9es. \u00c0 cet \u00e9gard et pour toute autre question relative aux donn\u00e9es personnelles, vous pouvez nous contacter \u00e0 tout moment en utilisant les coordonn\u00e9es indiqu\u00e9es dans les mentions l\u00e9gales.<\/p>\n\n<p>Pour des raisons de s\u00e9curit\u00e9 et pour prot\u00e9ger la transmission de contenus confidentiels que vous nous envoyez en tant qu'exploitant du site, notre site Internet utilise un cryptage SSL ou TLS. Ainsi, les donn\u00e9es que vous transmettez via ce site web ne sont pas lisibles par des tiers. Vous reconnaissez une connexion crypt\u00e9e \u00e0 la ligne d'adresse \"https:\/\/\" de votre navigateur et au symbole du cadenas dans la ligne du navigateur.<\/p>\n\n<p>Dans les fichiers journaux du serveur, le fournisseur du site web collecte et enregistre automatiquement les informations que votre navigateur nous transmet automatiquement. Il s'agit de<\/p>\n<ul>\n<li>Page visit\u00e9e sur notre domaine<\/li>\n<li>date et heure de la demande du serveur<\/li>\n<li>Type et version du navigateur<\/li>\n<li>Syst\u00e8me d'exploitation utilis\u00e9<\/li>\n<li>URL de r\u00e9f\u00e9rence<\/li>\n<li>nom d'h\u00f4te de l'ordinateur qui acc\u00e8de au site<\/li>\n<li>Adresse IP<\/li>\n<\/ul>\n<p>Ces donn\u00e9es ne sont pas recoup\u00e9es avec d'autres sources de donn\u00e9es. Le traitement des donn\u00e9es se fonde sur l'article 6, paragraphe 1, point b), du RGPD, qui autorise le traitement des donn\u00e9es pour l'ex\u00e9cution d'un contrat ou de mesures pr\u00e9contractuelles.<\/p>\n\n<p>Les donn\u00e9es transmises par le biais du formulaire de contact sont enregistr\u00e9es, y compris vos coordonn\u00e9es, afin de pouvoir traiter votre demande ou de r\u00e9pondre \u00e0 des questions de suivi. Ces donn\u00e9es ne seront pas transmises sans votre consentement.<\/p>\n<p>Le traitement des donn\u00e9es saisies dans le formulaire de contact s'effectue exclusivement sur la base de votre consentement (article 6, paragraphe 1, point a du RGPD). Une r\u00e9vocation de votre consentement d\u00e9j\u00e0 donn\u00e9 est possible \u00e0 tout moment. Pour la r\u00e9vocation, il suffit d'envoyer un message informel par e-mail. La l\u00e9galit\u00e9 des op\u00e9rations de traitement des donn\u00e9es effectu\u00e9es jusqu'\u00e0 la r\u00e9vocation n'est pas affect\u00e9e par la r\u00e9vocation.<\/p>\n<p>Les donn\u00e9es transmises par le biais du formulaire de contact restent chez nous jusqu'\u00e0 ce que vous nous demandiez de les supprimer, que vous r\u00e9voquiez votre consentement \u00e0 leur enregistrement ou que leur enregistrement ne soit plus n\u00e9cessaire. Les dispositions l\u00e9gales contraignantes - en particulier les d\u00e9lais de conservation - ne sont pas affect\u00e9es.<\/p>\n\n<p>Notre site web utilise des cookies. Il s'agit de petits fichiers texte que votre navigateur web enregistre sur votre terminal. Les cookies nous aident \u00e0 rendre notre offre plus conviviale, plus efficace et plus s\u00fbre.<\/p>\n<p>Certains cookies sont des \"cookies de session\". De tels cookies sont supprim\u00e9s d'eux-m\u00eames \u00e0 la fin de votre session de navigation. En revanche, d'autres cookies restent sur votre terminal jusqu'\u00e0 ce que vous les supprimiez vous-m\u00eame. Ces cookies nous aident \u00e0 vous reconna\u00eetre lorsque vous revenez sur notre site.<\/p>\n<p>Un navigateur web moderne vous permet de contr\u00f4ler, de limiter ou d'emp\u00eacher l'installation de cookies. De nombreux navigateurs web peuvent \u00eatre configur\u00e9s de mani\u00e8re \u00e0 ce que les cookies soient supprim\u00e9s d'eux-m\u00eames \u00e0 la fermeture du programme. La d\u00e9sactivation des cookies peut avoir pour cons\u00e9quence une fonctionnalit\u00e9 limit\u00e9e de notre site web.<\/p>\n<p>L'installation de cookies n\u00e9cessaires \u00e0 l'ex\u00e9cution de processus de communication \u00e9lectronique ou \u00e0 la mise \u00e0 disposition de certaines fonctions que vous souhaitez (par ex. panier d'achat) se fait sur la base de l'article 6, paragraphe 1, point f du RGPD. En tant qu'exploitant de ce site web, nous avons un int\u00e9r\u00eat l\u00e9gitime \u00e0 l'enregistrement de cookies pour une mise \u00e0 disposition de nos services sans erreur technique et sans probl\u00e8me. Dans la mesure o\u00f9 le placement d'autres cookies (par exemple pour des fonctions d'analyse) a lieu, ceux-ci sont trait\u00e9s s\u00e9par\u00e9ment dans la pr\u00e9sente d\u00e9claration de protection des donn\u00e9es.<\/p>\n\n<p>Notre site web utilise des fonctions du service d'analyse web Google Analytics. Le fournisseur de ce service d'analyse web est Google Inc., 1600 Amphitheatre Parkway, Mountain View, CA 94043, USA.<\/p>\n<p>Google Analytics utilise des \"cookies\". Il s'agit de petits fichiers texte que votre navigateur web enregistre sur votre terminal et qui permettent d'analyser l'utilisation du site web. Les informations g\u00e9n\u00e9r\u00e9es par les cookies concernant votre utilisation de notre site web sont transmises \u00e0 un serveur de Google et y sont enregistr\u00e9es. En r\u00e8gle g\u00e9n\u00e9rale, le serveur est situ\u00e9 aux \u00c9tats-Unis.<\/p>\n<p>L'installation des cookies Google Analytics est bas\u00e9e sur l'article 6, paragraphe 1, point f du RGPD. En tant qu'exploitant de ce site web, nous avons un int\u00e9r\u00eat l\u00e9gitime \u00e0 analyser le comportement des utilisateurs afin d'optimiser notre offre web et, le cas \u00e9ch\u00e9ant, notre publicit\u00e9.<\/p>\n<p>Anonymisation des IP<\/p>\n<p>Nous utilisons Google Analytics en combinaison avec la fonction d'anonymisation IP. Elle garantit que Google tronque votre adresse IP dans les \u00c9tats membres de l'Union europ\u00e9enne ou dans d'autres \u00c9tats signataires de l'accord sur l'Espace \u00e9conomique europ\u00e9en avant de la transmettre aux \u00c9tats-Unis. Il peut y avoir des cas exceptionnels dans lesquels Google transmet l'adresse IP compl\u00e8te \u00e0 un serveur aux \u00c9tats-Unis et l'y raccourcit. Google utilisera ces informations pour notre compte afin d'\u00e9valuer votre utilisation du site, d'\u00e9tablir des rapports sur les activit\u00e9s du site et de nous fournir d'autres services li\u00e9s \u00e0 l'utilisation du site et d'Internet. L'adresse IP transmise par Google Analytics n'est pas recoup\u00e9e avec d'autres donn\u00e9es de Google.<\/p>\n<p>Plugin de navigateur<\/p>\n<p>Il est possible d'emp\u00eacher l'installation de cookies par votre navigateur web. Certaines fonctions de notre site web pourraient toutefois s'en trouver limit\u00e9es. Vous pouvez \u00e9galement emp\u00eacher la collecte de donn\u00e9es relatives \u00e0 votre utilisation du site web, y compris votre adresse IP, et leur traitement ult\u00e9rieur par Google. Pour ce faire, il vous suffit de t\u00e9l\u00e9charger et d'installer le plug-in de navigateur accessible via le lien suivant :\u00a0<a href=\"https:\/\/tools.google.com\/dlpage\/gaoptout?hl=de\">https:\/\/tools.google.com\/dlpage\/gaoptout?hl=de<\/a>.<\/p>\n<p>Opposition \u00e0 la collecte de donn\u00e9es<\/p>\n<p>Vous pouvez emp\u00eacher la saisie de vos donn\u00e9es par Google Analytics en cliquant sur le lien suivant. Un cookie d'opt-out sera install\u00e9, qui emp\u00eachera la collecte de vos donn\u00e9es lors de vos prochaines visites sur notre site : D\u00e9sactiver Google Analytics.<\/p>\n<p>Pour plus de d\u00e9tails sur la mani\u00e8re dont Google Analytics traite les donn\u00e9es des utilisateurs, veuillez consulter la d\u00e9claration de confidentialit\u00e9 de Google :\u00a0<a href=\"https:\/\/support.google.com\/analytics\/answer\/6004245?hl=de\">https:\/\/support.google.com\/analytics\/answer\/6004245?hl=de<\/a>.<\/p>\n<p>Traitement des commandes<\/p>\n<p>Afin de satisfaire pleinement aux exigences l\u00e9gales en mati\u00e8re de protection des donn\u00e9es, nous avons conclu un contrat de traitement des commandes avec Google.<\/p>\n<p>Caract\u00e9ristiques d\u00e9mographiques dans Google Analytics<\/p>\n<p>Notre site utilise la fonction \"caract\u00e9ristiques d\u00e9mographiques\" de Google Analytics. Celle-ci permet de cr\u00e9er des rapports contenant des d\u00e9clarations sur l'\u00e2ge, le sexe et les int\u00e9r\u00eats des visiteurs du site. Ces donn\u00e9es proviennent de la publicit\u00e9 cibl\u00e9e par centres d'int\u00e9r\u00eat de Google ainsi que de donn\u00e9es de visiteurs de fournisseurs tiers. Une attribution des donn\u00e9es \u00e0 une personne pr\u00e9cise n'est pas possible. Vous pouvez d\u00e9sactiver cette fonction \u00e0 tout moment. Cela est possible via les param\u00e8tres des annonces dans votre compte Google ou en interdisant de mani\u00e8re g\u00e9n\u00e9rale la collecte de vos donn\u00e9es par Google Analytics, comme expliqu\u00e9 au point \"Opposition \u00e0 la collecte de donn\u00e9es\".<\/p>","protected":false},"excerpt":{"rendered":"<p>Datenschutzerkl\u00e4rung Die verantwortliche Stelle f\u00fcr die Datenverarbeitung auf dieser Website ist: Thomas Pruschwitz ad acta Am Petzinsee 37 14548 Schwielowsee (OT Geltow) &nbsp; Die verantwortliche Stelle entscheidet allein oder gemeinsam mit anderen \u00fcber die Zwecke und Mittel der Verarbeitung von personenbezogenen Daten (z.B. Namen, Kontaktdaten o. \u00c4.). Nur mit Ihrer ausdr\u00fccklichen Einwilligung sind einige Vorg\u00e4nge [&hellip;]<\/p>\n","protected":false},"author":1,"featured_media":0,"parent":0,"menu_order":0,"comment_status":"closed","ping_status":"closed","template":"","meta":{"ocean_post_layout":"full-width","ocean_both_sidebars_style":"","ocean_both_sidebars_content_width":0,"ocean_both_sidebars_sidebars_width":0,"ocean_sidebar":"0","ocean_second_sidebar":"0","ocean_disable_margins":"enable","ocean_add_body_class":"","ocean_shortcode_before_top_bar":"","ocean_shortcode_after_top_bar":"","ocean_shortcode_before_header":"","ocean_shortcode_after_header":"","ocean_has_shortcode":"","ocean_shortcode_after_title":"","ocean_shortcode_before_footer_widgets":"","ocean_shortcode_after_footer_widgets":"","ocean_shortcode_before_footer_bottom":"","ocean_shortcode_after_footer_bottom":"","ocean_display_top_bar":"default","ocean_display_header":"default","ocean_header_style":"","ocean_center_header_left_menu":"0","ocean_custom_header_template":"0","ocean_custom_logo":0,"ocean_custom_retina_logo":0,"ocean_custom_logo_max_width":0,"ocean_custom_logo_tablet_max_width":0,"ocean_custom_logo_mobile_max_width":0,"ocean_custom_logo_max_height":0,"ocean_custom_logo_tablet_max_height":0,"ocean_custom_logo_mobile_max_height":0,"ocean_header_custom_menu":"0","ocean_menu_typo_font_family":"0","ocean_menu_typo_font_subset":"","ocean_menu_typo_font_size":0,"ocean_menu_typo_font_size_tablet":0,"ocean_menu_typo_font_size_mobile":0,"ocean_menu_typo_font_size_unit":"px","ocean_menu_typo_font_weight":"","ocean_menu_typo_font_weight_tablet":"","ocean_menu_typo_font_weight_mobile":"","ocean_menu_typo_transform":"","ocean_menu_typo_transform_tablet":"","ocean_menu_typo_transform_mobile":"","ocean_menu_typo_line_height":0,"ocean_menu_typo_line_height_tablet":0,"ocean_menu_typo_line_height_mobile":0,"ocean_menu_typo_line_height_unit":"","ocean_menu_typo_spacing":0,"ocean_menu_typo_spacing_tablet":0,"ocean_menu_typo_spacing_mobile":0,"ocean_menu_typo_spacing_unit":"","ocean_menu_link_color":"","ocean_menu_link_color_hover":"","ocean_menu_link_color_active":"","ocean_menu_link_background":"","ocean_menu_link_hover_background":"","ocean_menu_link_active_background":"","ocean_menu_social_links_bg":"","ocean_menu_social_hover_links_bg":"","ocean_menu_social_links_color":"","ocean_menu_social_hover_links_color":"","ocean_disable_title":"on","ocean_disable_heading":"default","ocean_post_title":"","ocean_post_subheading":"","ocean_post_title_style":"","ocean_post_title_background_color":"","ocean_post_title_background":0,"ocean_post_title_bg_image_position":"","ocean_post_title_bg_image_attachment":"","ocean_post_title_bg_image_repeat":"","ocean_post_title_bg_image_size":"","ocean_post_title_height":0,"ocean_post_title_bg_overlay":0.5,"ocean_post_title_bg_overlay_color":"","ocean_disable_breadcrumbs":"default","ocean_breadcrumbs_color":"","ocean_breadcrumbs_separator_color":"","ocean_breadcrumbs_links_color":"","ocean_breadcrumbs_links_hover_color":"","ocean_display_footer_widgets":"default","ocean_display_footer_bottom":"default","ocean_custom_footer_template":"0","footnotes":""},"class_list":["post-77","page","type-page","status-publish","hentry","entry"],"yoast_head":"<!-- This site is optimized with the Yoast SEO plugin v27.4 - https:\/\/yoast.com\/product\/yoast-seo-wordpress\/ -->\n<title>Datenschutzerkl\u00e4rung - Recherchedienst Bundesarchiv Berlin<\/title>\n<meta name=\"robots\" content=\"index, follow, max-snippet:-1, max-image-preview:large, max-video-preview:-1\" \/>\n<link rel=\"canonical\" href=\"https:\/\/recherche-bundesarchiv.de\/fr\/protection-des-donnees\/\" \/>\n<meta property=\"og:locale\" content=\"fr_FR\" \/>\n<meta property=\"og:type\" content=\"article\" \/>\n<meta property=\"og:title\" content=\"Datenschutzerkl\u00e4rung - Recherchedienst Bundesarchiv Berlin\" \/>\n<meta property=\"og:description\" content=\"Datenschutzerkl\u00e4rung Die verantwortliche Stelle f\u00fcr die Datenverarbeitung auf dieser Website ist: Thomas Pruschwitz ad acta Am Petzinsee 37 14548 Schwielowsee (OT Geltow) &nbsp; Die verantwortliche Stelle entscheidet allein oder gemeinsam mit anderen \u00fcber die Zwecke und Mittel der Verarbeitung von personenbezogenen Daten (z.B. Namen, Kontaktdaten o. \u00c4.). Nur mit Ihrer ausdr\u00fccklichen Einwilligung sind einige Vorg\u00e4nge [&hellip;]\" \/>\n<meta property=\"og:url\" content=\"https:\/\/recherche-bundesarchiv.de\/fr\/protection-des-donnees\/\" \/>\n<meta property=\"og:site_name\" content=\"Recherchedienst Bundesarchiv Berlin\" \/>\n<meta property=\"article:modified_time\" content=\"2021-11-01T09:59:11+00:00\" \/>\n<meta name=\"twitter:card\" content=\"summary_large_image\" \/>\n<meta name=\"twitter:label1\" content=\"Dur\u00e9e de lecture estim\u00e9e\" \/>\n\t<meta name=\"twitter:data1\" content=\"5 minutes\" \/>\n<script type=\"application\/ld+json\" class=\"yoast-schema-graph\">{\"@context\":\"https:\\\/\\\/schema.org\",\"@graph\":[{\"@type\":\"WebPage\",\"@id\":\"https:\\\/\\\/recherche-bundesarchiv.de\\\/datenschutz\\\/\",\"url\":\"https:\\\/\\\/recherche-bundesarchiv.de\\\/datenschutz\\\/\",\"name\":\"Datenschutzerkl\u00e4rung - Recherchedienst Bundesarchiv Berlin\",\"isPartOf\":{\"@id\":\"https:\\\/\\\/recherche-bundesarchiv.de\\\/#website\"},\"datePublished\":\"2021-11-01T09:57:18+00:00\",\"dateModified\":\"2021-11-01T09:59:11+00:00\",\"breadcrumb\":{\"@id\":\"https:\\\/\\\/recherche-bundesarchiv.de\\\/datenschutz\\\/#breadcrumb\"},\"inLanguage\":\"fr-FR\",\"potentialAction\":[{\"@type\":\"ReadAction\",\"target\":[\"https:\\\/\\\/recherche-bundesarchiv.de\\\/datenschutz\\\/\"]}]},{\"@type\":\"BreadcrumbList\",\"@id\":\"https:\\\/\\\/recherche-bundesarchiv.de\\\/datenschutz\\\/#breadcrumb\",\"itemListElement\":[{\"@type\":\"ListItem\",\"position\":1,\"name\":\"Home\",\"item\":\"https:\\\/\\\/recherche-bundesarchiv.de\\\/\"},{\"@type\":\"ListItem\",\"position\":2,\"name\":\"Datenschutzerkl\u00e4rung\"}]},{\"@type\":\"WebSite\",\"@id\":\"https:\\\/\\\/recherche-bundesarchiv.de\\\/#website\",\"url\":\"https:\\\/\\\/recherche-bundesarchiv.de\\\/\",\"name\":\"Recherchedienst Bundesarchiv Berlin\",\"description\":\"Recherche Bundesarchiv Berlin\",\"publisher\":{\"@id\":\"https:\\\/\\\/recherche-bundesarchiv.de\\\/#organization\"},\"potentialAction\":[{\"@type\":\"SearchAction\",\"target\":{\"@type\":\"EntryPoint\",\"urlTemplate\":\"https:\\\/\\\/recherche-bundesarchiv.de\\\/?s={search_term_string}\"},\"query-input\":{\"@type\":\"PropertyValueSpecification\",\"valueRequired\":true,\"valueName\":\"search_term_string\"}}],\"inLanguage\":\"fr-FR\"},{\"@type\":\"Organization\",\"@id\":\"https:\\\/\\\/recherche-bundesarchiv.de\\\/#organization\",\"name\":\"Recherchedienst Bundesarchiv Berlin\",\"url\":\"https:\\\/\\\/recherche-bundesarchiv.de\\\/\",\"logo\":{\"@type\":\"ImageObject\",\"inLanguage\":\"fr-FR\",\"@id\":\"https:\\\/\\\/recherche-bundesarchiv.de\\\/#\\\/schema\\\/logo\\\/image\\\/\",\"url\":\"https:\\\/\\\/recherche-bundesarchiv.de\\\/wp-content\\\/uploads\\\/2021\\\/11\\\/cropped-ad-acta-recherchen-bundesarchiv-logo@2x.png\",\"contentUrl\":\"https:\\\/\\\/recherche-bundesarchiv.de\\\/wp-content\\\/uploads\\\/2021\\\/11\\\/cropped-ad-acta-recherchen-bundesarchiv-logo@2x.png\",\"width\":374,\"height\":102,\"caption\":\"Recherchedienst Bundesarchiv Berlin\"},\"image\":{\"@id\":\"https:\\\/\\\/recherche-bundesarchiv.de\\\/#\\\/schema\\\/logo\\\/image\\\/\"}}]}<\/script>\n<!-- \/ Yoast SEO plugin. -->","yoast_head_json":{"title":"D\u00e9claration de protection des donn\u00e9es - Service de recherche Bundesarchiv Berlin","robots":{"index":"index","follow":"follow","max-snippet":"max-snippet:-1","max-image-preview":"max-image-preview:large","max-video-preview":"max-video-preview:-1"},"canonical":"https:\/\/recherche-bundesarchiv.de\/fr\/protection-des-donnees\/","og_locale":"fr_FR","og_type":"article","og_title":"Datenschutzerkl\u00e4rung - Recherchedienst Bundesarchiv Berlin","og_description":"Datenschutzerkl\u00e4rung Die verantwortliche Stelle f\u00fcr die Datenverarbeitung auf dieser Website ist: Thomas Pruschwitz ad acta Am Petzinsee 37 14548 Schwielowsee (OT Geltow) &nbsp; Die verantwortliche Stelle entscheidet allein oder gemeinsam mit anderen \u00fcber die Zwecke und Mittel der Verarbeitung von personenbezogenen Daten (z.B. Namen, Kontaktdaten o. \u00c4.). Nur mit Ihrer ausdr\u00fccklichen Einwilligung sind einige Vorg\u00e4nge [&hellip;]","og_url":"https:\/\/recherche-bundesarchiv.de\/fr\/protection-des-donnees\/","og_site_name":"Recherchedienst Bundesarchiv Berlin","article_modified_time":"2021-11-01T09:59:11+00:00","twitter_card":"summary_large_image","twitter_misc":{"Dur\u00e9e de lecture estim\u00e9e":"5 minutes"},"schema":{"@context":"https:\/\/schema.org","@graph":[{"@type":"WebPage","@id":"https:\/\/recherche-bundesarchiv.de\/datenschutz\/","url":"https:\/\/recherche-bundesarchiv.de\/datenschutz\/","name":"D\u00e9claration de protection des donn\u00e9es - Service de recherche Bundesarchiv Berlin","isPartOf":{"@id":"https:\/\/recherche-bundesarchiv.de\/#website"},"datePublished":"2021-11-01T09:57:18+00:00","dateModified":"2021-11-01T09:59:11+00:00","breadcrumb":{"@id":"https:\/\/recherche-bundesarchiv.de\/datenschutz\/#breadcrumb"},"inLanguage":"fr-FR","potentialAction":[{"@type":"ReadAction","target":["https:\/\/recherche-bundesarchiv.de\/datenschutz\/"]}]},{"@type":"BreadcrumbList","@id":"https:\/\/recherche-bundesarchiv.de\/datenschutz\/#breadcrumb","itemListElement":[{"@type":"ListItem","position":1,"name":"Home","item":"https:\/\/recherche-bundesarchiv.de\/"},{"@type":"ListItem","position":2,"name":"Datenschutzerkl\u00e4rung"}]},{"@type":"WebSite","@id":"https:\/\/recherche-bundesarchiv.de\/#website","url":"https:\/\/recherche-bundesarchiv.de\/","name":"Service de recherche Bundesarchiv Berlin","description":"Recherche Bundesarchiv Berlin","publisher":{"@id":"https:\/\/recherche-bundesarchiv.de\/#organization"},"potentialAction":[{"@type":"SearchAction","target":{"@type":"EntryPoint","urlTemplate":"https:\/\/recherche-bundesarchiv.de\/?s={search_term_string}"},"query-input":{"@type":"PropertyValueSpecification","valueRequired":true,"valueName":"search_term_string"}}],"inLanguage":"fr-FR"},{"@type":"Organization","@id":"https:\/\/recherche-bundesarchiv.de\/#organization","name":"Service de recherche Bundesarchiv Berlin","url":"https:\/\/recherche-bundesarchiv.de\/","logo":{"@type":"ImageObject","inLanguage":"fr-FR","@id":"https:\/\/recherche-bundesarchiv.de\/#\/schema\/logo\/image\/","url":"https:\/\/recherche-bundesarchiv.de\/wp-content\/uploads\/2021\/11\/cropped-ad-acta-recherchen-bundesarchiv-logo@2x.png","contentUrl":"https:\/\/recherche-bundesarchiv.de\/wp-content\/uploads\/2021\/11\/cropped-ad-acta-recherchen-bundesarchiv-logo@2x.png","width":374,"height":102,"caption":"Recherchedienst Bundesarchiv Berlin"},"image":{"@id":"https:\/\/recherche-bundesarchiv.de\/#\/schema\/logo\/image\/"}}]}},"_links":{"self":[{"href":"https:\/\/recherche-bundesarchiv.de\/fr\/wp-json\/wp\/v2\/pages\/77","targetHints":{"allow":["GET"]}}],"collection":[{"href":"https:\/\/recherche-bundesarchiv.de\/fr\/wp-json\/wp\/v2\/pages"}],"about":[{"href":"https:\/\/recherche-bundesarchiv.de\/fr\/wp-json\/wp\/v2\/types\/page"}],"author":[{"embeddable":true,"href":"https:\/\/recherche-bundesarchiv.de\/fr\/wp-json\/wp\/v2\/users\/1"}],"replies":[{"embeddable":true,"href":"https:\/\/recherche-bundesarchiv.de\/fr\/wp-json\/wp\/v2\/comments?post=77"}],"version-history":[{"count":4,"href":"https:\/\/recherche-bundesarchiv.de\/fr\/wp-json\/wp\/v2\/pages\/77\/revisions"}],"predecessor-version":[{"id":81,"href":"https:\/\/recherche-bundesarchiv.de\/fr\/wp-json\/wp\/v2\/pages\/77\/revisions\/81"}],"wp:attachment":[{"href":"https:\/\/recherche-bundesarchiv.de\/fr\/wp-json\/wp\/v2\/media?parent=77"}],"curies":[{"name":"wp","href":"https:\/\/api.w.org\/{rel}","templated":true}]}}