{"id":101,"date":"2021-11-01T13:45:46","date_gmt":"2021-11-01T12:45:46","guid":{"rendered":"https:\/\/bundesarchiv.wa-dev.de\/?page_id=101"},"modified":"2026-02-08T20:51:26","modified_gmt":"2026-02-08T19:51:26","slug":"bundesarchiv-familienforschung","status":"publish","type":"page","link":"https:\/\/recherche-bundesarchiv.de\/fr\/recherche-sur-la-famille\/","title":{"rendered":"Recherches g\u00e9n\u00e9alogiques"},"content":{"rendered":"<h1>\n\t\tRecherches g\u00e9n\u00e9alogiques aux Archives f\u00e9d\u00e9rales \n\t<\/h1>\n\tLa recherche g\u00e9n\u00e9alogique est un recoupement complet de donn\u00e9es.<br \/>\nDans ce contexte, chaque recherche peut confirmer, actualiser ou \u00e9largir les informations d\u00e9j\u00e0 disponibles.<br \/>\nAd Acta Recherches ne vous soutient pas seulement dans votre recherche de documents relatifs aux personnes dans les archives f\u00e9d\u00e9rales. Nous recherchons en outre des traces de la tradition dans les dossiers mat\u00e9riels.\n\t<h3>Qu'est-ce qu'un document \u00e0 caract\u00e8re personnel ?<\/h3>\n\t<p>Il s'agit de documents contenant des donn\u00e9es relatives \u00e0 au moins une personne physique. Ils sont soumis \u00e0 un d\u00e9lai de protection sp\u00e9cial de 100 ans. Ce d\u00e9lai commence \u00e0 courir \u00e0 partir de l'ann\u00e9e de naissance de la ou des personnes concern\u00e9es, si aucune date de d\u00e9c\u00e8s ne peut \u00eatre d\u00e9termin\u00e9e. Toutefois, le d\u00e9lai de protection peut \u00eatre r\u00e9duit sur demande, par exemple si - comme dans le cas de la recherche g\u00e9n\u00e9alogique - un int\u00e9r\u00eat l\u00e9gitime peut \u00eatre prouv\u00e9. La base de la p\u00e9riode de protection est le <a href=\"https:\/\/www.gesetze-im-internet.de\/barchg_2017\/__11.html\">\u00a7 11 de la loi sur les archives f\u00e9d\u00e9rales<\/a>.<\/p>\n\t<h3>Qu'est-ce qu'un dossier mat\u00e9riel ?<\/h3>\n\t<p>Les dossiers mati\u00e8res sont des documents qui sont rattach\u00e9s \u00e0 un th\u00e8me. Selon la tradition, ces dossiers ont leurs propres fonds ou sont int\u00e9gr\u00e9s dans des fonds th\u00e9matiques similaires. S'il n'existe pas d'autre r\u00e9glementation, par exemple des dispositions relatives au secret, le d\u00e9lai de protection des dossiers mati\u00e8res se termine apr\u00e8s 30 ans. Ici aussi, le fondement est le \u00a7 11 de la loi sur les archives f\u00e9d\u00e9rales. Vous trouverez ici des exemples de dossiers mati\u00e8res qui peuvent \u00eatre utiles pour les recherches g\u00e9n\u00e9alogiques aux Archives f\u00e9d\u00e9rales (<a href=\"https:\/\/recherche-bundesarchiv.de\/fr\/page-daccueil\/\">Exemple de relocalisation<\/a>).<\/p>\n\t<iframe loading=\"lazy\" width=\"560\" height=\"315\" src=\"https:\/\/www.youtube.com\/embed\/oEFBYj5lwrU\" title=\"Lecteur vid\u00e9o YouTube\" frameborder=\"0\" allow=\"accelerometer; autoplay; clipboard-write; encrypted-media; gyroscope; picture-in-picture\" allowfullscreen><\/iframe>\n<h2>\n\t\tOutils de recherche sur la g\u00e9n\u00e9alogie aux Archives f\u00e9d\u00e9rales allemandes\n\t<\/h2>\n\t<p>Pour trouver des donn\u00e9es, diff\u00e9rents moyens sont disponibles \u00e0 Berlin-Lichterfelde pour la recherche g\u00e9n\u00e9alogique.<\/p>\n\t\n\t<p>Informations sur les archives<\/p>\n\t<p>Informations en partie obsol\u00e8tes<\/p>\n\t\n\t<p>Informations pour la recherche g\u00e9n\u00e9alogique<\/p>\n\t<p>Souvent \u00e0 rechercher manuellement<\/p>\n\t\n\t<p>Informations num\u00e9riques sur les archives<\/p>\n\t<p>Accessible uniquement aux Archives f\u00e9d\u00e9rales avec toutes les autorisations n\u00e9cessaires<\/p>","protected":false},"excerpt":{"rendered":"<p>Familienforschung im Bundesarchiv Familienforschung ist ein umfassender Datenabgleich. Dabei kann jede Recherche die bereits vorhandenen Informationen best\u00e4tigen, aktualisieren oder erweitern. Ad Acta Recherchen unterst\u00fctzt Sie nicht nur bei Ihrer Suche nach personenbezogenen Dokumenten im Bundesarchiv. Dar\u00fcber hinaus recherchieren wir in Sachakten nach Spuren der \u00dcberlieferung. Was sind personenbezogene Dokumente? Es handelt sich um Dokumente, die [&hellip;]<\/p>\n","protected":false},"author":1,"featured_media":0,"parent":0,"menu_order":0,"comment_status":"closed","ping_status":"closed","template":"","meta":{"ocean_post_layout":"full-screen","ocean_both_sidebars_style":"","ocean_both_sidebars_content_width":0,"ocean_both_sidebars_sidebars_width":0,"ocean_sidebar":"0","ocean_second_sidebar":"0","ocean_disable_margins":"enable","ocean_add_body_class":"","ocean_shortcode_before_top_bar":"","ocean_shortcode_after_top_bar":"","ocean_shortcode_before_header":"","ocean_shortcode_after_header":"","ocean_has_shortcode":"","ocean_shortcode_after_title":"","ocean_shortcode_before_footer_widgets":"","ocean_shortcode_after_footer_widgets":"","ocean_shortcode_before_footer_bottom":"","ocean_shortcode_after_footer_bottom":"","ocean_display_top_bar":"default","ocean_display_header":"default","ocean_header_style":"","ocean_center_header_left_menu":"0","ocean_custom_header_template":"0","ocean_custom_logo":0,"ocean_custom_retina_logo":0,"ocean_custom_logo_max_width":0,"ocean_custom_logo_tablet_max_width":0,"ocean_custom_logo_mobile_max_width":0,"ocean_custom_logo_max_height":0,"ocean_custom_logo_tablet_max_height":0,"ocean_custom_logo_mobile_max_height":0,"ocean_header_custom_menu":"0","ocean_menu_typo_font_family":"0","ocean_menu_typo_font_subset":"","ocean_menu_typo_font_size":0,"ocean_menu_typo_font_size_tablet":0,"ocean_menu_typo_font_size_mobile":0,"ocean_menu_typo_font_size_unit":"px","ocean_menu_typo_font_weight":"","ocean_menu_typo_font_weight_tablet":"","ocean_menu_typo_font_weight_mobile":"","ocean_menu_typo_transform":"","ocean_menu_typo_transform_tablet":"","ocean_menu_typo_transform_mobile":"","ocean_menu_typo_line_height":0,"ocean_menu_typo_line_height_tablet":0,"ocean_menu_typo_line_height_mobile":0,"ocean_menu_typo_line_height_unit":"","ocean_menu_typo_spacing":0,"ocean_menu_typo_spacing_tablet":0,"ocean_menu_typo_spacing_mobile":0,"ocean_menu_typo_spacing_unit":"","ocean_menu_link_color":"","ocean_menu_link_color_hover":"","ocean_menu_link_color_active":"","ocean_menu_link_background":"","ocean_menu_link_hover_background":"","ocean_menu_link_active_background":"","ocean_menu_social_links_bg":"","ocean_menu_social_hover_links_bg":"","ocean_menu_social_links_color":"","ocean_menu_social_hover_links_color":"","ocean_disable_title":"on","ocean_disable_heading":"default","ocean_post_title":"","ocean_post_subheading":"","ocean_post_title_style":"","ocean_post_title_background_color":"","ocean_post_title_background":0,"ocean_post_title_bg_image_position":"","ocean_post_title_bg_image_attachment":"","ocean_post_title_bg_image_repeat":"","ocean_post_title_bg_image_size":"","ocean_post_title_height":0,"ocean_post_title_bg_overlay":0.5,"ocean_post_title_bg_overlay_color":"","ocean_disable_breadcrumbs":"default","ocean_breadcrumbs_color":"","ocean_breadcrumbs_separator_color":"","ocean_breadcrumbs_links_color":"","ocean_breadcrumbs_links_hover_color":"","ocean_display_footer_widgets":"default","ocean_display_footer_bottom":"default","ocean_custom_footer_template":"0","footnotes":""},"class_list":["post-101","page","type-page","status-publish","hentry","entry"],"yoast_head":"<!-- This site is optimized with the Yoast SEO plugin v27.3 - https:\/\/yoast.com\/product\/yoast-seo-wordpress\/ -->\n<title>Familienforschung im Bundesarchiv<\/title>\n<meta name=\"description\" content=\"Familienforschung im Bundesarchiv - Recherche nach personenbezogenen Dokumenten | Weimarer Republik, NS-Zeit, DDR | Akten, Bilder, Filme\" \/>\n<meta name=\"robots\" content=\"index, follow, max-snippet:-1, max-image-preview:large, max-video-preview:-1\" \/>\n<link rel=\"canonical\" href=\"https:\/\/recherche-bundesarchiv.de\/fr\/recherche-sur-la-famille\/\" \/>\n<meta property=\"og:locale\" content=\"fr_FR\" \/>\n<meta property=\"og:type\" content=\"article\" \/>\n<meta property=\"og:title\" content=\"Familienforschung im Bundesarchiv\" \/>\n<meta property=\"og:description\" content=\"Familienforschung im Bundesarchiv - Recherche nach personenbezogenen Dokumenten | Weimarer Republik, NS-Zeit, DDR | Akten, Bilder, Filme\" \/>\n<meta property=\"og:url\" content=\"https:\/\/recherche-bundesarchiv.de\/fr\/recherche-sur-la-famille\/\" \/>\n<meta property=\"og:site_name\" content=\"Recherchedienst Bundesarchiv Berlin\" \/>\n<meta property=\"article:modified_time\" content=\"2026-02-08T19:51:26+00:00\" \/>\n<meta name=\"twitter:card\" content=\"summary_large_image\" \/>\n<meta name=\"twitter:label1\" content=\"Dur\u00e9e de lecture estim\u00e9e\" \/>\n\t<meta name=\"twitter:data1\" content=\"2 minutes\" \/>\n<script type=\"application\/ld+json\" class=\"yoast-schema-graph\">{\"@context\":\"https:\\\/\\\/schema.org\",\"@graph\":[{\"@type\":\"WebPage\",\"@id\":\"https:\\\/\\\/recherche-bundesarchiv.de\\\/bundesarchiv-familienforschung\\\/\",\"url\":\"https:\\\/\\\/recherche-bundesarchiv.de\\\/bundesarchiv-familienforschung\\\/\",\"name\":\"Familienforschung im Bundesarchiv\",\"isPartOf\":{\"@id\":\"https:\\\/\\\/recherche-bundesarchiv.de\\\/#website\"},\"datePublished\":\"2021-11-01T12:45:46+00:00\",\"dateModified\":\"2026-02-08T19:51:26+00:00\",\"description\":\"Familienforschung im Bundesarchiv - Recherche nach personenbezogenen Dokumenten | Weimarer Republik, NS-Zeit, DDR | Akten, Bilder, Filme\",\"breadcrumb\":{\"@id\":\"https:\\\/\\\/recherche-bundesarchiv.de\\\/bundesarchiv-familienforschung\\\/#breadcrumb\"},\"inLanguage\":\"fr-FR\",\"potentialAction\":[{\"@type\":\"ReadAction\",\"target\":[\"https:\\\/\\\/recherche-bundesarchiv.de\\\/bundesarchiv-familienforschung\\\/\"]}]},{\"@type\":\"BreadcrumbList\",\"@id\":\"https:\\\/\\\/recherche-bundesarchiv.de\\\/bundesarchiv-familienforschung\\\/#breadcrumb\",\"itemListElement\":[{\"@type\":\"ListItem\",\"position\":1,\"name\":\"Home\",\"item\":\"https:\\\/\\\/recherche-bundesarchiv.de\\\/\"},{\"@type\":\"ListItem\",\"position\":2,\"name\":\"Familienforschung\"}]},{\"@type\":\"WebSite\",\"@id\":\"https:\\\/\\\/recherche-bundesarchiv.de\\\/#website\",\"url\":\"https:\\\/\\\/recherche-bundesarchiv.de\\\/\",\"name\":\"Recherchedienst Bundesarchiv Berlin\",\"description\":\"Recherche Bundesarchiv Berlin\",\"publisher\":{\"@id\":\"https:\\\/\\\/recherche-bundesarchiv.de\\\/#organization\"},\"potentialAction\":[{\"@type\":\"SearchAction\",\"target\":{\"@type\":\"EntryPoint\",\"urlTemplate\":\"https:\\\/\\\/recherche-bundesarchiv.de\\\/?s={search_term_string}\"},\"query-input\":{\"@type\":\"PropertyValueSpecification\",\"valueRequired\":true,\"valueName\":\"search_term_string\"}}],\"inLanguage\":\"fr-FR\"},{\"@type\":\"Organization\",\"@id\":\"https:\\\/\\\/recherche-bundesarchiv.de\\\/#organization\",\"name\":\"Recherchedienst Bundesarchiv Berlin\",\"url\":\"https:\\\/\\\/recherche-bundesarchiv.de\\\/\",\"logo\":{\"@type\":\"ImageObject\",\"inLanguage\":\"fr-FR\",\"@id\":\"https:\\\/\\\/recherche-bundesarchiv.de\\\/#\\\/schema\\\/logo\\\/image\\\/\",\"url\":\"https:\\\/\\\/recherche-bundesarchiv.de\\\/wp-content\\\/uploads\\\/2021\\\/11\\\/cropped-ad-acta-recherchen-bundesarchiv-logo@2x.png\",\"contentUrl\":\"https:\\\/\\\/recherche-bundesarchiv.de\\\/wp-content\\\/uploads\\\/2021\\\/11\\\/cropped-ad-acta-recherchen-bundesarchiv-logo@2x.png\",\"width\":374,\"height\":102,\"caption\":\"Recherchedienst Bundesarchiv Berlin\"},\"image\":{\"@id\":\"https:\\\/\\\/recherche-bundesarchiv.de\\\/#\\\/schema\\\/logo\\\/image\\\/\"}}]}<\/script>\n<!-- \/ Yoast SEO plugin. -->","yoast_head_json":{"title":"Recherches g\u00e9n\u00e9alogiques aux Archives f\u00e9d\u00e9rales","description":"Recherches g\u00e9n\u00e9alogiques aux Archives f\u00e9d\u00e9rales - Recherche de documents personnels | R\u00e9publique de Weimar, p\u00e9riode nazie, RDA | Dossiers, images, films","robots":{"index":"index","follow":"follow","max-snippet":"max-snippet:-1","max-image-preview":"max-image-preview:large","max-video-preview":"max-video-preview:-1"},"canonical":"https:\/\/recherche-bundesarchiv.de\/fr\/recherche-sur-la-famille\/","og_locale":"fr_FR","og_type":"article","og_title":"Familienforschung im Bundesarchiv","og_description":"Familienforschung im Bundesarchiv - Recherche nach personenbezogenen Dokumenten | Weimarer Republik, NS-Zeit, DDR | Akten, Bilder, Filme","og_url":"https:\/\/recherche-bundesarchiv.de\/fr\/recherche-sur-la-famille\/","og_site_name":"Recherchedienst Bundesarchiv Berlin","article_modified_time":"2026-02-08T19:51:26+00:00","twitter_card":"summary_large_image","twitter_misc":{"Dur\u00e9e de lecture estim\u00e9e":"2 minutes"},"schema":{"@context":"https:\/\/schema.org","@graph":[{"@type":"WebPage","@id":"https:\/\/recherche-bundesarchiv.de\/bundesarchiv-familienforschung\/","url":"https:\/\/recherche-bundesarchiv.de\/bundesarchiv-familienforschung\/","name":"Recherches g\u00e9n\u00e9alogiques aux Archives f\u00e9d\u00e9rales","isPartOf":{"@id":"https:\/\/recherche-bundesarchiv.de\/#website"},"datePublished":"2021-11-01T12:45:46+00:00","dateModified":"2026-02-08T19:51:26+00:00","description":"Recherches g\u00e9n\u00e9alogiques aux Archives f\u00e9d\u00e9rales - Recherche de documents personnels | R\u00e9publique de Weimar, p\u00e9riode nazie, RDA | Dossiers, images, films","breadcrumb":{"@id":"https:\/\/recherche-bundesarchiv.de\/bundesarchiv-familienforschung\/#breadcrumb"},"inLanguage":"fr-FR","potentialAction":[{"@type":"ReadAction","target":["https:\/\/recherche-bundesarchiv.de\/bundesarchiv-familienforschung\/"]}]},{"@type":"BreadcrumbList","@id":"https:\/\/recherche-bundesarchiv.de\/bundesarchiv-familienforschung\/#breadcrumb","itemListElement":[{"@type":"ListItem","position":1,"name":"Home","item":"https:\/\/recherche-bundesarchiv.de\/"},{"@type":"ListItem","position":2,"name":"Familienforschung"}]},{"@type":"WebSite","@id":"https:\/\/recherche-bundesarchiv.de\/#website","url":"https:\/\/recherche-bundesarchiv.de\/","name":"Service de recherche Bundesarchiv Berlin","description":"Recherche Bundesarchiv Berlin","publisher":{"@id":"https:\/\/recherche-bundesarchiv.de\/#organization"},"potentialAction":[{"@type":"SearchAction","target":{"@type":"EntryPoint","urlTemplate":"https:\/\/recherche-bundesarchiv.de\/?s={search_term_string}"},"query-input":{"@type":"PropertyValueSpecification","valueRequired":true,"valueName":"search_term_string"}}],"inLanguage":"fr-FR"},{"@type":"Organization","@id":"https:\/\/recherche-bundesarchiv.de\/#organization","name":"Service de recherche Bundesarchiv Berlin","url":"https:\/\/recherche-bundesarchiv.de\/","logo":{"@type":"ImageObject","inLanguage":"fr-FR","@id":"https:\/\/recherche-bundesarchiv.de\/#\/schema\/logo\/image\/","url":"https:\/\/recherche-bundesarchiv.de\/wp-content\/uploads\/2021\/11\/cropped-ad-acta-recherchen-bundesarchiv-logo@2x.png","contentUrl":"https:\/\/recherche-bundesarchiv.de\/wp-content\/uploads\/2021\/11\/cropped-ad-acta-recherchen-bundesarchiv-logo@2x.png","width":374,"height":102,"caption":"Recherchedienst Bundesarchiv Berlin"},"image":{"@id":"https:\/\/recherche-bundesarchiv.de\/#\/schema\/logo\/image\/"}}]}},"_links":{"self":[{"href":"https:\/\/recherche-bundesarchiv.de\/fr\/wp-json\/wp\/v2\/pages\/101","targetHints":{"allow":["GET"]}}],"collection":[{"href":"https:\/\/recherche-bundesarchiv.de\/fr\/wp-json\/wp\/v2\/pages"}],"about":[{"href":"https:\/\/recherche-bundesarchiv.de\/fr\/wp-json\/wp\/v2\/types\/page"}],"author":[{"embeddable":true,"href":"https:\/\/recherche-bundesarchiv.de\/fr\/wp-json\/wp\/v2\/users\/1"}],"replies":[{"embeddable":true,"href":"https:\/\/recherche-bundesarchiv.de\/fr\/wp-json\/wp\/v2\/comments?post=101"}],"version-history":[{"count":27,"href":"https:\/\/recherche-bundesarchiv.de\/fr\/wp-json\/wp\/v2\/pages\/101\/revisions"}],"predecessor-version":[{"id":1014,"href":"https:\/\/recherche-bundesarchiv.de\/fr\/wp-json\/wp\/v2\/pages\/101\/revisions\/1014"}],"wp:attachment":[{"href":"https:\/\/recherche-bundesarchiv.de\/fr\/wp-json\/wp\/v2\/media?parent=101"}],"curies":[{"name":"wp","href":"https:\/\/api.w.org\/{rel}","templated":true}]}}