{"id":82,"date":"2021-11-01T11:00:15","date_gmt":"2021-11-01T10:00:15","guid":{"rendered":"https:\/\/bundesarchiv.wa-dev.de\/?page_id=82"},"modified":"2021-11-01T11:00:27","modified_gmt":"2021-11-01T10:00:27","slug":"impressum","status":"publish","type":"page","link":"https:\/\/recherche-bundesarchiv.de\/es\/imprimir\/","title":{"rendered":"Pie de imprenta"},"content":{"rendered":"<h1>Pie de imprenta<\/h1>\nThomas Pruschwitz<br>\nad acta<br>\nEn el lago Petzin 37<br>\n14548 Schwielowsee (OT Geltow)\n\n<p>&nbsp;<\/p>\n<p>&nbsp;<\/p>\n<h2>NOTIFICACI\u00d3N EN VIRTUD DE LA ORDENANZA DE RESOLUCI\u00d3N DE LITIGIOS EN L\u00cdNEA<\/h2>\n\n<p>Sin embargo, queremos se\u00f1alar que no estamos dispuestos a participar en el procedimiento de resoluci\u00f3n de conflictos en el marco de la Plataforma Europea de Resoluci\u00f3n de Conflictos en L\u00ednea. Para ponerse en contacto con nosotros, utilice nuestro correo electr\u00f3nico y n\u00famero de tel\u00e9fono indicados anteriormente.<\/p>\n<p>&nbsp;<\/p>\n<h2>AVISO LEGAL - INFORMACI\u00d3N JUR\u00cdDICA<\/h2>\n\u00a7 1 Advertencia sobre el contenido<br>\nLos contenidos gratuitos y de libre acceso de este sitio web han sido creados con el mayor cuidado posible. Sin embargo, el proveedor de este sitio web no garantiza la exactitud ni la actualidad de las gu\u00edas y noticias period\u00edsticas proporcionadas de forma gratuita y de libre acceso. Las contribuciones identificadas por su nombre reflejan la opini\u00f3n del autor respectivo y no siempre la del proveedor. El mero hecho de consultar los contenidos gratuitos y de libre acceso no crea ninguna relaci\u00f3n contractual entre el usuario y el proveedor; en este sentido, falta la intenci\u00f3n del proveedor de obligarse jur\u00eddicamente.\n\u00a7 2 Enlaces externos<br>\nEste sitio web contiene enlaces a sitios web de terceros (\"enlaces externos\"). Estos sitios web est\u00e1n sujetos a la responsabilidad de sus respectivos operadores. Cuando se crearon los enlaces externos, el proveedor comprob\u00f3 que el contenido externo no infring\u00eda la ley. En ese momento, no se apreciaba ninguna infracci\u00f3n legal. El proveedor no tiene ninguna influencia sobre el dise\u00f1o y el contenido actual y futuro de las p\u00e1ginas enlazadas. La inclusi\u00f3n de enlaces externos no implica que el proveedor adopte como propios los contenidos que se encuentran tras la referencia o el enlace. No es razonable que el proveedor controle constantemente los enlaces externos sin que existan indicios concretos de violaciones legales. No obstante, estos enlaces externos se eliminar\u00e1n inmediatamente si se conocen infracciones legales.\n\u00a7 3 Derechos de autor y derechos conexos<br>\nLos contenidos publicados en este sitio web est\u00e1n sujetos a la legislaci\u00f3n alemana sobre derechos de autor y derechos conexos. Cualquier uso no permitido por la legislaci\u00f3n alemana sobre derechos de autor y derechos conexos requiere el consentimiento previo por escrito del proveedor o del respectivo titular de los derechos. Esto se aplica, en particular, a la copia, edici\u00f3n, traducci\u00f3n, almacenamiento, procesamiento o reproducci\u00f3n de contenidos en bases de datos u otros medios y sistemas electr\u00f3nicos. Los contenidos y derechos de terceros est\u00e1n marcados como tales. La reproducci\u00f3n o transmisi\u00f3n no autorizada de contenidos individuales o p\u00e1ginas completas no est\u00e1 permitida y es sancionada por la ley. S\u00f3lo se permite la producci\u00f3n de copias y descargas para uso personal, privado y no comercial.\n<p>La visualizaci\u00f3n de este sitio web en marcos externos s\u00f3lo est\u00e1 permitida con autorizaci\u00f3n escrita.<\/p>\n\u00a7 4 Condiciones especiales de uso<br>\nEn la medida en que las condiciones especiales para los usos individuales de este sitio web se aparten de los p\u00e1rrafos anteriores, se indicar\u00e1 expresamente en el lugar correspondiente. En este caso, se aplicar\u00e1n las condiciones especiales de uso en cada caso concreto.","protected":false},"excerpt":{"rendered":"<p>Impressum Thomas Pruschwitz ad acta Am Petzinsee 37 14548 Schwielowsee (OT Geltow) &nbsp; &nbsp; HINWEIS GEM\u00c4SS ONLINE-STREITBEILEGUNGS-VERORDNUN Wir weisen aber darauf hin, dass wir nicht bereit sind, uns am Streitbeilegungsverfahren im Rahmen der Europ\u00e4ischen Online-Streitbeilegungs-Plattform zu beteiligen. Nutzen Sie zur Kontaktaufnahme bitte unsere obige E-Mail und Telefonnummer. &nbsp; DISCLAIMER &#8211; RECHTLICHE HINWEISE \u00a7 1 Warnhinweis [&hellip;]<\/p>\n","protected":false},"author":1,"featured_media":0,"parent":0,"menu_order":0,"comment_status":"closed","ping_status":"closed","template":"","meta":{"ocean_post_layout":"full-width","ocean_both_sidebars_style":"","ocean_both_sidebars_content_width":0,"ocean_both_sidebars_sidebars_width":0,"ocean_sidebar":"0","ocean_second_sidebar":"0","ocean_disable_margins":"enable","ocean_add_body_class":"","ocean_shortcode_before_top_bar":"","ocean_shortcode_after_top_bar":"","ocean_shortcode_before_header":"","ocean_shortcode_after_header":"","ocean_has_shortcode":"","ocean_shortcode_after_title":"","ocean_shortcode_before_footer_widgets":"","ocean_shortcode_after_footer_widgets":"","ocean_shortcode_before_footer_bottom":"","ocean_shortcode_after_footer_bottom":"","ocean_display_top_bar":"default","ocean_display_header":"default","ocean_header_style":"","ocean_center_header_left_menu":"0","ocean_custom_header_template":"0","ocean_custom_logo":0,"ocean_custom_retina_logo":0,"ocean_custom_logo_max_width":0,"ocean_custom_logo_tablet_max_width":0,"ocean_custom_logo_mobile_max_width":0,"ocean_custom_logo_max_height":0,"ocean_custom_logo_tablet_max_height":0,"ocean_custom_logo_mobile_max_height":0,"ocean_header_custom_menu":"0","ocean_menu_typo_font_family":"0","ocean_menu_typo_font_subset":"","ocean_menu_typo_font_size":0,"ocean_menu_typo_font_size_tablet":0,"ocean_menu_typo_font_size_mobile":0,"ocean_menu_typo_font_size_unit":"px","ocean_menu_typo_font_weight":"","ocean_menu_typo_font_weight_tablet":"","ocean_menu_typo_font_weight_mobile":"","ocean_menu_typo_transform":"","ocean_menu_typo_transform_tablet":"","ocean_menu_typo_transform_mobile":"","ocean_menu_typo_line_height":0,"ocean_menu_typo_line_height_tablet":0,"ocean_menu_typo_line_height_mobile":0,"ocean_menu_typo_line_height_unit":"","ocean_menu_typo_spacing":0,"ocean_menu_typo_spacing_tablet":0,"ocean_menu_typo_spacing_mobile":0,"ocean_menu_typo_spacing_unit":"","ocean_menu_link_color":"","ocean_menu_link_color_hover":"","ocean_menu_link_color_active":"","ocean_menu_link_background":"","ocean_menu_link_hover_background":"","ocean_menu_link_active_background":"","ocean_menu_social_links_bg":"","ocean_menu_social_hover_links_bg":"","ocean_menu_social_links_color":"","ocean_menu_social_hover_links_color":"","ocean_disable_title":"on","ocean_disable_heading":"default","ocean_post_title":"","ocean_post_subheading":"","ocean_post_title_style":"","ocean_post_title_background_color":"","ocean_post_title_background":0,"ocean_post_title_bg_image_position":"","ocean_post_title_bg_image_attachment":"","ocean_post_title_bg_image_repeat":"","ocean_post_title_bg_image_size":"","ocean_post_title_height":0,"ocean_post_title_bg_overlay":0.5,"ocean_post_title_bg_overlay_color":"","ocean_disable_breadcrumbs":"default","ocean_breadcrumbs_color":"","ocean_breadcrumbs_separator_color":"","ocean_breadcrumbs_links_color":"","ocean_breadcrumbs_links_hover_color":"","ocean_display_footer_widgets":"default","ocean_display_footer_bottom":"default","ocean_custom_footer_template":"0","footnotes":""},"class_list":["post-82","page","type-page","status-publish","hentry","entry"],"yoast_head":"<!-- This site is optimized with the Yoast SEO plugin v27.4 - https:\/\/yoast.com\/product\/yoast-seo-wordpress\/ -->\n<title>Impressum - Recherchedienst Bundesarchiv Berlin<\/title>\n<meta name=\"robots\" content=\"index, follow, max-snippet:-1, max-image-preview:large, max-video-preview:-1\" \/>\n<link rel=\"canonical\" href=\"https:\/\/recherche-bundesarchiv.de\/es\/imprimir\/\" \/>\n<meta property=\"og:locale\" content=\"es_ES\" \/>\n<meta property=\"og:type\" content=\"article\" \/>\n<meta property=\"og:title\" content=\"Impressum - Recherchedienst Bundesarchiv Berlin\" \/>\n<meta property=\"og:description\" content=\"Impressum Thomas Pruschwitz ad acta Am Petzinsee 37 14548 Schwielowsee (OT Geltow) &nbsp; &nbsp; HINWEIS GEM\u00c4SS ONLINE-STREITBEILEGUNGS-VERORDNUN Wir weisen aber darauf hin, dass wir nicht bereit sind, uns am Streitbeilegungsverfahren im Rahmen der Europ\u00e4ischen Online-Streitbeilegungs-Plattform zu beteiligen. Nutzen Sie zur Kontaktaufnahme bitte unsere obige E-Mail und Telefonnummer. &nbsp; DISCLAIMER &#8211; RECHTLICHE HINWEISE \u00a7 1 Warnhinweis [&hellip;]\" \/>\n<meta property=\"og:url\" content=\"https:\/\/recherche-bundesarchiv.de\/es\/imprimir\/\" \/>\n<meta property=\"og:site_name\" content=\"Recherchedienst Bundesarchiv Berlin\" \/>\n<meta property=\"article:modified_time\" content=\"2021-11-01T10:00:27+00:00\" \/>\n<meta name=\"twitter:card\" content=\"summary_large_image\" \/>\n<meta name=\"twitter:label1\" content=\"Tiempo de lectura\" \/>\n\t<meta name=\"twitter:data1\" content=\"2 minutos\" \/>\n<script type=\"application\/ld+json\" class=\"yoast-schema-graph\">{\"@context\":\"https:\\\/\\\/schema.org\",\"@graph\":[{\"@type\":\"WebPage\",\"@id\":\"https:\\\/\\\/recherche-bundesarchiv.de\\\/impressum\\\/\",\"url\":\"https:\\\/\\\/recherche-bundesarchiv.de\\\/impressum\\\/\",\"name\":\"Impressum - Recherchedienst Bundesarchiv Berlin\",\"isPartOf\":{\"@id\":\"https:\\\/\\\/recherche-bundesarchiv.de\\\/#website\"},\"datePublished\":\"2021-11-01T10:00:15+00:00\",\"dateModified\":\"2021-11-01T10:00:27+00:00\",\"breadcrumb\":{\"@id\":\"https:\\\/\\\/recherche-bundesarchiv.de\\\/impressum\\\/#breadcrumb\"},\"inLanguage\":\"es\",\"potentialAction\":[{\"@type\":\"ReadAction\",\"target\":[\"https:\\\/\\\/recherche-bundesarchiv.de\\\/impressum\\\/\"]}]},{\"@type\":\"BreadcrumbList\",\"@id\":\"https:\\\/\\\/recherche-bundesarchiv.de\\\/impressum\\\/#breadcrumb\",\"itemListElement\":[{\"@type\":\"ListItem\",\"position\":1,\"name\":\"Home\",\"item\":\"https:\\\/\\\/recherche-bundesarchiv.de\\\/\"},{\"@type\":\"ListItem\",\"position\":2,\"name\":\"Impressum\"}]},{\"@type\":\"WebSite\",\"@id\":\"https:\\\/\\\/recherche-bundesarchiv.de\\\/#website\",\"url\":\"https:\\\/\\\/recherche-bundesarchiv.de\\\/\",\"name\":\"Recherchedienst Bundesarchiv Berlin\",\"description\":\"Recherche Bundesarchiv Berlin\",\"publisher\":{\"@id\":\"https:\\\/\\\/recherche-bundesarchiv.de\\\/#organization\"},\"potentialAction\":[{\"@type\":\"SearchAction\",\"target\":{\"@type\":\"EntryPoint\",\"urlTemplate\":\"https:\\\/\\\/recherche-bundesarchiv.de\\\/?s={search_term_string}\"},\"query-input\":{\"@type\":\"PropertyValueSpecification\",\"valueRequired\":true,\"valueName\":\"search_term_string\"}}],\"inLanguage\":\"es\"},{\"@type\":\"Organization\",\"@id\":\"https:\\\/\\\/recherche-bundesarchiv.de\\\/#organization\",\"name\":\"Recherchedienst Bundesarchiv Berlin\",\"url\":\"https:\\\/\\\/recherche-bundesarchiv.de\\\/\",\"logo\":{\"@type\":\"ImageObject\",\"inLanguage\":\"es\",\"@id\":\"https:\\\/\\\/recherche-bundesarchiv.de\\\/#\\\/schema\\\/logo\\\/image\\\/\",\"url\":\"https:\\\/\\\/recherche-bundesarchiv.de\\\/wp-content\\\/uploads\\\/2021\\\/11\\\/cropped-ad-acta-recherchen-bundesarchiv-logo@2x.png\",\"contentUrl\":\"https:\\\/\\\/recherche-bundesarchiv.de\\\/wp-content\\\/uploads\\\/2021\\\/11\\\/cropped-ad-acta-recherchen-bundesarchiv-logo@2x.png\",\"width\":374,\"height\":102,\"caption\":\"Recherchedienst Bundesarchiv Berlin\"},\"image\":{\"@id\":\"https:\\\/\\\/recherche-bundesarchiv.de\\\/#\\\/schema\\\/logo\\\/image\\\/\"}}]}<\/script>\n<!-- \/ Yoast SEO plugin. -->","yoast_head_json":{"title":"Pie de imprenta - Servicio de Investigaci\u00f3n Archivos Federales de Berl\u00edn","robots":{"index":"index","follow":"follow","max-snippet":"max-snippet:-1","max-image-preview":"max-image-preview:large","max-video-preview":"max-video-preview:-1"},"canonical":"https:\/\/recherche-bundesarchiv.de\/es\/imprimir\/","og_locale":"es_ES","og_type":"article","og_title":"Impressum - Recherchedienst Bundesarchiv Berlin","og_description":"Impressum Thomas Pruschwitz ad acta Am Petzinsee 37 14548 Schwielowsee (OT Geltow) &nbsp; &nbsp; HINWEIS GEM\u00c4SS ONLINE-STREITBEILEGUNGS-VERORDNUN Wir weisen aber darauf hin, dass wir nicht bereit sind, uns am Streitbeilegungsverfahren im Rahmen der Europ\u00e4ischen Online-Streitbeilegungs-Plattform zu beteiligen. Nutzen Sie zur Kontaktaufnahme bitte unsere obige E-Mail und Telefonnummer. &nbsp; DISCLAIMER &#8211; RECHTLICHE HINWEISE \u00a7 1 Warnhinweis [&hellip;]","og_url":"https:\/\/recherche-bundesarchiv.de\/es\/imprimir\/","og_site_name":"Recherchedienst Bundesarchiv Berlin","article_modified_time":"2021-11-01T10:00:27+00:00","twitter_card":"summary_large_image","twitter_misc":{"Tiempo de lectura":"2 minutos"},"schema":{"@context":"https:\/\/schema.org","@graph":[{"@type":"WebPage","@id":"https:\/\/recherche-bundesarchiv.de\/impressum\/","url":"https:\/\/recherche-bundesarchiv.de\/impressum\/","name":"Pie de imprenta - Servicio de Investigaci\u00f3n Archivos Federales de Berl\u00edn","isPartOf":{"@id":"https:\/\/recherche-bundesarchiv.de\/#website"},"datePublished":"2021-11-01T10:00:15+00:00","dateModified":"2021-11-01T10:00:27+00:00","breadcrumb":{"@id":"https:\/\/recherche-bundesarchiv.de\/impressum\/#breadcrumb"},"inLanguage":"es","potentialAction":[{"@type":"ReadAction","target":["https:\/\/recherche-bundesarchiv.de\/impressum\/"]}]},{"@type":"BreadcrumbList","@id":"https:\/\/recherche-bundesarchiv.de\/impressum\/#breadcrumb","itemListElement":[{"@type":"ListItem","position":1,"name":"Home","item":"https:\/\/recherche-bundesarchiv.de\/"},{"@type":"ListItem","position":2,"name":"Impressum"}]},{"@type":"WebSite","@id":"https:\/\/recherche-bundesarchiv.de\/#website","url":"https:\/\/recherche-bundesarchiv.de\/","name":"Servicio de Investigaci\u00f3n Archivos Federales de Berl\u00edn","description":"Investigaci\u00f3n Archivo Federal de Berl\u00edn","publisher":{"@id":"https:\/\/recherche-bundesarchiv.de\/#organization"},"potentialAction":[{"@type":"SearchAction","target":{"@type":"EntryPoint","urlTemplate":"https:\/\/recherche-bundesarchiv.de\/?s={search_term_string}"},"query-input":{"@type":"PropertyValueSpecification","valueRequired":true,"valueName":"search_term_string"}}],"inLanguage":"es"},{"@type":"Organization","@id":"https:\/\/recherche-bundesarchiv.de\/#organization","name":"Servicio de Investigaci\u00f3n Archivos Federales de Berl\u00edn","url":"https:\/\/recherche-bundesarchiv.de\/","logo":{"@type":"ImageObject","inLanguage":"es","@id":"https:\/\/recherche-bundesarchiv.de\/#\/schema\/logo\/image\/","url":"https:\/\/recherche-bundesarchiv.de\/wp-content\/uploads\/2021\/11\/cropped-ad-acta-recherchen-bundesarchiv-logo@2x.png","contentUrl":"https:\/\/recherche-bundesarchiv.de\/wp-content\/uploads\/2021\/11\/cropped-ad-acta-recherchen-bundesarchiv-logo@2x.png","width":374,"height":102,"caption":"Recherchedienst Bundesarchiv Berlin"},"image":{"@id":"https:\/\/recherche-bundesarchiv.de\/#\/schema\/logo\/image\/"}}]}},"_links":{"self":[{"href":"https:\/\/recherche-bundesarchiv.de\/es\/wp-json\/wp\/v2\/pages\/82","targetHints":{"allow":["GET"]}}],"collection":[{"href":"https:\/\/recherche-bundesarchiv.de\/es\/wp-json\/wp\/v2\/pages"}],"about":[{"href":"https:\/\/recherche-bundesarchiv.de\/es\/wp-json\/wp\/v2\/types\/page"}],"author":[{"embeddable":true,"href":"https:\/\/recherche-bundesarchiv.de\/es\/wp-json\/wp\/v2\/users\/1"}],"replies":[{"embeddable":true,"href":"https:\/\/recherche-bundesarchiv.de\/es\/wp-json\/wp\/v2\/comments?post=82"}],"version-history":[{"count":3,"href":"https:\/\/recherche-bundesarchiv.de\/es\/wp-json\/wp\/v2\/pages\/82\/revisions"}],"predecessor-version":[{"id":85,"href":"https:\/\/recherche-bundesarchiv.de\/es\/wp-json\/wp\/v2\/pages\/82\/revisions\/85"}],"wp:attachment":[{"href":"https:\/\/recherche-bundesarchiv.de\/es\/wp-json\/wp\/v2\/media?parent=82"}],"curies":[{"name":"wp","href":"https:\/\/api.w.org\/{rel}","templated":true}]}}