{"id":77,"date":"2021-11-01T10:57:18","date_gmt":"2021-11-01T09:57:18","guid":{"rendered":"https:\/\/bundesarchiv.wa-dev.de\/?page_id=77"},"modified":"2021-11-01T10:59:11","modified_gmt":"2021-11-01T09:59:11","slug":"datenschutz","status":"publish","type":"page","link":"https:\/\/recherche-bundesarchiv.de\/es\/proteccion-de-datos\/","title":{"rendered":"Pol\u00edtica de privacidad"},"content":{"rendered":"<h1>Pol\u00edtica de privacidad<\/h1>\n\n\n<p>El responsable del tratamiento de datos de este sitio web es:<\/p>\nThomas Pruschwitz<br \/>\nad acta<br \/>\nEn el lago Petzin 37<br \/>\n14548 Schwielowsee (OT Geltow)\n<p>&nbsp;<\/p>\n<p>El responsable del tratamiento decide por s\u00ed solo o conjuntamente con otros los fines y medios del tratamiento de los datos personales (por ejemplo, nombres, datos de contacto o similares).<\/p>\n\n<p>Algunas operaciones de tratamiento de datos s\u00f3lo son posibles con su consentimiento expreso. Puede revocar su consentimiento en cualquier momento. Una comunicaci\u00f3n informal por correo electr\u00f3nico es suficiente para la revocaci\u00f3n. La legalidad del tratamiento de datos realizado hasta la revocaci\u00f3n no se ve afectada por \u00e9sta.<\/p>\n\n<p>Como interesado, tiene derecho a reclamar ante la autoridad de control competente en caso de que se produzca una violaci\u00f3n de la protecci\u00f3n de datos. La autoridad de control competente en materia de protecci\u00f3n de datos es el comisionado de protecci\u00f3n de datos del estado federal en el que se encuentra el domicilio social de nuestra empresa. El siguiente enlace ofrece una lista de responsables de la protecci\u00f3n de datos y sus datos de contacto:\u00a0<a href=\"https:\/\/www.bfdi.bund.de\/DE\/Infothek\/Anschriften_Links\/anschriften_links-node.html\" target=\"_blank\" rel=\"noopener\">https:\/\/www.bfdi.bund.de\/DE\/Infothek\/Anschriften_Links\/anschriften_links-node.html<\/a>.<\/p>\n\n<p>Tiene derecho a que los datos que tratamos autom\u00e1ticamente sobre la base de su consentimiento o en cumplimiento de un contrato le sean entregados a usted o a terceros. Los datos se proporcionar\u00e1n en un formato legible por m\u00e1quina. Si solicita la transferencia directa de los datos a otro responsable, s\u00f3lo se har\u00e1 en la medida en que sea t\u00e9cnicamente posible.<\/p>\n\n<p>En el marco de las disposiciones legales aplicables, usted tiene derecho a recibir en cualquier momento informaci\u00f3n gratuita sobre sus datos personales almacenados, el origen de los datos, sus destinatarios y la finalidad del tratamiento de datos y, en su caso, un derecho de rectificaci\u00f3n, bloqueo o supresi\u00f3n de estos datos. A este respecto y tambi\u00e9n para otras preguntas sobre el tema de los datos personales, puede ponerse en contacto con nosotros en cualquier momento a trav\u00e9s de las opciones de contacto que figuran en el pie de imprenta.<\/p>\n\n<p>Por razones de seguridad y para proteger la transmisi\u00f3n de contenidos confidenciales que usted nos env\u00eda como operador del sitio, nuestro sitio web utiliza el cifrado SSL o TLS. Esto significa que los datos que usted transmite a trav\u00e9s de este sitio web no pueden ser le\u00eddos por terceros. Puede reconocer una conexi\u00f3n cifrada por la l\u00ednea de direcci\u00f3n \"https:\/\/\" de su navegador y el s\u00edmbolo del candado en la l\u00ednea del navegador.<\/p>\n\n<p>En los archivos de registro del servidor, el proveedor del sitio web recoge y almacena autom\u00e1ticamente la informaci\u00f3n que su navegador nos transmite autom\u00e1ticamente. Estos son:<\/p>\n<ul>\n<li>P\u00e1gina visitada en nuestro dominio<\/li>\n<li>Fecha y hora de la solicitud del servidor<\/li>\n<li>Tipo y versi\u00f3n del navegador<\/li>\n<li>Sistema operativo utilizado<\/li>\n<li>URL de referencia<\/li>\n<li>Nombre del host del ordenador de acceso<\/li>\n<li>Direcci\u00f3n IP<\/li>\n<\/ul>\n<p>Estos datos no se fusionan con otras fuentes de datos. El tratamiento de datos se basa en el art\u00edculo 6, apartado 1, letra b del DSGVO, que permite el tratamiento de datos para el cumplimiento de un contrato o de medidas precontractuales.<\/p>\n\n<p>Los datos transmitidos a trav\u00e9s del formulario de contacto, incluidos sus datos de contacto, se almacenan para poder procesar su consulta o estar disponibles para preguntas de seguimiento. Estos datos no se transmitir\u00e1n sin su consentimiento.<\/p>\n<p>Los datos introducidos en el formulario de contacto se procesan exclusivamente sobre la base de su consentimiento (art. 6, p\u00e1rr. 1 lit. a DSGVO). Puede revocar su consentimiento en cualquier momento. Una comunicaci\u00f3n informal por correo electr\u00f3nico es suficiente para la revocaci\u00f3n. La legalidad de las operaciones de tratamiento de datos realizadas hasta la revocaci\u00f3n no se ve afectada por \u00e9sta.<\/p>\n<p>Los datos transmitidos a trav\u00e9s del formulario de contacto permanecer\u00e1n con nosotros hasta que nos pida que los eliminemos, revoque su consentimiento para almacenarlos o ya no haya necesidad de almacenar los datos. Las disposiciones legales obligatorias -en particular los per\u00edodos de conservaci\u00f3n- no se ven afectadas.<\/p>\n\n<p>Nuestro sitio web utiliza cookies. Son peque\u00f1os archivos de texto que su navegador web almacena en su dispositivo terminal. Las cookies nos ayudan a que nuestro sitio web sea m\u00e1s f\u00e1cil de usar, eficaz y seguro.<\/p>\n<p>Algunas cookies son \"cookies de sesi\u00f3n\". Estas cookies se eliminan autom\u00e1ticamente al finalizar la sesi\u00f3n de su navegador. Por otro lado, otras cookies permanecen en su dispositivo terminal hasta que usted mismo las elimina. Estas cookies nos ayudan a reconocerle cuando vuelve a nuestro sitio web.<\/p>\n<p>Con un navegador web moderno, puede controlar, restringir o impedir la instalaci\u00f3n de cookies. Muchos navegadores pueden configurarse para que las cookies se eliminen autom\u00e1ticamente al cerrar el programa. La desactivaci\u00f3n de las cookies puede dar lugar a una funcionalidad limitada de nuestro sitio web.<\/p>\n<p>La instalaci\u00f3n de cookies, que son necesarias para el ejercicio de los procesos de comunicaci\u00f3n electr\u00f3nica o la provisi\u00f3n de ciertas funciones deseadas por usted (por ejemplo, la cesta de la compra), se basa en el Art. 6 para. 1 lit. f DSGVO. Como operador de este sitio web, tenemos un inter\u00e9s leg\u00edtimo en almacenar cookies para la prestaci\u00f3n de nuestros servicios sin errores t\u00e9cnicos y sin problemas. Si se instalan otras cookies (por ejemplo, para funciones de an\u00e1lisis), \u00e9stas se tratan por separado en esta declaraci\u00f3n de protecci\u00f3n de datos.<\/p>\n\n<p>Nuestro sitio web utiliza funciones del servicio de an\u00e1lisis web Google Analytics. El proveedor del servicio de an\u00e1lisis web es Google Inc, 1600 Amphitheatre Parkway, Mountain View, CA 94043, USA.<\/p>\n<p>Google Analytics utiliza \"cookies\". Se trata de peque\u00f1os archivos de texto que su navegador web almacena en su dispositivo final y que permiten analizar el uso del sitio web. La informaci\u00f3n generada por las cookies sobre su uso de nuestro sitio web se transmite a un servidor de Google y se almacena all\u00ed. El servidor suele estar situado en Estados Unidos.<\/p>\n<p>La configuraci\u00f3n de las cookies de Google Analytics se basa en el art. 6 p\u00e1rr. 1 lit. f DSGVO. Como operador de este sitio web, tenemos un inter\u00e9s leg\u00edtimo en analizar el comportamiento de los usuarios para optimizar nuestro sitio web y, si es necesario, nuestra publicidad.<\/p>\n<p>Anonimizaci\u00f3n de la IP<\/p>\n<p>Utilizamos Google Analytics junto con la funci\u00f3n de anonimizaci\u00f3n de IP. Garantiza que Google trunca su direcci\u00f3n IP dentro de los estados miembros de la Uni\u00f3n Europea o en otros estados contratantes del Acuerdo sobre el Espacio Econ\u00f3mico Europeo antes de transmitirla a los Estados Unidos. Puede haber casos excepcionales en los que Google transfiera la direcci\u00f3n IP completa a un servidor de Estados Unidos y la trunque all\u00ed. Google usar\u00e1 esta informaci\u00f3n por cuenta nuestra con el prop\u00f3sito de evaluar su uso del sitio web, recopilando informes de la actividad del sitio web y prest\u00e1ndonos otros servicios relacionados con la actividad del sitio web y el uso de Internet. La direcci\u00f3n IP transmitida por Google Analytics no se fusiona con otros datos de Google.<\/p>\n<p>Plugin del navegador<\/p>\n<p>Se puede impedir la instalaci\u00f3n de cookies por parte de su navegador web. Sin embargo, algunas funciones de nuestro sitio web pueden verse restringidas como consecuencia de ello. Tambi\u00e9n puede evitar la recopilaci\u00f3n de datos relacionados con el uso de su sitio web, incluida su direcci\u00f3n IP y su posterior procesamiento por parte de Google. Esto es posible descargando e instalando el complemento del navegador al que se puede acceder a trav\u00e9s del siguiente enlace:\u00a0<a href=\"https:\/\/tools.google.com\/dlpage\/gaoptout?hl=de\">https:\/\/tools.google.com\/dlpage\/gaoptout?hl=de<\/a>.<\/p>\n<p>Objeci\u00f3n a la recogida de datos<\/p>\n<p>Puede evitar la recopilaci\u00f3n de sus datos por parte de Google Analytics haciendo clic en el siguiente enlace. Se instalar\u00e1 una cookie de exclusi\u00f3n, que impedir\u00e1 la recogida de sus datos en futuras visitas a nuestro sitio web: Desactivar Google Analytics.<\/p>\n<p>En la pol\u00edtica de privacidad de Google se puede encontrar informaci\u00f3n detallada sobre el tratamiento de los datos de los usuarios por parte de Google Analytics:\u00a0<a href=\"https:\/\/support.google.com\/analytics\/answer\/6004245?hl=de\">https:\/\/support.google.com\/analytics\/answer\/6004245?hl=de<\/a>.<\/p>\n<p>Procesamiento del trabajo<\/p>\n<p>Para cumplir plenamente con los requisitos legales de protecci\u00f3n de datos, hemos celebrado un contrato de procesamiento de pedidos con Google.<\/p>\n<p>Caracter\u00edsticas demogr\u00e1ficas en Google Analytics<\/p>\n<p>Nuestro sitio web utiliza la funci\u00f3n \"caracter\u00edsticas demogr\u00e1ficas\" de Google Analytics. Puede utilizarse para crear informes que contengan declaraciones sobre la edad, el sexo y los intereses de los visitantes del sitio. Estos datos proceden de la publicidad basada en los intereses de Google, as\u00ed como de los datos de los visitantes de terceros proveedores. No es posible asignar los datos a una persona concreta. Puede desactivar esta funci\u00f3n en cualquier momento. Esto es posible a trav\u00e9s de la configuraci\u00f3n de anuncios en su cuenta de Google o mediante la prohibici\u00f3n general de la recopilaci\u00f3n de sus datos por parte de Google Analytics, como se explica en el punto \"Objeci\u00f3n a la recopilaci\u00f3n de datos\".<\/p>","protected":false},"excerpt":{"rendered":"<p>Datenschutzerkl\u00e4rung Die verantwortliche Stelle f\u00fcr die Datenverarbeitung auf dieser Website ist: Thomas Pruschwitz ad acta Am Petzinsee 37 14548 Schwielowsee (OT Geltow) &nbsp; Die verantwortliche Stelle entscheidet allein oder gemeinsam mit anderen \u00fcber die Zwecke und Mittel der Verarbeitung von personenbezogenen Daten (z.B. Namen, Kontaktdaten o. \u00c4.). Nur mit Ihrer ausdr\u00fccklichen Einwilligung sind einige Vorg\u00e4nge [&hellip;]<\/p>\n","protected":false},"author":1,"featured_media":0,"parent":0,"menu_order":0,"comment_status":"closed","ping_status":"closed","template":"","meta":{"ocean_post_layout":"full-width","ocean_both_sidebars_style":"","ocean_both_sidebars_content_width":0,"ocean_both_sidebars_sidebars_width":0,"ocean_sidebar":"0","ocean_second_sidebar":"0","ocean_disable_margins":"enable","ocean_add_body_class":"","ocean_shortcode_before_top_bar":"","ocean_shortcode_after_top_bar":"","ocean_shortcode_before_header":"","ocean_shortcode_after_header":"","ocean_has_shortcode":"","ocean_shortcode_after_title":"","ocean_shortcode_before_footer_widgets":"","ocean_shortcode_after_footer_widgets":"","ocean_shortcode_before_footer_bottom":"","ocean_shortcode_after_footer_bottom":"","ocean_display_top_bar":"default","ocean_display_header":"default","ocean_header_style":"","ocean_center_header_left_menu":"0","ocean_custom_header_template":"0","ocean_custom_logo":0,"ocean_custom_retina_logo":0,"ocean_custom_logo_max_width":0,"ocean_custom_logo_tablet_max_width":0,"ocean_custom_logo_mobile_max_width":0,"ocean_custom_logo_max_height":0,"ocean_custom_logo_tablet_max_height":0,"ocean_custom_logo_mobile_max_height":0,"ocean_header_custom_menu":"0","ocean_menu_typo_font_family":"0","ocean_menu_typo_font_subset":"","ocean_menu_typo_font_size":0,"ocean_menu_typo_font_size_tablet":0,"ocean_menu_typo_font_size_mobile":0,"ocean_menu_typo_font_size_unit":"px","ocean_menu_typo_font_weight":"","ocean_menu_typo_font_weight_tablet":"","ocean_menu_typo_font_weight_mobile":"","ocean_menu_typo_transform":"","ocean_menu_typo_transform_tablet":"","ocean_menu_typo_transform_mobile":"","ocean_menu_typo_line_height":0,"ocean_menu_typo_line_height_tablet":0,"ocean_menu_typo_line_height_mobile":0,"ocean_menu_typo_line_height_unit":"","ocean_menu_typo_spacing":0,"ocean_menu_typo_spacing_tablet":0,"ocean_menu_typo_spacing_mobile":0,"ocean_menu_typo_spacing_unit":"","ocean_menu_link_color":"","ocean_menu_link_color_hover":"","ocean_menu_link_color_active":"","ocean_menu_link_background":"","ocean_menu_link_hover_background":"","ocean_menu_link_active_background":"","ocean_menu_social_links_bg":"","ocean_menu_social_hover_links_bg":"","ocean_menu_social_links_color":"","ocean_menu_social_hover_links_color":"","ocean_disable_title":"on","ocean_disable_heading":"default","ocean_post_title":"","ocean_post_subheading":"","ocean_post_title_style":"","ocean_post_title_background_color":"","ocean_post_title_background":0,"ocean_post_title_bg_image_position":"","ocean_post_title_bg_image_attachment":"","ocean_post_title_bg_image_repeat":"","ocean_post_title_bg_image_size":"","ocean_post_title_height":0,"ocean_post_title_bg_overlay":0.5,"ocean_post_title_bg_overlay_color":"","ocean_disable_breadcrumbs":"default","ocean_breadcrumbs_color":"","ocean_breadcrumbs_separator_color":"","ocean_breadcrumbs_links_color":"","ocean_breadcrumbs_links_hover_color":"","ocean_display_footer_widgets":"default","ocean_display_footer_bottom":"default","ocean_custom_footer_template":"0","footnotes":""},"class_list":["post-77","page","type-page","status-publish","hentry","entry"],"yoast_head":"<!-- This site is optimized with the Yoast SEO plugin v27.5 - https:\/\/yoast.com\/product\/yoast-seo-wordpress\/ -->\n<title>Datenschutzerkl\u00e4rung - Recherchedienst Bundesarchiv Berlin<\/title>\n<meta name=\"robots\" content=\"index, follow, max-snippet:-1, max-image-preview:large, max-video-preview:-1\" \/>\n<link rel=\"canonical\" href=\"https:\/\/recherche-bundesarchiv.de\/es\/proteccion-de-datos\/\" \/>\n<meta property=\"og:locale\" content=\"es_ES\" \/>\n<meta property=\"og:type\" content=\"article\" \/>\n<meta property=\"og:title\" content=\"Datenschutzerkl\u00e4rung - Recherchedienst Bundesarchiv Berlin\" \/>\n<meta property=\"og:description\" content=\"Datenschutzerkl\u00e4rung Die verantwortliche Stelle f\u00fcr die Datenverarbeitung auf dieser Website ist: Thomas Pruschwitz ad acta Am Petzinsee 37 14548 Schwielowsee (OT Geltow) &nbsp; Die verantwortliche Stelle entscheidet allein oder gemeinsam mit anderen \u00fcber die Zwecke und Mittel der Verarbeitung von personenbezogenen Daten (z.B. Namen, Kontaktdaten o. \u00c4.). Nur mit Ihrer ausdr\u00fccklichen Einwilligung sind einige Vorg\u00e4nge [&hellip;]\" \/>\n<meta property=\"og:url\" content=\"https:\/\/recherche-bundesarchiv.de\/es\/proteccion-de-datos\/\" \/>\n<meta property=\"og:site_name\" content=\"Recherchedienst Bundesarchiv Berlin\" \/>\n<meta property=\"article:modified_time\" content=\"2021-11-01T09:59:11+00:00\" \/>\n<meta name=\"twitter:card\" content=\"summary_large_image\" \/>\n<meta name=\"twitter:label1\" content=\"Tiempo de lectura\" \/>\n\t<meta name=\"twitter:data1\" content=\"5 minutos\" \/>\n<script type=\"application\/ld+json\" class=\"yoast-schema-graph\">{\"@context\":\"https:\\\/\\\/schema.org\",\"@graph\":[{\"@type\":\"WebPage\",\"@id\":\"https:\\\/\\\/recherche-bundesarchiv.de\\\/datenschutz\\\/\",\"url\":\"https:\\\/\\\/recherche-bundesarchiv.de\\\/datenschutz\\\/\",\"name\":\"Datenschutzerkl\u00e4rung - Recherchedienst Bundesarchiv Berlin\",\"isPartOf\":{\"@id\":\"https:\\\/\\\/recherche-bundesarchiv.de\\\/#website\"},\"datePublished\":\"2021-11-01T09:57:18+00:00\",\"dateModified\":\"2021-11-01T09:59:11+00:00\",\"breadcrumb\":{\"@id\":\"https:\\\/\\\/recherche-bundesarchiv.de\\\/datenschutz\\\/#breadcrumb\"},\"inLanguage\":\"es\",\"potentialAction\":[{\"@type\":\"ReadAction\",\"target\":[\"https:\\\/\\\/recherche-bundesarchiv.de\\\/datenschutz\\\/\"]}]},{\"@type\":\"BreadcrumbList\",\"@id\":\"https:\\\/\\\/recherche-bundesarchiv.de\\\/datenschutz\\\/#breadcrumb\",\"itemListElement\":[{\"@type\":\"ListItem\",\"position\":1,\"name\":\"Home\",\"item\":\"https:\\\/\\\/recherche-bundesarchiv.de\\\/\"},{\"@type\":\"ListItem\",\"position\":2,\"name\":\"Datenschutzerkl\u00e4rung\"}]},{\"@type\":\"WebSite\",\"@id\":\"https:\\\/\\\/recherche-bundesarchiv.de\\\/#website\",\"url\":\"https:\\\/\\\/recherche-bundesarchiv.de\\\/\",\"name\":\"Recherchedienst Bundesarchiv Berlin\",\"description\":\"Recherche Bundesarchiv Berlin\",\"publisher\":{\"@id\":\"https:\\\/\\\/recherche-bundesarchiv.de\\\/#organization\"},\"potentialAction\":[{\"@type\":\"SearchAction\",\"target\":{\"@type\":\"EntryPoint\",\"urlTemplate\":\"https:\\\/\\\/recherche-bundesarchiv.de\\\/?s={search_term_string}\"},\"query-input\":{\"@type\":\"PropertyValueSpecification\",\"valueRequired\":true,\"valueName\":\"search_term_string\"}}],\"inLanguage\":\"es\"},{\"@type\":\"Organization\",\"@id\":\"https:\\\/\\\/recherche-bundesarchiv.de\\\/#organization\",\"name\":\"Recherchedienst Bundesarchiv Berlin\",\"url\":\"https:\\\/\\\/recherche-bundesarchiv.de\\\/\",\"logo\":{\"@type\":\"ImageObject\",\"inLanguage\":\"es\",\"@id\":\"https:\\\/\\\/recherche-bundesarchiv.de\\\/#\\\/schema\\\/logo\\\/image\\\/\",\"url\":\"https:\\\/\\\/recherche-bundesarchiv.de\\\/wp-content\\\/uploads\\\/2021\\\/11\\\/cropped-ad-acta-recherchen-bundesarchiv-logo@2x.png\",\"contentUrl\":\"https:\\\/\\\/recherche-bundesarchiv.de\\\/wp-content\\\/uploads\\\/2021\\\/11\\\/cropped-ad-acta-recherchen-bundesarchiv-logo@2x.png\",\"width\":374,\"height\":102,\"caption\":\"Recherchedienst Bundesarchiv Berlin\"},\"image\":{\"@id\":\"https:\\\/\\\/recherche-bundesarchiv.de\\\/#\\\/schema\\\/logo\\\/image\\\/\"}}]}<\/script>\n<!-- \/ Yoast SEO plugin. -->","yoast_head_json":{"title":"Pol\u00edtica de privacidad - Servicio de Investigaci\u00f3n Archivos Federales de Berl\u00edn","robots":{"index":"index","follow":"follow","max-snippet":"max-snippet:-1","max-image-preview":"max-image-preview:large","max-video-preview":"max-video-preview:-1"},"canonical":"https:\/\/recherche-bundesarchiv.de\/es\/proteccion-de-datos\/","og_locale":"es_ES","og_type":"article","og_title":"Datenschutzerkl\u00e4rung - Recherchedienst Bundesarchiv Berlin","og_description":"Datenschutzerkl\u00e4rung Die verantwortliche Stelle f\u00fcr die Datenverarbeitung auf dieser Website ist: Thomas Pruschwitz ad acta Am Petzinsee 37 14548 Schwielowsee (OT Geltow) &nbsp; Die verantwortliche Stelle entscheidet allein oder gemeinsam mit anderen \u00fcber die Zwecke und Mittel der Verarbeitung von personenbezogenen Daten (z.B. Namen, Kontaktdaten o. \u00c4.). Nur mit Ihrer ausdr\u00fccklichen Einwilligung sind einige Vorg\u00e4nge [&hellip;]","og_url":"https:\/\/recherche-bundesarchiv.de\/es\/proteccion-de-datos\/","og_site_name":"Recherchedienst Bundesarchiv Berlin","article_modified_time":"2021-11-01T09:59:11+00:00","twitter_card":"summary_large_image","twitter_misc":{"Tiempo de lectura":"5 minutos"},"schema":{"@context":"https:\/\/schema.org","@graph":[{"@type":"WebPage","@id":"https:\/\/recherche-bundesarchiv.de\/datenschutz\/","url":"https:\/\/recherche-bundesarchiv.de\/datenschutz\/","name":"Pol\u00edtica de privacidad - Servicio de Investigaci\u00f3n Archivos Federales de Berl\u00edn","isPartOf":{"@id":"https:\/\/recherche-bundesarchiv.de\/#website"},"datePublished":"2021-11-01T09:57:18+00:00","dateModified":"2021-11-01T09:59:11+00:00","breadcrumb":{"@id":"https:\/\/recherche-bundesarchiv.de\/datenschutz\/#breadcrumb"},"inLanguage":"es","potentialAction":[{"@type":"ReadAction","target":["https:\/\/recherche-bundesarchiv.de\/datenschutz\/"]}]},{"@type":"BreadcrumbList","@id":"https:\/\/recherche-bundesarchiv.de\/datenschutz\/#breadcrumb","itemListElement":[{"@type":"ListItem","position":1,"name":"Home","item":"https:\/\/recherche-bundesarchiv.de\/"},{"@type":"ListItem","position":2,"name":"Datenschutzerkl\u00e4rung"}]},{"@type":"WebSite","@id":"https:\/\/recherche-bundesarchiv.de\/#website","url":"https:\/\/recherche-bundesarchiv.de\/","name":"Servicio de Investigaci\u00f3n Archivos Federales de Berl\u00edn","description":"Investigaci\u00f3n Archivo Federal de Berl\u00edn","publisher":{"@id":"https:\/\/recherche-bundesarchiv.de\/#organization"},"potentialAction":[{"@type":"SearchAction","target":{"@type":"EntryPoint","urlTemplate":"https:\/\/recherche-bundesarchiv.de\/?s={search_term_string}"},"query-input":{"@type":"PropertyValueSpecification","valueRequired":true,"valueName":"search_term_string"}}],"inLanguage":"es"},{"@type":"Organization","@id":"https:\/\/recherche-bundesarchiv.de\/#organization","name":"Servicio de Investigaci\u00f3n Archivos Federales de Berl\u00edn","url":"https:\/\/recherche-bundesarchiv.de\/","logo":{"@type":"ImageObject","inLanguage":"es","@id":"https:\/\/recherche-bundesarchiv.de\/#\/schema\/logo\/image\/","url":"https:\/\/recherche-bundesarchiv.de\/wp-content\/uploads\/2021\/11\/cropped-ad-acta-recherchen-bundesarchiv-logo@2x.png","contentUrl":"https:\/\/recherche-bundesarchiv.de\/wp-content\/uploads\/2021\/11\/cropped-ad-acta-recherchen-bundesarchiv-logo@2x.png","width":374,"height":102,"caption":"Recherchedienst Bundesarchiv Berlin"},"image":{"@id":"https:\/\/recherche-bundesarchiv.de\/#\/schema\/logo\/image\/"}}]}},"_links":{"self":[{"href":"https:\/\/recherche-bundesarchiv.de\/es\/wp-json\/wp\/v2\/pages\/77","targetHints":{"allow":["GET"]}}],"collection":[{"href":"https:\/\/recherche-bundesarchiv.de\/es\/wp-json\/wp\/v2\/pages"}],"about":[{"href":"https:\/\/recherche-bundesarchiv.de\/es\/wp-json\/wp\/v2\/types\/page"}],"author":[{"embeddable":true,"href":"https:\/\/recherche-bundesarchiv.de\/es\/wp-json\/wp\/v2\/users\/1"}],"replies":[{"embeddable":true,"href":"https:\/\/recherche-bundesarchiv.de\/es\/wp-json\/wp\/v2\/comments?post=77"}],"version-history":[{"count":4,"href":"https:\/\/recherche-bundesarchiv.de\/es\/wp-json\/wp\/v2\/pages\/77\/revisions"}],"predecessor-version":[{"id":81,"href":"https:\/\/recherche-bundesarchiv.de\/es\/wp-json\/wp\/v2\/pages\/77\/revisions\/81"}],"wp:attachment":[{"href":"https:\/\/recherche-bundesarchiv.de\/es\/wp-json\/wp\/v2\/media?parent=77"}],"curies":[{"name":"wp","href":"https:\/\/api.w.org\/{rel}","templated":true}]}}