{"id":22,"date":"2021-02-12T09:29:57","date_gmt":"2021-02-12T08:29:57","guid":{"rendered":"https:\/\/bundesarchiv.wa-dev.de\/?page_id=22"},"modified":"2026-02-03T18:41:54","modified_gmt":"2026-02-03T17:41:54","slug":"startseite","status":"publish","type":"page","link":"https:\/\/recherche-bundesarchiv.de\/es\/","title":{"rendered":"P\u00e1gina web"},"content":{"rendered":"<h1>\n\t\t\tInvestigaci\u00f3n del Archivo Federal\t<\/h1>\n\t\u00bfBusca rastros de su historia familiar? \u00bfEst\u00e1 investigando personas, lugares y acontecimientos hist\u00f3ricos?<br \/>\nM\u00e1s de 400 km de material de archivo esperan su solicitud en los Archivos Federales.\n<h2>\n\t\t\tCinco sencillos pasos para el resultado de la b\u00fasqueda\t<\/h2>\n\t1\n\t<p>ENV\u00cdE UNA CONSULTA GRATUITA A TRAV\u00c9S DEL FORMULARIO DE CONSULTA<\/p>\n\t2\n\t<p>CONFIRMAR ORDEN<\/p>\n\t3\n\t<p>VER INFORME BREVE<\/p>\n\t4\n\t<p>LIQUIDAR EL IMPORTE DE LA FACTURA<\/p>\n\t5\n\t<p>CONSERVAR LOS MATERIALES DE ARCHIVO ACORDADOS (COPIAS, COPIAS DIGITALES)<\/p>\n\t\t\t<a href=\"#anfrage\"  target=\"_self\">\n\t\t\t\t\t\t\tSOLICITUD GRATUITA\n\t\t\t\t\t<\/a>\n<h2>\n\t\t\tInvestigaci\u00f3n del Archivo Federal: \u00bfPor qu\u00e9 encargar Ad Acta?\t<\/h2>\n\t<p>Ahorra tiempo, dinero y nervios<\/p>\n\t<p>Se eliminan los gastos de viaje y alojamiento, as\u00ed como el tiempo necesario para familiarizarse con los fondos y las ayudas a la b\u00fasqueda de los Archivos Federales.<\/p>\n\t<p>Los pasos de b\u00fasqueda pueden adaptarse a los procesos en curso<\/p>\n\t<p>La transcripci\u00f3n de documentos manuscritos y la digitalizaci\u00f3n de materiales de archivo le permiten acceder f\u00e1cilmente a los documentos.<\/p>\n\t<p>Obtener experiencia<\/p>\n\t<p>Ad Acta geht sicher und schnell mit dem Findmitteln &#038; Archivgut um<\/p>\n\t- \u00c1reas tem\u00e1ticas -<br \/>\nReich alem\u00e1n - 1871-1918<br \/>\nRep\u00fablica de Weimar - 1918-1933<br \/>\nEl nacionalsocialismo - 1933-1945<br \/>\nSBZ - 1945-1949<br \/>\nDDR - 1949-1989\n\t<p>M\u00e1s informaci\u00f3n<\/p>\n\t<p>Crear perspectivas<\/p>\n\t<p>Las b\u00fasquedas ad acta pueden ver material no p\u00fablico con la debida autorizaci\u00f3n de los Archivos Federales<\/p>\n\t<p>Recoger su material de archivo, procesarlo digitalmente<\/p>\n\t<p>Acompa\u00f1e, compruebe o ampl\u00ede su investigaci\u00f3n en curso.<\/p>\n\t\t\t\t\t<a role=\"heading\" aria-level=\"2\" tabindex=\"-1\"  id=\"fl-accordion--label-0\">Vale la pena saber<\/a>\n\t\t\t\t\t\t\t\t\t\t\t<button type=\"button\" id=\"fl-accordion--icon-0\" aria-expanded=\"true\" aria-controls=\"fl-accordion--panel-0\"><i>Colapso<\/i><\/button>\n\t\t\t\t\t<p>Ad Acta Recherchen es un servicio de investigaci\u00f3n privado que trabaja con materiales de los Archivos Federales y est\u00e1 sujeto a las disposiciones legales pertinentes. Como autoridad federal independiente, los Archivos Federales est\u00e1n bajo la supervisi\u00f3n oficial y profesional del<a href=\"https:\/\/www.bundesregierung.de\/breg-de\/bundesregierung\/staatsministerin-fuer-kultur-und-medien\" target=\"_blank\" rel=\"noopener\"> Comisario del Gobierno Federal para los Medios de Comunicaci\u00f3n y la Cultura<\/a>. Seit 2025 ist <a href=\"https:\/\/de.wikipedia.org\/wiki\/Wolfram_Weimer\">Wolfram Weimer<\/a> der Beauftragte f\u00fcr Medien und Kultur der Bundesregierung. Die gesetzlichen Grundlagen allen Handelns sind im <a href=\"https:\/\/www.bundesarchiv.de\/DE\/Content\/Artikel\/Ueber-uns\/Rechtsgrundlagen\/rechtsgrundlagen_bundesarchivgesetz.html\" target=\"_blank\" rel=\"noopener\">Ley Federal de Archivos<\/a> (BArchG) geregelt, das erstmalig am 6. Januar 1988 in Kraft trat und vom Deutschen Bundestag im Jahr 2017 neu beschlossen wurde. Gr\u00f6\u00dfere \u00c4nderungen erfolgten beispielsweise im Dezember 2018 mit der Eingliederung der Deutschen Dienststelle f\u00fcr die Benachrichtigung der n\u00e4chsten Angeh\u00f6rigen von Gefallenen der ehemaligen Deutschen Wehrmacht (WASt) oder im April 2021 mit der Integration der Stasi-Unterlagen in das Bundesarchiv.<\/p>","protected":false},"excerpt":{"rendered":"<p>Bundesarchiv Recherche Suchen Sie nach Spuren Ihrer Familiengeschichte? Recherchieren Sie nach historischen Personen, Orten und Ereignissen? Im Bundesarchiv warten \u00fcber 400 km Archivgut auf Ihre Anfrage. In f\u00fcnf einfachen Schritten zum Ergebnis der Recherche 1 KOSTENFREIE ANFRAGE \u00dcBER DAS ANFRAGEFORMULAR STELLEN 2 AUFTRAG BEST\u00c4TIGEN 3 KURZ-BERICHT EINSEHEN 4 RECHNUNGSBETRAG AUSGLEICHEN 5 VEREINBARTES ARCHIVGUT (KOPIEN, DIGITALISATE) [&hellip;]<\/p>\n","protected":false},"author":1,"featured_media":0,"parent":0,"menu_order":0,"comment_status":"closed","ping_status":"closed","template":"","meta":{"ocean_post_layout":"full-screen","ocean_both_sidebars_style":"","ocean_both_sidebars_content_width":0,"ocean_both_sidebars_sidebars_width":0,"ocean_sidebar":"0","ocean_second_sidebar":"0","ocean_disable_margins":"enable","ocean_add_body_class":"","ocean_shortcode_before_top_bar":"","ocean_shortcode_after_top_bar":"","ocean_shortcode_before_header":"","ocean_shortcode_after_header":"","ocean_has_shortcode":"","ocean_shortcode_after_title":"","ocean_shortcode_before_footer_widgets":"","ocean_shortcode_after_footer_widgets":"","ocean_shortcode_before_footer_bottom":"","ocean_shortcode_after_footer_bottom":"","ocean_display_top_bar":"default","ocean_display_header":"default","ocean_header_style":"","ocean_center_header_left_menu":"0","ocean_custom_header_template":"0","ocean_custom_logo":0,"ocean_custom_retina_logo":0,"ocean_custom_logo_max_width":0,"ocean_custom_logo_tablet_max_width":0,"ocean_custom_logo_mobile_max_width":0,"ocean_custom_logo_max_height":0,"ocean_custom_logo_tablet_max_height":0,"ocean_custom_logo_mobile_max_height":0,"ocean_header_custom_menu":"0","ocean_menu_typo_font_family":"0","ocean_menu_typo_font_subset":"","ocean_menu_typo_font_size":0,"ocean_menu_typo_font_size_tablet":0,"ocean_menu_typo_font_size_mobile":0,"ocean_menu_typo_font_size_unit":"px","ocean_menu_typo_font_weight":"","ocean_menu_typo_font_weight_tablet":"","ocean_menu_typo_font_weight_mobile":"","ocean_menu_typo_transform":"","ocean_menu_typo_transform_tablet":"","ocean_menu_typo_transform_mobile":"","ocean_menu_typo_line_height":0,"ocean_menu_typo_line_height_tablet":0,"ocean_menu_typo_line_height_mobile":0,"ocean_menu_typo_line_height_unit":"","ocean_menu_typo_spacing":0,"ocean_menu_typo_spacing_tablet":0,"ocean_menu_typo_spacing_mobile":0,"ocean_menu_typo_spacing_unit":"","ocean_menu_link_color":"","ocean_menu_link_color_hover":"","ocean_menu_link_color_active":"","ocean_menu_link_background":"","ocean_menu_link_hover_background":"","ocean_menu_link_active_background":"","ocean_menu_social_links_bg":"","ocean_menu_social_hover_links_bg":"","ocean_menu_social_links_color":"","ocean_menu_social_hover_links_color":"","ocean_disable_title":"on","ocean_disable_heading":"default","ocean_post_title":"","ocean_post_subheading":"","ocean_post_title_style":"","ocean_post_title_background_color":"","ocean_post_title_background":0,"ocean_post_title_bg_image_position":"","ocean_post_title_bg_image_attachment":"","ocean_post_title_bg_image_repeat":"","ocean_post_title_bg_image_size":"","ocean_post_title_height":0,"ocean_post_title_bg_overlay":0.5,"ocean_post_title_bg_overlay_color":"","ocean_disable_breadcrumbs":"default","ocean_breadcrumbs_color":"","ocean_breadcrumbs_separator_color":"","ocean_breadcrumbs_links_color":"","ocean_breadcrumbs_links_hover_color":"","ocean_display_footer_widgets":"default","ocean_display_footer_bottom":"default","ocean_custom_footer_template":"0","footnotes":""},"class_list":["post-22","page","type-page","status-publish","hentry","entry"],"yoast_head":"<!-- This site is optimized with the Yoast SEO plugin v27.4 - https:\/\/yoast.com\/product\/yoast-seo-wordpress\/ -->\n<title>Bundesarchiv Recherche<\/title>\n<meta name=\"description\" content=\"Kostenfreie Anfrage \u2714 - Historische Personen, Orte &amp; Ereignisse - Recherche Bundesarchiv | Weimarer Republik \u2714 NS-Zeit \u2714 DDR \u2714\" \/>\n<meta name=\"robots\" content=\"index, follow, max-snippet:-1, max-image-preview:large, max-video-preview:-1\" \/>\n<link rel=\"canonical\" href=\"https:\/\/recherche-bundesarchiv.de\/es\/\" \/>\n<meta property=\"og:locale\" content=\"es_ES\" \/>\n<meta property=\"og:type\" content=\"article\" \/>\n<meta property=\"og:title\" content=\"Bundesarchiv Recherche\" \/>\n<meta property=\"og:description\" content=\"Kostenfreie Anfrage \u2714 - Historische Personen, Orte &amp; Ereignisse - Recherche Bundesarchiv | Weimarer Republik \u2714 NS-Zeit \u2714 DDR \u2714\" \/>\n<meta property=\"og:url\" content=\"https:\/\/recherche-bundesarchiv.de\/es\/\" \/>\n<meta property=\"og:site_name\" content=\"Recherchedienst Bundesarchiv Berlin\" \/>\n<meta property=\"article:modified_time\" content=\"2026-02-03T17:41:54+00:00\" \/>\n<meta name=\"twitter:card\" content=\"summary_large_image\" \/>\n<meta name=\"twitter:label1\" content=\"Tiempo de lectura\" \/>\n\t<meta name=\"twitter:data1\" content=\"2 minutos\" \/>\n<script type=\"application\/ld+json\" class=\"yoast-schema-graph\">{\"@context\":\"https:\\\/\\\/schema.org\",\"@graph\":[{\"@type\":\"WebPage\",\"@id\":\"https:\\\/\\\/recherche-bundesarchiv.de\\\/\",\"url\":\"https:\\\/\\\/recherche-bundesarchiv.de\\\/\",\"name\":\"Bundesarchiv Recherche\",\"isPartOf\":{\"@id\":\"https:\\\/\\\/recherche-bundesarchiv.de\\\/#website\"},\"datePublished\":\"2021-02-12T08:29:57+00:00\",\"dateModified\":\"2026-02-03T17:41:54+00:00\",\"description\":\"Kostenfreie Anfrage \u2714 - Historische Personen, Orte & Ereignisse - Recherche Bundesarchiv | Weimarer Republik \u2714 NS-Zeit \u2714 DDR \u2714\",\"breadcrumb\":{\"@id\":\"https:\\\/\\\/recherche-bundesarchiv.de\\\/#breadcrumb\"},\"inLanguage\":\"es\",\"potentialAction\":[{\"@type\":\"ReadAction\",\"target\":[\"https:\\\/\\\/recherche-bundesarchiv.de\\\/\"]}]},{\"@type\":\"BreadcrumbList\",\"@id\":\"https:\\\/\\\/recherche-bundesarchiv.de\\\/#breadcrumb\",\"itemListElement\":[{\"@type\":\"ListItem\",\"position\":1,\"name\":\"Home\",\"item\":\"https:\\\/\\\/recherche-bundesarchiv.de\\\/\"},{\"@type\":\"ListItem\",\"position\":2,\"name\":\"Startseite\"}]},{\"@type\":\"WebSite\",\"@id\":\"https:\\\/\\\/recherche-bundesarchiv.de\\\/#website\",\"url\":\"https:\\\/\\\/recherche-bundesarchiv.de\\\/\",\"name\":\"Recherchedienst Bundesarchiv Berlin\",\"description\":\"Recherche Bundesarchiv Berlin\",\"publisher\":{\"@id\":\"https:\\\/\\\/recherche-bundesarchiv.de\\\/#organization\"},\"potentialAction\":[{\"@type\":\"SearchAction\",\"target\":{\"@type\":\"EntryPoint\",\"urlTemplate\":\"https:\\\/\\\/recherche-bundesarchiv.de\\\/?s={search_term_string}\"},\"query-input\":{\"@type\":\"PropertyValueSpecification\",\"valueRequired\":true,\"valueName\":\"search_term_string\"}}],\"inLanguage\":\"es\"},{\"@type\":\"Organization\",\"@id\":\"https:\\\/\\\/recherche-bundesarchiv.de\\\/#organization\",\"name\":\"Recherchedienst Bundesarchiv Berlin\",\"url\":\"https:\\\/\\\/recherche-bundesarchiv.de\\\/\",\"logo\":{\"@type\":\"ImageObject\",\"inLanguage\":\"es\",\"@id\":\"https:\\\/\\\/recherche-bundesarchiv.de\\\/#\\\/schema\\\/logo\\\/image\\\/\",\"url\":\"https:\\\/\\\/recherche-bundesarchiv.de\\\/wp-content\\\/uploads\\\/2021\\\/11\\\/cropped-ad-acta-recherchen-bundesarchiv-logo@2x.png\",\"contentUrl\":\"https:\\\/\\\/recherche-bundesarchiv.de\\\/wp-content\\\/uploads\\\/2021\\\/11\\\/cropped-ad-acta-recherchen-bundesarchiv-logo@2x.png\",\"width\":374,\"height\":102,\"caption\":\"Recherchedienst Bundesarchiv Berlin\"},\"image\":{\"@id\":\"https:\\\/\\\/recherche-bundesarchiv.de\\\/#\\\/schema\\\/logo\\\/image\\\/\"}}]}<\/script>\n<!-- \/ Yoast SEO plugin. -->","yoast_head_json":{"title":"Investigaci\u00f3n del Archivo Federal","description":"Petici\u00f3n gratuita \u2714 - Personas, lugares y acontecimientos hist\u00f3ricos - Investigaci\u00f3n Archivos Federales | Rep\u00fablica de Weimar \u2714 \u00c9poca nacionalsocialista \u2714 RDA \u2714","robots":{"index":"index","follow":"follow","max-snippet":"max-snippet:-1","max-image-preview":"max-image-preview:large","max-video-preview":"max-video-preview:-1"},"canonical":"https:\/\/recherche-bundesarchiv.de\/es\/","og_locale":"es_ES","og_type":"article","og_title":"Bundesarchiv Recherche","og_description":"Kostenfreie Anfrage \u2714 - Historische Personen, Orte & Ereignisse - Recherche Bundesarchiv | Weimarer Republik \u2714 NS-Zeit \u2714 DDR \u2714","og_url":"https:\/\/recherche-bundesarchiv.de\/es\/","og_site_name":"Recherchedienst Bundesarchiv Berlin","article_modified_time":"2026-02-03T17:41:54+00:00","twitter_card":"summary_large_image","twitter_misc":{"Tiempo de lectura":"2 minutos"},"schema":{"@context":"https:\/\/schema.org","@graph":[{"@type":"WebPage","@id":"https:\/\/recherche-bundesarchiv.de\/","url":"https:\/\/recherche-bundesarchiv.de\/","name":"Investigaci\u00f3n del Archivo Federal","isPartOf":{"@id":"https:\/\/recherche-bundesarchiv.de\/#website"},"datePublished":"2021-02-12T08:29:57+00:00","dateModified":"2026-02-03T17:41:54+00:00","description":"Petici\u00f3n gratuita \u2714 - Personas, lugares y acontecimientos hist\u00f3ricos - Investigaci\u00f3n Archivos Federales | Rep\u00fablica de Weimar \u2714 \u00c9poca nacionalsocialista \u2714 RDA \u2714","breadcrumb":{"@id":"https:\/\/recherche-bundesarchiv.de\/#breadcrumb"},"inLanguage":"es","potentialAction":[{"@type":"ReadAction","target":["https:\/\/recherche-bundesarchiv.de\/"]}]},{"@type":"BreadcrumbList","@id":"https:\/\/recherche-bundesarchiv.de\/#breadcrumb","itemListElement":[{"@type":"ListItem","position":1,"name":"Home","item":"https:\/\/recherche-bundesarchiv.de\/"},{"@type":"ListItem","position":2,"name":"Startseite"}]},{"@type":"WebSite","@id":"https:\/\/recherche-bundesarchiv.de\/#website","url":"https:\/\/recherche-bundesarchiv.de\/","name":"Servicio de Investigaci\u00f3n Archivos Federales de Berl\u00edn","description":"Investigaci\u00f3n Archivo Federal de Berl\u00edn","publisher":{"@id":"https:\/\/recherche-bundesarchiv.de\/#organization"},"potentialAction":[{"@type":"SearchAction","target":{"@type":"EntryPoint","urlTemplate":"https:\/\/recherche-bundesarchiv.de\/?s={search_term_string}"},"query-input":{"@type":"PropertyValueSpecification","valueRequired":true,"valueName":"search_term_string"}}],"inLanguage":"es"},{"@type":"Organization","@id":"https:\/\/recherche-bundesarchiv.de\/#organization","name":"Servicio de Investigaci\u00f3n Archivos Federales de Berl\u00edn","url":"https:\/\/recherche-bundesarchiv.de\/","logo":{"@type":"ImageObject","inLanguage":"es","@id":"https:\/\/recherche-bundesarchiv.de\/#\/schema\/logo\/image\/","url":"https:\/\/recherche-bundesarchiv.de\/wp-content\/uploads\/2021\/11\/cropped-ad-acta-recherchen-bundesarchiv-logo@2x.png","contentUrl":"https:\/\/recherche-bundesarchiv.de\/wp-content\/uploads\/2021\/11\/cropped-ad-acta-recherchen-bundesarchiv-logo@2x.png","width":374,"height":102,"caption":"Recherchedienst Bundesarchiv Berlin"},"image":{"@id":"https:\/\/recherche-bundesarchiv.de\/#\/schema\/logo\/image\/"}}]}},"_links":{"self":[{"href":"https:\/\/recherche-bundesarchiv.de\/es\/wp-json\/wp\/v2\/pages\/22","targetHints":{"allow":["GET"]}}],"collection":[{"href":"https:\/\/recherche-bundesarchiv.de\/es\/wp-json\/wp\/v2\/pages"}],"about":[{"href":"https:\/\/recherche-bundesarchiv.de\/es\/wp-json\/wp\/v2\/types\/page"}],"author":[{"embeddable":true,"href":"https:\/\/recherche-bundesarchiv.de\/es\/wp-json\/wp\/v2\/users\/1"}],"replies":[{"embeddable":true,"href":"https:\/\/recherche-bundesarchiv.de\/es\/wp-json\/wp\/v2\/comments?post=22"}],"version-history":[{"count":11,"href":"https:\/\/recherche-bundesarchiv.de\/es\/wp-json\/wp\/v2\/pages\/22\/revisions"}],"predecessor-version":[{"id":11852,"href":"https:\/\/recherche-bundesarchiv.de\/es\/wp-json\/wp\/v2\/pages\/22\/revisions\/11852"}],"wp:attachment":[{"href":"https:\/\/recherche-bundesarchiv.de\/es\/wp-json\/wp\/v2\/media?parent=22"}],"curies":[{"name":"wp","href":"https:\/\/api.w.org\/{rel}","templated":true}]}}