{"id":101,"date":"2021-11-01T13:45:46","date_gmt":"2021-11-01T12:45:46","guid":{"rendered":"https:\/\/bundesarchiv.wa-dev.de\/?page_id=101"},"modified":"2026-02-08T20:51:26","modified_gmt":"2026-02-08T19:51:26","slug":"bundesarchiv-familienforschung","status":"publish","type":"page","link":"https:\/\/recherche-bundesarchiv.de\/es\/genealogia\/","title":{"rendered":"Genealog\u00eda"},"content":{"rendered":"<h1>\n\t\tInvestigaci\u00f3n geneal\u00f3gica en los Archivos Federales \n\t<\/h1>\n\tLa investigaci\u00f3n familiar es un proceso exhaustivo de cotejo de datos.<br \/>\nEn el proceso, cada b\u00fasqueda puede confirmar, actualizar o ampliar la informaci\u00f3n ya disponible.<br \/>\nAd Acta Recherchen no s\u00f3lo le apoya en la b\u00fasqueda de documentos personales en los Archivos Federales. Adem\u00e1s, buscamos rastros de la tradici\u00f3n en los archivos tem\u00e1ticos.\n\t<h3>\u00bfQu\u00e9 son los documentos personales?<\/h3>\n\t<p>Se trata de documentos que contienen datos de al menos una persona f\u00edsica. Est\u00e1n sujetos a un periodo de protecci\u00f3n especial de 100 a\u00f1os. El periodo comienza con el a\u00f1o de nacimiento de la(s) persona(s) en cuesti\u00f3n si no puede determinarse la fecha de fallecimiento. No obstante, el periodo de protecci\u00f3n puede acortarse previa solicitud, por ejemplo si -como en el caso de la investigaci\u00f3n familiar- puede demostrarse un inter\u00e9s leg\u00edtimo. La base del periodo de protecci\u00f3n es el <a href=\"https:\/\/www.gesetze-im-internet.de\/barchg_2017\/__11.html\">\u00a7 Art\u00edculo 11 de la Ley Federal de Archivos<\/a>.<\/p>\n\t<h3>\u00bfQu\u00e9 son los archivos tem\u00e1ticos?<\/h3>\n\t<p>Los expedientes tem\u00e1ticos son documentos asignados a una materia. Seg\u00fan la tradici\u00f3n, estos expedientes tienen fondos propios o est\u00e1n integrados en fondos tem\u00e1ticamente similares. Si no existe ninguna otra normativa, por ejemplo, disposiciones sobre secreto, el periodo de protecci\u00f3n de los archivos tem\u00e1ticos finaliza a los 30 a\u00f1os. Tambi\u00e9n en este caso el fundamento es el art\u00edculo 11 de la Ley Federal de Archivos. Aqu\u00ed encontrar\u00e1 ejemplos de ficheros tem\u00e1ticos que pueden ser \u00fatiles para la investigaci\u00f3n familiar en los Archivos Federales (<a href=\"https:\/\/recherche-bundesarchiv.de\/es\/pagina-de-inicio\/\">Ejemplo de reasentamiento<\/a>).<\/p>\n\t<iframe loading=\"lazy\" width=\"560\" height=\"315\" src=\"https:\/\/www.youtube.com\/embed\/oEFBYj5lwrU\" title=\"Reproductor de v\u00eddeo de YouTube\" frameborder=\"0\" allow=\"accelerometer; autoplay; clipboard-write; encrypted-media; gyroscope; picture-in-picture\" allowfullscreen><\/iframe>\n<h2>\n\t\tAyudas para la investigaci\u00f3n familiar en los Archivos Federales\n\t<\/h2>\n\t<p>Para la b\u00fasqueda de datos se dispone de varios medios para la investigaci\u00f3n geneal\u00f3gica en Berl\u00edn-Lichterfelde.<\/p>\n\t\n\t<p>Informaci\u00f3n sobre el material de archivo<\/p>\n\t<p>Informaci\u00f3n parcialmente obsoleta<\/p>\n\t\n\t<p>Informaci\u00f3n para la investigaci\u00f3n familiar<\/p>\n\t<p>A menudo hay que buscar manualmente<\/p>\n\t\n\t<p>Informaci\u00f3n digital sobre el material de archivo<\/p>\n\t<p>S\u00f3lo accesible en los Archivos Federales con todos los permisos<\/p>","protected":false},"excerpt":{"rendered":"<p>Familienforschung im Bundesarchiv Familienforschung ist ein umfassender Datenabgleich. Dabei kann jede Recherche die bereits vorhandenen Informationen best\u00e4tigen, aktualisieren oder erweitern. Ad Acta Recherchen unterst\u00fctzt Sie nicht nur bei Ihrer Suche nach personenbezogenen Dokumenten im Bundesarchiv. Dar\u00fcber hinaus recherchieren wir in Sachakten nach Spuren der \u00dcberlieferung. Was sind personenbezogene Dokumente? Es handelt sich um Dokumente, die [&hellip;]<\/p>\n","protected":false},"author":1,"featured_media":0,"parent":0,"menu_order":0,"comment_status":"closed","ping_status":"closed","template":"","meta":{"ocean_post_layout":"full-screen","ocean_both_sidebars_style":"","ocean_both_sidebars_content_width":0,"ocean_both_sidebars_sidebars_width":0,"ocean_sidebar":"0","ocean_second_sidebar":"0","ocean_disable_margins":"enable","ocean_add_body_class":"","ocean_shortcode_before_top_bar":"","ocean_shortcode_after_top_bar":"","ocean_shortcode_before_header":"","ocean_shortcode_after_header":"","ocean_has_shortcode":"","ocean_shortcode_after_title":"","ocean_shortcode_before_footer_widgets":"","ocean_shortcode_after_footer_widgets":"","ocean_shortcode_before_footer_bottom":"","ocean_shortcode_after_footer_bottom":"","ocean_display_top_bar":"default","ocean_display_header":"default","ocean_header_style":"","ocean_center_header_left_menu":"0","ocean_custom_header_template":"0","ocean_custom_logo":0,"ocean_custom_retina_logo":0,"ocean_custom_logo_max_width":0,"ocean_custom_logo_tablet_max_width":0,"ocean_custom_logo_mobile_max_width":0,"ocean_custom_logo_max_height":0,"ocean_custom_logo_tablet_max_height":0,"ocean_custom_logo_mobile_max_height":0,"ocean_header_custom_menu":"0","ocean_menu_typo_font_family":"0","ocean_menu_typo_font_subset":"","ocean_menu_typo_font_size":0,"ocean_menu_typo_font_size_tablet":0,"ocean_menu_typo_font_size_mobile":0,"ocean_menu_typo_font_size_unit":"px","ocean_menu_typo_font_weight":"","ocean_menu_typo_font_weight_tablet":"","ocean_menu_typo_font_weight_mobile":"","ocean_menu_typo_transform":"","ocean_menu_typo_transform_tablet":"","ocean_menu_typo_transform_mobile":"","ocean_menu_typo_line_height":0,"ocean_menu_typo_line_height_tablet":0,"ocean_menu_typo_line_height_mobile":0,"ocean_menu_typo_line_height_unit":"","ocean_menu_typo_spacing":0,"ocean_menu_typo_spacing_tablet":0,"ocean_menu_typo_spacing_mobile":0,"ocean_menu_typo_spacing_unit":"","ocean_menu_link_color":"","ocean_menu_link_color_hover":"","ocean_menu_link_color_active":"","ocean_menu_link_background":"","ocean_menu_link_hover_background":"","ocean_menu_link_active_background":"","ocean_menu_social_links_bg":"","ocean_menu_social_hover_links_bg":"","ocean_menu_social_links_color":"","ocean_menu_social_hover_links_color":"","ocean_disable_title":"on","ocean_disable_heading":"default","ocean_post_title":"","ocean_post_subheading":"","ocean_post_title_style":"","ocean_post_title_background_color":"","ocean_post_title_background":0,"ocean_post_title_bg_image_position":"","ocean_post_title_bg_image_attachment":"","ocean_post_title_bg_image_repeat":"","ocean_post_title_bg_image_size":"","ocean_post_title_height":0,"ocean_post_title_bg_overlay":0.5,"ocean_post_title_bg_overlay_color":"","ocean_disable_breadcrumbs":"default","ocean_breadcrumbs_color":"","ocean_breadcrumbs_separator_color":"","ocean_breadcrumbs_links_color":"","ocean_breadcrumbs_links_hover_color":"","ocean_display_footer_widgets":"default","ocean_display_footer_bottom":"default","ocean_custom_footer_template":"0","footnotes":""},"class_list":["post-101","page","type-page","status-publish","hentry","entry"],"yoast_head":"<!-- This site is optimized with the Yoast SEO plugin v27.4 - https:\/\/yoast.com\/product\/yoast-seo-wordpress\/ -->\n<title>Familienforschung im Bundesarchiv<\/title>\n<meta name=\"description\" content=\"Familienforschung im Bundesarchiv - Recherche nach personenbezogenen Dokumenten | Weimarer Republik, NS-Zeit, DDR | Akten, Bilder, Filme\" \/>\n<meta name=\"robots\" content=\"index, follow, max-snippet:-1, max-image-preview:large, max-video-preview:-1\" \/>\n<link rel=\"canonical\" href=\"https:\/\/recherche-bundesarchiv.de\/es\/genealogia\/\" \/>\n<meta property=\"og:locale\" content=\"es_ES\" \/>\n<meta property=\"og:type\" content=\"article\" \/>\n<meta property=\"og:title\" content=\"Familienforschung im Bundesarchiv\" \/>\n<meta property=\"og:description\" content=\"Familienforschung im Bundesarchiv - Recherche nach personenbezogenen Dokumenten | Weimarer Republik, NS-Zeit, DDR | Akten, Bilder, Filme\" \/>\n<meta property=\"og:url\" content=\"https:\/\/recherche-bundesarchiv.de\/es\/genealogia\/\" \/>\n<meta property=\"og:site_name\" content=\"Recherchedienst Bundesarchiv Berlin\" \/>\n<meta property=\"article:modified_time\" content=\"2026-02-08T19:51:26+00:00\" \/>\n<meta name=\"twitter:card\" content=\"summary_large_image\" \/>\n<meta name=\"twitter:label1\" content=\"Tiempo de lectura\" \/>\n\t<meta name=\"twitter:data1\" content=\"2 minutos\" \/>\n<script type=\"application\/ld+json\" class=\"yoast-schema-graph\">{\"@context\":\"https:\\\/\\\/schema.org\",\"@graph\":[{\"@type\":\"WebPage\",\"@id\":\"https:\\\/\\\/recherche-bundesarchiv.de\\\/bundesarchiv-familienforschung\\\/\",\"url\":\"https:\\\/\\\/recherche-bundesarchiv.de\\\/bundesarchiv-familienforschung\\\/\",\"name\":\"Familienforschung im Bundesarchiv\",\"isPartOf\":{\"@id\":\"https:\\\/\\\/recherche-bundesarchiv.de\\\/#website\"},\"datePublished\":\"2021-11-01T12:45:46+00:00\",\"dateModified\":\"2026-02-08T19:51:26+00:00\",\"description\":\"Familienforschung im Bundesarchiv - Recherche nach personenbezogenen Dokumenten | Weimarer Republik, NS-Zeit, DDR | Akten, Bilder, Filme\",\"breadcrumb\":{\"@id\":\"https:\\\/\\\/recherche-bundesarchiv.de\\\/bundesarchiv-familienforschung\\\/#breadcrumb\"},\"inLanguage\":\"es\",\"potentialAction\":[{\"@type\":\"ReadAction\",\"target\":[\"https:\\\/\\\/recherche-bundesarchiv.de\\\/bundesarchiv-familienforschung\\\/\"]}]},{\"@type\":\"BreadcrumbList\",\"@id\":\"https:\\\/\\\/recherche-bundesarchiv.de\\\/bundesarchiv-familienforschung\\\/#breadcrumb\",\"itemListElement\":[{\"@type\":\"ListItem\",\"position\":1,\"name\":\"Home\",\"item\":\"https:\\\/\\\/recherche-bundesarchiv.de\\\/\"},{\"@type\":\"ListItem\",\"position\":2,\"name\":\"Familienforschung\"}]},{\"@type\":\"WebSite\",\"@id\":\"https:\\\/\\\/recherche-bundesarchiv.de\\\/#website\",\"url\":\"https:\\\/\\\/recherche-bundesarchiv.de\\\/\",\"name\":\"Recherchedienst Bundesarchiv Berlin\",\"description\":\"Recherche Bundesarchiv Berlin\",\"publisher\":{\"@id\":\"https:\\\/\\\/recherche-bundesarchiv.de\\\/#organization\"},\"potentialAction\":[{\"@type\":\"SearchAction\",\"target\":{\"@type\":\"EntryPoint\",\"urlTemplate\":\"https:\\\/\\\/recherche-bundesarchiv.de\\\/?s={search_term_string}\"},\"query-input\":{\"@type\":\"PropertyValueSpecification\",\"valueRequired\":true,\"valueName\":\"search_term_string\"}}],\"inLanguage\":\"es\"},{\"@type\":\"Organization\",\"@id\":\"https:\\\/\\\/recherche-bundesarchiv.de\\\/#organization\",\"name\":\"Recherchedienst Bundesarchiv Berlin\",\"url\":\"https:\\\/\\\/recherche-bundesarchiv.de\\\/\",\"logo\":{\"@type\":\"ImageObject\",\"inLanguage\":\"es\",\"@id\":\"https:\\\/\\\/recherche-bundesarchiv.de\\\/#\\\/schema\\\/logo\\\/image\\\/\",\"url\":\"https:\\\/\\\/recherche-bundesarchiv.de\\\/wp-content\\\/uploads\\\/2021\\\/11\\\/cropped-ad-acta-recherchen-bundesarchiv-logo@2x.png\",\"contentUrl\":\"https:\\\/\\\/recherche-bundesarchiv.de\\\/wp-content\\\/uploads\\\/2021\\\/11\\\/cropped-ad-acta-recherchen-bundesarchiv-logo@2x.png\",\"width\":374,\"height\":102,\"caption\":\"Recherchedienst Bundesarchiv Berlin\"},\"image\":{\"@id\":\"https:\\\/\\\/recherche-bundesarchiv.de\\\/#\\\/schema\\\/logo\\\/image\\\/\"}}]}<\/script>\n<!-- \/ Yoast SEO plugin. -->","yoast_head_json":{"title":"Investigaci\u00f3n geneal\u00f3gica en los Archivos Federales","description":"Investigaci\u00f3n geneal\u00f3gica en el Archivo Federal - B\u00fasqueda de documentos personales | Rep\u00fablica de Weimar, \u00e9poca nacionalsocialista, RDA | Archivos, fotos, pel\u00edculas","robots":{"index":"index","follow":"follow","max-snippet":"max-snippet:-1","max-image-preview":"max-image-preview:large","max-video-preview":"max-video-preview:-1"},"canonical":"https:\/\/recherche-bundesarchiv.de\/es\/genealogia\/","og_locale":"es_ES","og_type":"article","og_title":"Familienforschung im Bundesarchiv","og_description":"Familienforschung im Bundesarchiv - Recherche nach personenbezogenen Dokumenten | Weimarer Republik, NS-Zeit, DDR | Akten, Bilder, Filme","og_url":"https:\/\/recherche-bundesarchiv.de\/es\/genealogia\/","og_site_name":"Recherchedienst Bundesarchiv Berlin","article_modified_time":"2026-02-08T19:51:26+00:00","twitter_card":"summary_large_image","twitter_misc":{"Tiempo de lectura":"2 minutos"},"schema":{"@context":"https:\/\/schema.org","@graph":[{"@type":"WebPage","@id":"https:\/\/recherche-bundesarchiv.de\/bundesarchiv-familienforschung\/","url":"https:\/\/recherche-bundesarchiv.de\/bundesarchiv-familienforschung\/","name":"Investigaci\u00f3n geneal\u00f3gica en los Archivos Federales","isPartOf":{"@id":"https:\/\/recherche-bundesarchiv.de\/#website"},"datePublished":"2021-11-01T12:45:46+00:00","dateModified":"2026-02-08T19:51:26+00:00","description":"Investigaci\u00f3n geneal\u00f3gica en el Archivo Federal - B\u00fasqueda de documentos personales | Rep\u00fablica de Weimar, \u00e9poca nacionalsocialista, RDA | Archivos, fotos, pel\u00edculas","breadcrumb":{"@id":"https:\/\/recherche-bundesarchiv.de\/bundesarchiv-familienforschung\/#breadcrumb"},"inLanguage":"es","potentialAction":[{"@type":"ReadAction","target":["https:\/\/recherche-bundesarchiv.de\/bundesarchiv-familienforschung\/"]}]},{"@type":"BreadcrumbList","@id":"https:\/\/recherche-bundesarchiv.de\/bundesarchiv-familienforschung\/#breadcrumb","itemListElement":[{"@type":"ListItem","position":1,"name":"Home","item":"https:\/\/recherche-bundesarchiv.de\/"},{"@type":"ListItem","position":2,"name":"Familienforschung"}]},{"@type":"WebSite","@id":"https:\/\/recherche-bundesarchiv.de\/#website","url":"https:\/\/recherche-bundesarchiv.de\/","name":"Servicio de Investigaci\u00f3n Archivos Federales de Berl\u00edn","description":"Investigaci\u00f3n Archivo Federal de Berl\u00edn","publisher":{"@id":"https:\/\/recherche-bundesarchiv.de\/#organization"},"potentialAction":[{"@type":"SearchAction","target":{"@type":"EntryPoint","urlTemplate":"https:\/\/recherche-bundesarchiv.de\/?s={search_term_string}"},"query-input":{"@type":"PropertyValueSpecification","valueRequired":true,"valueName":"search_term_string"}}],"inLanguage":"es"},{"@type":"Organization","@id":"https:\/\/recherche-bundesarchiv.de\/#organization","name":"Servicio de Investigaci\u00f3n Archivos Federales de Berl\u00edn","url":"https:\/\/recherche-bundesarchiv.de\/","logo":{"@type":"ImageObject","inLanguage":"es","@id":"https:\/\/recherche-bundesarchiv.de\/#\/schema\/logo\/image\/","url":"https:\/\/recherche-bundesarchiv.de\/wp-content\/uploads\/2021\/11\/cropped-ad-acta-recherchen-bundesarchiv-logo@2x.png","contentUrl":"https:\/\/recherche-bundesarchiv.de\/wp-content\/uploads\/2021\/11\/cropped-ad-acta-recherchen-bundesarchiv-logo@2x.png","width":374,"height":102,"caption":"Recherchedienst Bundesarchiv Berlin"},"image":{"@id":"https:\/\/recherche-bundesarchiv.de\/#\/schema\/logo\/image\/"}}]}},"_links":{"self":[{"href":"https:\/\/recherche-bundesarchiv.de\/es\/wp-json\/wp\/v2\/pages\/101","targetHints":{"allow":["GET"]}}],"collection":[{"href":"https:\/\/recherche-bundesarchiv.de\/es\/wp-json\/wp\/v2\/pages"}],"about":[{"href":"https:\/\/recherche-bundesarchiv.de\/es\/wp-json\/wp\/v2\/types\/page"}],"author":[{"embeddable":true,"href":"https:\/\/recherche-bundesarchiv.de\/es\/wp-json\/wp\/v2\/users\/1"}],"replies":[{"embeddable":true,"href":"https:\/\/recherche-bundesarchiv.de\/es\/wp-json\/wp\/v2\/comments?post=101"}],"version-history":[{"count":27,"href":"https:\/\/recherche-bundesarchiv.de\/es\/wp-json\/wp\/v2\/pages\/101\/revisions"}],"predecessor-version":[{"id":1014,"href":"https:\/\/recherche-bundesarchiv.de\/es\/wp-json\/wp\/v2\/pages\/101\/revisions\/1014"}],"wp:attachment":[{"href":"https:\/\/recherche-bundesarchiv.de\/es\/wp-json\/wp\/v2\/media?parent=101"}],"curies":[{"name":"wp","href":"https:\/\/api.w.org\/{rel}","templated":true}]}}