{"id":22,"date":"2021-02-12T09:29:57","date_gmt":"2021-02-12T08:29:57","guid":{"rendered":"https:\/\/bundesarchiv.wa-dev.de\/?page_id=22"},"modified":"2026-02-03T18:41:54","modified_gmt":"2026-02-03T17:41:54","slug":"startseite","status":"publish","type":"page","link":"https:\/\/recherche-bundesarchiv.de\/en\/","title":{"rendered":"Homepage"},"content":{"rendered":"<h1>\n\t\t\tFederal Archive Research\t<\/h1>\n\tAre you looking for traces of your family history? Are you researching historical people, places and events?<br \/>\nMore than 400 km of archive material are waiting for your request in the Federal Archives.\n<h2>\n\t\t\tFive simple steps to the result of the search\t<\/h2>\n\t1\n\t<p>SUBMIT A FREE ENQUIRY VIA THE ENQUIRY FORM<\/p>\n\t2\n\t<p>CONFIRM ORDER<\/p>\n\t3\n\t<p>VIEW BRIEF REPORT<\/p>\n\t4\n\t<p>SETTLE INVOICE AMOUNT<\/p>\n\t5\n\t<p>PRESERVE AGREED ARCHIVAL MATERIALS (COPIES, DIGITAL COPIES)<\/p>\n\t\t\t<a href=\"#anfrage\"  target=\"_self\">\n\t\t\t\t\t\t\tFREE REQUEST\n\t\t\t\t\t<\/a>\n<h2>\n\t\t\tFederal Archive Research: Why commission Ad Acta?\t<\/h2>\n\t<p>Save time, money &amp; nerves<\/p>\n\t<p>Travel and accommodation costs, time-consuming familiarisation with the holdings and finding aids of the Federal Archives are eliminated.<\/p>\n\t<p>Search steps can be adapted to ongoing processes<\/p>\n\t<p>Transcriptions of handwritten documents and digitisation of archival materials give you easy access to documents.<\/p>\n\t<p>Get expertise<\/p>\n\t<p>Ad Acta geht sicher und schnell mit dem Findmitteln &#038; Archivgut um<\/p>\n\t- Subject areas -<br \/>\nGerman Reich - 1871-1918<br \/>\nWeimar Republic - 1918-1933<br \/>\nNational Socialism - 1933-1945<br \/>\nSBZ - 1945-1949<br \/>\nDDR - 1949-1989\n\t<p>More on request<\/p>\n\t<p>Create prospects<\/p>\n\t<p>Ad Acta searches can view non-public material with the appropriate clearance from the Federal Archives<\/p>\n\t<p>Collect your archive material, digitally process it<\/p>\n\t<p>Accompany, check or expand your ongoing research.<\/p>\n\t\t\t\t\t<a role=\"heading\" aria-level=\"2\" tabindex=\"-1\"  id=\"fl-accordion--label-0\">Worth knowing<\/a>\n\t\t\t\t\t\t\t\t\t\t\t<button type=\"button\" id=\"fl-accordion--icon-0\" aria-expanded=\"true\" aria-controls=\"fl-accordion--panel-0\"><i>Collapse<\/i><\/button>\n\t\t\t\t\t<p>Ad Acta Recherchen is a private research service that works with materials from the Federal Archives and is subject to the relevant legal provisions. As an independent federal authority, the Federal Archives is under the official and professional supervision of the<a href=\"https:\/\/www.bundesregierung.de\/breg-de\/bundesregierung\/staatsministerin-fuer-kultur-und-medien\" target=\"_blank\" rel=\"noopener\"> Federal Government Commissioner for Media and Culture<\/a>. Seit 2025 ist <a href=\"https:\/\/de.wikipedia.org\/wiki\/Wolfram_Weimer\">Wolfram Weimer<\/a> der Beauftragte f\u00fcr Medien und Kultur der Bundesregierung. Die gesetzlichen Grundlagen allen Handelns sind im <a href=\"https:\/\/www.bundesarchiv.de\/DE\/Content\/Artikel\/Ueber-uns\/Rechtsgrundlagen\/rechtsgrundlagen_bundesarchivgesetz.html\" target=\"_blank\" rel=\"noopener\">Federal Archives Act<\/a> (BArchG) geregelt, das erstmalig am 6. Januar 1988 in Kraft trat und vom Deutschen Bundestag im Jahr 2017 neu beschlossen wurde. Gr\u00f6\u00dfere \u00c4nderungen erfolgten beispielsweise im Dezember 2018 mit der Eingliederung der Deutschen Dienststelle f\u00fcr die Benachrichtigung der n\u00e4chsten Angeh\u00f6rigen von Gefallenen der ehemaligen Deutschen Wehrmacht (WASt) oder im April 2021 mit der Integration der Stasi-Unterlagen in das Bundesarchiv.<\/p>","protected":false},"excerpt":{"rendered":"<p>Bundesarchiv Recherche Suchen Sie nach Spuren Ihrer Familiengeschichte? Recherchieren Sie nach historischen Personen, Orten und Ereignissen? Im Bundesarchiv warten \u00fcber 400 km Archivgut auf Ihre Anfrage. In f\u00fcnf einfachen Schritten zum Ergebnis der Recherche 1 KOSTENFREIE ANFRAGE \u00dcBER DAS ANFRAGEFORMULAR STELLEN 2 AUFTRAG BEST\u00c4TIGEN 3 KURZ-BERICHT EINSEHEN 4 RECHNUNGSBETRAG AUSGLEICHEN 5 VEREINBARTES ARCHIVGUT (KOPIEN, DIGITALISATE) [&hellip;]<\/p>\n","protected":false},"author":1,"featured_media":0,"parent":0,"menu_order":0,"comment_status":"closed","ping_status":"closed","template":"","meta":{"ocean_post_layout":"full-screen","ocean_both_sidebars_style":"","ocean_both_sidebars_content_width":0,"ocean_both_sidebars_sidebars_width":0,"ocean_sidebar":"0","ocean_second_sidebar":"0","ocean_disable_margins":"enable","ocean_add_body_class":"","ocean_shortcode_before_top_bar":"","ocean_shortcode_after_top_bar":"","ocean_shortcode_before_header":"","ocean_shortcode_after_header":"","ocean_has_shortcode":"","ocean_shortcode_after_title":"","ocean_shortcode_before_footer_widgets":"","ocean_shortcode_after_footer_widgets":"","ocean_shortcode_before_footer_bottom":"","ocean_shortcode_after_footer_bottom":"","ocean_display_top_bar":"default","ocean_display_header":"default","ocean_header_style":"","ocean_center_header_left_menu":"0","ocean_custom_header_template":"0","ocean_custom_logo":0,"ocean_custom_retina_logo":0,"ocean_custom_logo_max_width":0,"ocean_custom_logo_tablet_max_width":0,"ocean_custom_logo_mobile_max_width":0,"ocean_custom_logo_max_height":0,"ocean_custom_logo_tablet_max_height":0,"ocean_custom_logo_mobile_max_height":0,"ocean_header_custom_menu":"0","ocean_menu_typo_font_family":"0","ocean_menu_typo_font_subset":"","ocean_menu_typo_font_size":0,"ocean_menu_typo_font_size_tablet":0,"ocean_menu_typo_font_size_mobile":0,"ocean_menu_typo_font_size_unit":"px","ocean_menu_typo_font_weight":"","ocean_menu_typo_font_weight_tablet":"","ocean_menu_typo_font_weight_mobile":"","ocean_menu_typo_transform":"","ocean_menu_typo_transform_tablet":"","ocean_menu_typo_transform_mobile":"","ocean_menu_typo_line_height":0,"ocean_menu_typo_line_height_tablet":0,"ocean_menu_typo_line_height_mobile":0,"ocean_menu_typo_line_height_unit":"","ocean_menu_typo_spacing":0,"ocean_menu_typo_spacing_tablet":0,"ocean_menu_typo_spacing_mobile":0,"ocean_menu_typo_spacing_unit":"","ocean_menu_link_color":"","ocean_menu_link_color_hover":"","ocean_menu_link_color_active":"","ocean_menu_link_background":"","ocean_menu_link_hover_background":"","ocean_menu_link_active_background":"","ocean_menu_social_links_bg":"","ocean_menu_social_hover_links_bg":"","ocean_menu_social_links_color":"","ocean_menu_social_hover_links_color":"","ocean_disable_title":"on","ocean_disable_heading":"default","ocean_post_title":"","ocean_post_subheading":"","ocean_post_title_style":"","ocean_post_title_background_color":"","ocean_post_title_background":0,"ocean_post_title_bg_image_position":"","ocean_post_title_bg_image_attachment":"","ocean_post_title_bg_image_repeat":"","ocean_post_title_bg_image_size":"","ocean_post_title_height":0,"ocean_post_title_bg_overlay":0.5,"ocean_post_title_bg_overlay_color":"","ocean_disable_breadcrumbs":"default","ocean_breadcrumbs_color":"","ocean_breadcrumbs_separator_color":"","ocean_breadcrumbs_links_color":"","ocean_breadcrumbs_links_hover_color":"","ocean_display_footer_widgets":"default","ocean_display_footer_bottom":"default","ocean_custom_footer_template":"0","footnotes":""},"class_list":["post-22","page","type-page","status-publish","hentry","entry"],"yoast_head":"<!-- This site is optimized with the Yoast SEO plugin v27.4 - https:\/\/yoast.com\/product\/yoast-seo-wordpress\/ -->\n<title>Bundesarchiv Recherche<\/title>\n<meta name=\"description\" content=\"Kostenfreie Anfrage \u2714 - Historische Personen, Orte &amp; Ereignisse - Recherche Bundesarchiv | Weimarer Republik \u2714 NS-Zeit \u2714 DDR \u2714\" \/>\n<meta name=\"robots\" content=\"index, follow, max-snippet:-1, max-image-preview:large, max-video-preview:-1\" \/>\n<link rel=\"canonical\" href=\"https:\/\/recherche-bundesarchiv.de\/en\/\" \/>\n<meta property=\"og:locale\" content=\"en_GB\" \/>\n<meta property=\"og:type\" content=\"article\" \/>\n<meta property=\"og:title\" content=\"Bundesarchiv Recherche\" \/>\n<meta property=\"og:description\" content=\"Kostenfreie Anfrage \u2714 - Historische Personen, Orte &amp; Ereignisse - Recherche Bundesarchiv | Weimarer Republik \u2714 NS-Zeit \u2714 DDR \u2714\" \/>\n<meta property=\"og:url\" content=\"https:\/\/recherche-bundesarchiv.de\/en\/\" \/>\n<meta property=\"og:site_name\" content=\"Recherchedienst Bundesarchiv Berlin\" \/>\n<meta property=\"article:modified_time\" content=\"2026-02-03T17:41:54+00:00\" \/>\n<meta name=\"twitter:card\" content=\"summary_large_image\" \/>\n<meta name=\"twitter:label1\" content=\"Estimated reading time\" \/>\n\t<meta name=\"twitter:data1\" content=\"2 minutes\" \/>\n<script type=\"application\/ld+json\" class=\"yoast-schema-graph\">{\"@context\":\"https:\\\/\\\/schema.org\",\"@graph\":[{\"@type\":\"WebPage\",\"@id\":\"https:\\\/\\\/recherche-bundesarchiv.de\\\/\",\"url\":\"https:\\\/\\\/recherche-bundesarchiv.de\\\/\",\"name\":\"Bundesarchiv Recherche\",\"isPartOf\":{\"@id\":\"https:\\\/\\\/recherche-bundesarchiv.de\\\/#website\"},\"datePublished\":\"2021-02-12T08:29:57+00:00\",\"dateModified\":\"2026-02-03T17:41:54+00:00\",\"description\":\"Kostenfreie Anfrage \u2714 - Historische Personen, Orte & Ereignisse - Recherche Bundesarchiv | Weimarer Republik \u2714 NS-Zeit \u2714 DDR \u2714\",\"breadcrumb\":{\"@id\":\"https:\\\/\\\/recherche-bundesarchiv.de\\\/#breadcrumb\"},\"inLanguage\":\"en-GB\",\"potentialAction\":[{\"@type\":\"ReadAction\",\"target\":[\"https:\\\/\\\/recherche-bundesarchiv.de\\\/\"]}]},{\"@type\":\"BreadcrumbList\",\"@id\":\"https:\\\/\\\/recherche-bundesarchiv.de\\\/#breadcrumb\",\"itemListElement\":[{\"@type\":\"ListItem\",\"position\":1,\"name\":\"Home\",\"item\":\"https:\\\/\\\/recherche-bundesarchiv.de\\\/\"},{\"@type\":\"ListItem\",\"position\":2,\"name\":\"Startseite\"}]},{\"@type\":\"WebSite\",\"@id\":\"https:\\\/\\\/recherche-bundesarchiv.de\\\/#website\",\"url\":\"https:\\\/\\\/recherche-bundesarchiv.de\\\/\",\"name\":\"Recherchedienst Bundesarchiv Berlin\",\"description\":\"Recherche Bundesarchiv Berlin\",\"publisher\":{\"@id\":\"https:\\\/\\\/recherche-bundesarchiv.de\\\/#organization\"},\"potentialAction\":[{\"@type\":\"SearchAction\",\"target\":{\"@type\":\"EntryPoint\",\"urlTemplate\":\"https:\\\/\\\/recherche-bundesarchiv.de\\\/?s={search_term_string}\"},\"query-input\":{\"@type\":\"PropertyValueSpecification\",\"valueRequired\":true,\"valueName\":\"search_term_string\"}}],\"inLanguage\":\"en-GB\"},{\"@type\":\"Organization\",\"@id\":\"https:\\\/\\\/recherche-bundesarchiv.de\\\/#organization\",\"name\":\"Recherchedienst Bundesarchiv Berlin\",\"url\":\"https:\\\/\\\/recherche-bundesarchiv.de\\\/\",\"logo\":{\"@type\":\"ImageObject\",\"inLanguage\":\"en-GB\",\"@id\":\"https:\\\/\\\/recherche-bundesarchiv.de\\\/#\\\/schema\\\/logo\\\/image\\\/\",\"url\":\"https:\\\/\\\/recherche-bundesarchiv.de\\\/wp-content\\\/uploads\\\/2021\\\/11\\\/cropped-ad-acta-recherchen-bundesarchiv-logo@2x.png\",\"contentUrl\":\"https:\\\/\\\/recherche-bundesarchiv.de\\\/wp-content\\\/uploads\\\/2021\\\/11\\\/cropped-ad-acta-recherchen-bundesarchiv-logo@2x.png\",\"width\":374,\"height\":102,\"caption\":\"Recherchedienst Bundesarchiv Berlin\"},\"image\":{\"@id\":\"https:\\\/\\\/recherche-bundesarchiv.de\\\/#\\\/schema\\\/logo\\\/image\\\/\"}}]}<\/script>\n<!-- \/ Yoast SEO plugin. -->","yoast_head_json":{"title":"Federal Archive Research","description":"Free request \u2714 - Historical persons, places &amp; events - Research Federal Archives | Weimar Republic \u2714 National Socialist era \u2714 GDR \u2714","robots":{"index":"index","follow":"follow","max-snippet":"max-snippet:-1","max-image-preview":"max-image-preview:large","max-video-preview":"max-video-preview:-1"},"canonical":"https:\/\/recherche-bundesarchiv.de\/en\/","og_locale":"en_GB","og_type":"article","og_title":"Bundesarchiv Recherche","og_description":"Kostenfreie Anfrage \u2714 - Historische Personen, Orte & Ereignisse - Recherche Bundesarchiv | Weimarer Republik \u2714 NS-Zeit \u2714 DDR \u2714","og_url":"https:\/\/recherche-bundesarchiv.de\/en\/","og_site_name":"Recherchedienst Bundesarchiv Berlin","article_modified_time":"2026-02-03T17:41:54+00:00","twitter_card":"summary_large_image","twitter_misc":{"Estimated reading time":"2 minutes"},"schema":{"@context":"https:\/\/schema.org","@graph":[{"@type":"WebPage","@id":"https:\/\/recherche-bundesarchiv.de\/","url":"https:\/\/recherche-bundesarchiv.de\/","name":"Federal Archive Research","isPartOf":{"@id":"https:\/\/recherche-bundesarchiv.de\/#website"},"datePublished":"2021-02-12T08:29:57+00:00","dateModified":"2026-02-03T17:41:54+00:00","description":"Free request \u2714 - Historical persons, places &amp; events - Research Federal Archives | Weimar Republic \u2714 National Socialist era \u2714 GDR \u2714","breadcrumb":{"@id":"https:\/\/recherche-bundesarchiv.de\/#breadcrumb"},"inLanguage":"en-GB","potentialAction":[{"@type":"ReadAction","target":["https:\/\/recherche-bundesarchiv.de\/"]}]},{"@type":"BreadcrumbList","@id":"https:\/\/recherche-bundesarchiv.de\/#breadcrumb","itemListElement":[{"@type":"ListItem","position":1,"name":"Home","item":"https:\/\/recherche-bundesarchiv.de\/"},{"@type":"ListItem","position":2,"name":"Startseite"}]},{"@type":"WebSite","@id":"https:\/\/recherche-bundesarchiv.de\/#website","url":"https:\/\/recherche-bundesarchiv.de\/","name":"Research Service Federal Archives Berlin","description":"Research Federal Archive Berlin","publisher":{"@id":"https:\/\/recherche-bundesarchiv.de\/#organization"},"potentialAction":[{"@type":"SearchAction","target":{"@type":"EntryPoint","urlTemplate":"https:\/\/recherche-bundesarchiv.de\/?s={search_term_string}"},"query-input":{"@type":"PropertyValueSpecification","valueRequired":true,"valueName":"search_term_string"}}],"inLanguage":"en-GB"},{"@type":"Organization","@id":"https:\/\/recherche-bundesarchiv.de\/#organization","name":"Research Service Federal Archives Berlin","url":"https:\/\/recherche-bundesarchiv.de\/","logo":{"@type":"ImageObject","inLanguage":"en-GB","@id":"https:\/\/recherche-bundesarchiv.de\/#\/schema\/logo\/image\/","url":"https:\/\/recherche-bundesarchiv.de\/wp-content\/uploads\/2021\/11\/cropped-ad-acta-recherchen-bundesarchiv-logo@2x.png","contentUrl":"https:\/\/recherche-bundesarchiv.de\/wp-content\/uploads\/2021\/11\/cropped-ad-acta-recherchen-bundesarchiv-logo@2x.png","width":374,"height":102,"caption":"Recherchedienst Bundesarchiv Berlin"},"image":{"@id":"https:\/\/recherche-bundesarchiv.de\/#\/schema\/logo\/image\/"}}]}},"_links":{"self":[{"href":"https:\/\/recherche-bundesarchiv.de\/en\/wp-json\/wp\/v2\/pages\/22","targetHints":{"allow":["GET"]}}],"collection":[{"href":"https:\/\/recherche-bundesarchiv.de\/en\/wp-json\/wp\/v2\/pages"}],"about":[{"href":"https:\/\/recherche-bundesarchiv.de\/en\/wp-json\/wp\/v2\/types\/page"}],"author":[{"embeddable":true,"href":"https:\/\/recherche-bundesarchiv.de\/en\/wp-json\/wp\/v2\/users\/1"}],"replies":[{"embeddable":true,"href":"https:\/\/recherche-bundesarchiv.de\/en\/wp-json\/wp\/v2\/comments?post=22"}],"version-history":[{"count":11,"href":"https:\/\/recherche-bundesarchiv.de\/en\/wp-json\/wp\/v2\/pages\/22\/revisions"}],"predecessor-version":[{"id":11852,"href":"https:\/\/recherche-bundesarchiv.de\/en\/wp-json\/wp\/v2\/pages\/22\/revisions\/11852"}],"wp:attachment":[{"href":"https:\/\/recherche-bundesarchiv.de\/en\/wp-json\/wp\/v2\/media?parent=22"}],"curies":[{"name":"wp","href":"https:\/\/api.w.org\/{rel}","templated":true}]}}